{"id":644,"date":"2019-09-27T12:10:49","date_gmt":"2019-09-27T12:10:49","guid":{"rendered":"https:\/\/brothersacrossborders.com\/tr\/?page_id=644"},"modified":"2020-02-20T11:56:45","modified_gmt":"2020-02-20T11:56:45","slug":"about","status":"publish","type":"page","link":"https:\/\/brothersacrossborders.com\/tr\/about\/","title":{"rendered":"About"},"content":{"rendered":"<p>[vc_row css_animation=&#8221;&#8221; row_type=&#8221;row&#8221; use_row_as_full_screen_section=&#8221;no&#8221; type=&#8221;full_width&#8221; angled_section=&#8221;no&#8221; text_align=&#8221;left&#8221; background_image_as_pattern=&#8221;without_pattern&#8221;][vc_column][vc_empty_space height=&#8221;70px&#8221;][\/vc_column][\/vc_row][vc_row css_animation=&#8221;&#8221; row_type=&#8221;row&#8221; use_row_as_full_screen_section=&#8221;no&#8221; type=&#8221;full_width&#8221; angled_section=&#8221;no&#8221; text_align=&#8221;left&#8221; background_image_as_pattern=&#8221;without_pattern&#8221;][vc_column][vc_single_image image=&#8221;706&#8243; img_size=&#8221;full&#8221; alignment=&#8221;center&#8221; qode_css_animation=&#8221;&#8221; css=&#8221;.vc_custom_1582190791098{padding-right: 40px !important;padding-left: 40px !important;}&#8221;][vc_empty_space height=&#8221;40px&#8221;][\/vc_column][\/vc_row][vc_row css_animation=&#8221;&#8221; row_type=&#8221;row&#8221; use_row_as_full_screen_section=&#8221;no&#8221; type=&#8221;full_width&#8221; angled_section=&#8221;no&#8221; text_align=&#8221;left&#8221; background_image_as_pattern=&#8221;without_pattern&#8221;][vc_column width=&#8221;1\/2&#8243;][vc_single_image image=&#8221;537&#8243; img_size=&#8221;large&#8221; alignment=&#8221;center&#8221; qode_css_animation=&#8221;&#8221;][\/vc_column][vc_column width=&#8221;1\/2&#8243;][vc_empty_space height=&#8221;30px&#8221;][vc_column_text]<\/p>\n<p style=\"text-align: left;\"><span style=\"font-weight: 400;\">\u201cBrothers Across Borders\u201d filmi Suriye ve T\u00fcrkiye&#8217;de ge\u00e7en interaktif bir filmdir. \u0130lgi \u00e7ekici ve yakalay\u0131c\u0131 bir tarzda, bu co\u011frafyalarda ya\u015fayan insanlar\u0131n ya\u015fam ko\u015fullar\u0131n\u0131 ve yapmak zorunda olduklar\u0131 se\u00e7imleri anlat\u0131r. Film, Madad Projesinin bir par\u00e7as\u0131 olarak Laban Stories for Red Cross taraf\u0131ndan \u00e7ekildi.<\/span><\/p>\n<p>&nbsp;<\/p>\n<p style=\"text-align: left;\"><span style=\"font-weight: 400;\">&#8220;Brothers Across Borders, okul \u00e7ocuklar\u0131 ve 12 ila 17 ya\u015f aras\u0131 \u00f6\u011frenciler i\u00e7in, g\u00f6rsel hikaye anlat\u0131m\u0131n\u0131 \u00e7oklu se\u00e7imlerden ve karar vermekten olu\u015fan oyun ile birle\u015ftirmeleri amac\u0131yla \u00fcretildi. Bu, \u00f6\u011frencilerin Suriyeli bir m\u00fcltecinin hayat\u0131n\u0131 deneyimlemesini sa\u011fl\u0131yor; \u00e7\u00fcnk\u00fc film onlar\u0131 Suriye ve T\u00fcrkiye&#8217;deki ger\u00e7ek yerlere g\u00f6t\u00fcr\u00fcyor. B\u00f6ylece, haberler ve kulaktan dolma bilgiler arac\u0131l\u0131\u011f\u0131yla onlar\u0131 duymak yerine, ger\u00e7ek ya\u015fam durumlar\u0131n\u0131 deneyimleyebiliyorlar.<\/span><\/p>\n<p>&nbsp;<\/p>\n<p style=\"text-align: left;\"><span style=\"font-weight: 400;\">Bu \u00fcr\u00fcn ile \u00f6\u011frencilerin merakl\u0131 olmas\u0131n\u0131, sorgulamas\u0131n\u0131 ve empati kurmas\u0131n\u0131 desteklemek istiyoruz. Bu \u00fcr\u00fcn\u00fcn, bu gibi durumlar\u0131 ya\u015fayan insanlar\u0131n daha iyi anla\u015f\u0131lmas\u0131na yard\u0131mc\u0131 olmas\u0131n\u0131 ve \u00f6\u011frencileri di\u011fer insanlara yard\u0131m etmek ve desteklemek i\u00e7in harekete ge\u00e7irmesini umut ediyoruz.<\/span><\/p>\n<p>[\/vc_column_text][\/vc_column][\/vc_row][vc_row css_animation=&#8221;&#8221; row_type=&#8221;row&#8221; use_row_as_full_screen_section=&#8221;no&#8221; type=&#8221;full_width&#8221; angled_section=&#8221;no&#8221; text_align=&#8221;left&#8221; background_image_as_pattern=&#8221;without_pattern&#8221;][vc_column][vc_empty_space height=&#8221;80px&#8221;][\/vc_column][vc_column][vc_column_text]<\/p>\n<p style=\"text-align: left;\"><span style=\"font-weight: 800;\">Suriye Krizine Yan\u0131t Olarak Avrupa Birli\u011fi B\u00f6lgesel G\u00fcven Fonu Hakk\u0131nda::<\/span><\/p>\n<p>[\/vc_column_text][vc_empty_space height=&#8221;30px&#8221;][\/vc_column][\/vc_row][vc_row css_animation=&#8221;&#8221; row_type=&#8221;row&#8221; use_row_as_full_screen_section=&#8221;no&#8221; type=&#8221;full_width&#8221; angled_section=&#8221;no&#8221; text_align=&#8221;left&#8221; background_image_as_pattern=&#8221;without_pattern&#8221;][vc_column width=&#8221;1\/3&#8243;][vc_column_text]<\/p>\n<div style=\"width: 360px;\" class=\"wp-video\"><!--[if lt IE 9]><script>document.createElement('video');<\/script><![endif]-->\n<video class=\"wp-video-shortcode\" id=\"video-644-1\" width=\"360\" height=\"360\" poster=\"https:\/\/brothersacrossborders.com\/tr\/wp-content\/uploads\/sites\/9\/2019\/09\/Preview-1.png\" preload=\"metadata\" controls=\"controls\"><source type=\"video\/mp4\" src=\"https:\/\/brothersacrossborders.com\/tr\/wp-content\/uploads\/sites\/9\/2019\/09\/VIDEO_01_ENGLISH.mp4?_=1\" \/><a href=\"https:\/\/brothersacrossborders.com\/tr\/wp-content\/uploads\/sites\/9\/2019\/09\/VIDEO_01_ENGLISH.mp4\">https:\/\/brothersacrossborders.com\/tr\/wp-content\/uploads\/sites\/9\/2019\/09\/VIDEO_01_ENGLISH.mp4<\/a><\/video><\/div>\n<p>[\/vc_column_text][\/vc_column][vc_column width=&#8221;1\/3&#8243;][vc_column_text]<\/p>\n<div style=\"width: 360px;\" class=\"wp-video\"><video class=\"wp-video-shortcode\" id=\"video-644-2\" width=\"360\" height=\"360\" poster=\"https:\/\/brothersacrossborders.com\/tr\/wp-content\/uploads\/sites\/9\/2019\/09\/Preview-2.png\" preload=\"metadata\" controls=\"controls\"><source type=\"video\/mp4\" src=\"https:\/\/brothersacrossborders.com\/tr\/wp-content\/uploads\/sites\/9\/2019\/09\/VIDEO_02_ENGLISH.mp4?_=2\" \/><a href=\"https:\/\/brothersacrossborders.com\/tr\/wp-content\/uploads\/sites\/9\/2019\/09\/VIDEO_02_ENGLISH.mp4\">https:\/\/brothersacrossborders.com\/tr\/wp-content\/uploads\/sites\/9\/2019\/09\/VIDEO_02_ENGLISH.mp4<\/a><\/video><\/div>\n<p>[\/vc_column_text][\/vc_column][vc_column width=&#8221;1\/3&#8243;][vc_column_text]<\/p>\n<div style=\"width: 360px;\" class=\"wp-video\"><video class=\"wp-video-shortcode\" id=\"video-644-3\" width=\"360\" height=\"360\" poster=\"https:\/\/brothersacrossborders.com\/tr\/wp-content\/uploads\/sites\/9\/2019\/09\/Preview-2.png\" preload=\"metadata\" controls=\"controls\"><source type=\"video\/mp4\" src=\"https:\/\/brothersacrossborders.com\/tr\/wp-content\/uploads\/sites\/9\/2019\/09\/VIDEO_03_ENGLISH.mp4?_=3\" \/><a href=\"https:\/\/brothersacrossborders.com\/tr\/wp-content\/uploads\/sites\/9\/2019\/09\/VIDEO_03_ENGLISH.mp4\">https:\/\/brothersacrossborders.com\/tr\/wp-content\/uploads\/sites\/9\/2019\/09\/VIDEO_03_ENGLISH.mp4<\/a><\/video><\/div>\n<p>[\/vc_column_text][\/vc_column][\/vc_row][vc_row css_animation=&#8221;&#8221; row_type=&#8221;row&#8221; use_row_as_full_screen_section=&#8221;no&#8221; type=&#8221;full_width&#8221; angled_section=&#8221;no&#8221; text_align=&#8221;left&#8221; background_image_as_pattern=&#8221;without_pattern&#8221;][vc_column][vc_empty_space height=&#8221;30px&#8221;][\/vc_column][\/vc_row][vc_row css_animation=&#8221;&#8221; row_type=&#8221;row&#8221; use_row_as_full_screen_section=&#8221;no&#8221; type=&#8221;full_width&#8221; angled_section=&#8221;no&#8221; text_align=&#8221;left&#8221; background_image_as_pattern=&#8221;without_pattern&#8221;][vc_column][vc_column_text]<\/p>\n<p style=\"text-align: left;\"><span style=\"font-weight: 400;\">\u201cMadad\u201d, \u201cbirlikte yard\u0131m etmek\u201d anlam\u0131na gelen Arap\u00e7a bir kelimedir. Proje, Madad Fonu (Suriye Krizine cevaben Avrupa G\u00fcven Fonu) taraf\u0131ndan finanse edilmektedir.<\/span><\/p>\n<p>&nbsp;<\/p>\n<p style=\"text-align: left;\"><span style=\"font-weight: 400;\">Proje, 15 K\u0131z\u0131lha\u00e7 ve K\u0131z\u0131lay; IFRC, M\u0131s\u0131r K\u0131z\u0131lay\u0131, Frans\u0131z K\u0131z\u0131lha\u00e7\u0131, Alman K\u0131z\u0131lha\u00e7\u0131, Irak K\u0131z\u0131lay\u0131, \u00dcrd\u00fcn K\u0131z\u0131lay\u0131, L\u00fcbnan K\u0131z\u0131lha\u00e7\u0131, Hollanda K\u0131z\u0131lha\u00e7\u0131, Norve\u00e7 K\u0131z\u0131lha\u00e7\u0131, Filistin K\u0131z\u0131lay\u0131, \u0130spanyol K\u0131z\u0131lha\u00e7\u0131, \u0130sve\u00e7 K\u0131z\u0131lha\u00e7\u0131, \u0130svi\u00e7re K\u0131z\u0131lha\u00e7\u0131, T\u00fcrk K\u0131z\u0131lay\u0131 aras\u0131ndaki i\u015fbirli\u011fi ve Danimarka K\u0131z\u0131lha\u00e7\u0131n\u0131n koordinesi ile y\u00fcr\u00fct\u00fclmektedir.<\/span><\/p>\n<p>&nbsp;<\/p>\n<p style=\"text-align: left;\"><span style=\"font-weight: 400;\">Since its establishment in December 2014, a significant share of the EU&#8217;s support to help Syrian refugees and support Syria&#8217;s neighbouring countries cope with the refugee crisis is provided through the EU Trust Fund. The Trust Fund mobilises its budget from the EU budget and contributions of 22 EU Member States and Turkey.<\/span><\/p>\n<p>&nbsp;<\/p>\n<p style=\"text-align: left;\"><span style=\"font-weight: 400;\">Madad Fonu, Avrupa Birli\u011fi taraf\u0131ndan Suriye krizine b\u00fct\u00fcnle\u015fik yan\u0131t vererek, ekonomi, e\u011fitim, koruma ve ya\u015fam ko\u015fullar\u0131n\u0131n iyile\u015ftilmesinde uzun vadeli ihtiya\u00e7lar\u0131n giderilmesini hedeflemektedir. \u00dcrd\u00fcn, L\u00fcbnan, T\u00fcrkiye, M\u0131s\u0131r ve Irak gibi kom\u015fu \u00fclkelerde ya\u015fayan Suriyeli m\u00fcltecilere ve g\u00f6\u00e7 hareketlerinden derinden etkilenen ev sahibi toplumlar\u0131n ihtiya\u00e7lar\u0131 da g\u00f6z \u00f6n\u00fcnde bulundurulur. Fon, 23 don\u00f6r, AB Komisyonu ve T\u00fcrkiye&#8217;deki AB M\u00fclteciler Dairesi taraf\u0131ndan desteklenmektedir.<\/span><\/p>\n<p>&nbsp;<\/p>\n<p>&nbsp;<\/p>\n<p style=\"text-align: left;\"><span style=\"font-weight: 800;\">K\u0131z\u0131lha\u00e7 ve K\u0131z\u0131lay Hareketi Hakk\u0131nda<\/span><\/p>\n<p>&nbsp;<\/p>\n<p style=\"text-align: left;\"><span style=\"font-weight: 400;\">Uluslararas\u0131 K\u0131z\u0131lha\u00e7 ve K\u0131z\u0131lay Hareketi d\u00fcnyan\u0131n en b\u00fcy\u00fck insani a\u011f\u0131d\u0131r. Hareket, ba\u011f\u0131ms\u0131z ve tarafs\u0131zd\u0131r, afetlerden ve \u00e7at\u0131\u015fmalardan etkilenen ki\u015filere koruma ve insani yard\u0131m sa\u011flar. Hareket, 191 Ulusal Dernek \u00e7at\u0131s\u0131nda yakla\u015f\u0131k 100 milyon \u00fcye, g\u00f6n\u00fcll\u00fc ve destek\u00e7iden olu\u015fur. \u00dc\u00e7 ana bile\u015feni vard\u0131r:<br \/>\n&#8211; Uluslararas\u0131 K\u0131z\u0131lha\u00e7 Komitesi (ICRC)<br \/>\n&#8211; Uluslararas\u0131 K\u0131z\u0131lha\u00e7 K\u0131z\u0131lay Dernekleri Federasyonu (IFRC)<br \/>\n&#8211; 190 \u00dcye K\u0131z\u0131lha\u00e7 ve K\u0131z\u0131lay Ulusal Derne\u011fi<\/span><\/p>\n<p>&nbsp;<\/p>\n<p style=\"text-align: left;\"><span style=\"font-weight: 400;\">Hareketin farkl\u0131 \u00fcyeleri, ortak olarak, \u00e7e\u015fitli kalk\u0131nma projeleri ve insani faaliyetler yoluyla topluluklar\u0131 daha g\u00fc\u00e7l\u00fc ve daha g\u00fcvenli olmalar\u0131 i\u00e7in desteklerler. Hareket ayr\u0131ca d\u00fcnyadaki savunmas\u0131z insanlara yard\u0131m etmek i\u00e7in h\u00fck\u00fcmetler, ba\u011f\u0131\u015f\u00e7\u0131lar ve di\u011fer yard\u0131m kurulu\u015flar\u0131 ile i\u015fbirli\u011fi i\u00e7inde \u00e7al\u0131\u015fmaktad\u0131r. ICRC, Federasyon ve Ulusal Dernekler ba\u011f\u0131ms\u0131z birimlerdir. Her birinin kendi \u00f6zel stat\u00fcs\u00fc vard\u0131r ve di\u011ferleri \u00fczerinde otoritesi yoktur.<\/span><\/p>\n<p>[\/vc_column_text][\/vc_column][\/vc_row][vc_row css_animation=&#8221;&#8221; row_type=&#8221;row&#8221; use_row_as_full_screen_section=&#8221;no&#8221; type=&#8221;full_width&#8221; angled_section=&#8221;no&#8221; text_align=&#8221;left&#8221; background_image_as_pattern=&#8221;without_pattern&#8221;][vc_column][vc_empty_space height=&#8221;30px&#8221;][vc_column_text]<\/p>\n<p style=\"text-align: left;\"><em><span style=\"font-weight: 400;\">&#8220;Brothers Across Borders, kullan\u0131c\u0131n\u0131n eylemi kendisi kontrol edebilece\u011fi etkile\u015fimli ve kurgulanm\u0131\u015f bir filmdir. Heyecan\u0131 artt\u0131rmak ve \u00f6\u011frenme deneyimi yaratmak i\u00e7in, baz\u0131 b\u00f6l\u00fcmlerdeki eylemler ger\u00e7ekle tamamen tutarl\u0131 de\u011fildir. \u00d6rne\u011fin T\u00fcrk K\u0131z\u0131lay, bir m\u00fcltecinin kay\u0131p aile \u00fcyeleri ile temasa ge\u00e7ememesi halinde, her zaman vakay\u0131 takibini s\u00fcrd\u00fcrecektir.<\/span><\/em><\/p>\n<p>[\/vc_column_text][\/vc_column][\/vc_row][vc_row css_animation=&#8221;&#8221; row_type=&#8221;row&#8221; use_row_as_full_screen_section=&#8221;no&#8221; type=&#8221;full_width&#8221; angled_section=&#8221;no&#8221; text_align=&#8221;left&#8221; background_image_as_pattern=&#8221;without_pattern&#8221;][vc_column][vc_empty_space height=&#8221;80px&#8221;][\/vc_column][\/vc_row]<\/p>\n","protected":false},"excerpt":{"rendered":"<p>[vc_row css_animation=&#8221;&#8221; row_type=&#8221;row&#8221; use_row_as_full_screen_section=&#8221;no&#8221; type=&#8221;full_width&#8221; angled_section=&#8221;no&#8221; text_align=&#8221;left&#8221; background_image_as_pattern=&#8221;without_pattern&#8221;][vc_column][vc_empty_space height=&#8221;70px&#8221;][\/vc_column][\/vc_row][vc_row css_animation=&#8221;&#8221; row_type=&#8221;row&#8221; use_row_as_full_screen_section=&#8221;no&#8221; type=&#8221;full_width&#8221; angled_section=&#8221;no&#8221; text_align=&#8221;left&#8221; background_image_as_pattern=&#8221;without_pattern&#8221;][vc_column][vc_single_image image=&#8221;706&#8243; img_size=&#8221;full&#8221; alignment=&#8221;center&#8221; qode_css_animation=&#8221;&#8221; css=&#8221;.vc_custom_1582190791098{padding-right: 40px !important;padding-left: 40px !important;}&#8221;][vc_empty_space height=&#8221;40px&#8221;][\/vc_column][\/vc_row][vc_row css_animation=&#8221;&#8221; row_type=&#8221;row&#8221; use_row_as_full_screen_section=&#8221;no&#8221; type=&#8221;full_width&#8221; angled_section=&#8221;no&#8221; text_align=&#8221;left&#8221; background_image_as_pattern=&#8221;without_pattern&#8221;][vc_column width=&#8221;1\/2&#8243;][vc_single_image image=&#8221;537&#8243; img_size=&#8221;large&#8221; alignment=&#8221;center&#8221; qode_css_animation=&#8221;&#8221;][\/vc_column][vc_column width=&#8221;1\/2&#8243;][vc_empty_space height=&#8221;30px&#8221;][vc_column_text] \u201cBrothers Across Borders\u201d filmi Suriye&#8230;<\/p>\n","protected":false},"author":1,"featured_media":0,"parent":0,"menu_order":0,"comment_status":"closed","ping_status":"closed","template":"","meta":[],"_links":{"self":[{"href":"https:\/\/brothersacrossborders.com\/tr\/wp-json\/wp\/v2\/pages\/644"}],"collection":[{"href":"https:\/\/brothersacrossborders.com\/tr\/wp-json\/wp\/v2\/pages"}],"about":[{"href":"https:\/\/brothersacrossborders.com\/tr\/wp-json\/wp\/v2\/types\/page"}],"author":[{"embeddable":true,"href":"https:\/\/brothersacrossborders.com\/tr\/wp-json\/wp\/v2\/users\/1"}],"replies":[{"embeddable":true,"href":"https:\/\/brothersacrossborders.com\/tr\/wp-json\/wp\/v2\/comments?post=644"}],"version-history":[{"count":37,"href":"https:\/\/brothersacrossborders.com\/tr\/wp-json\/wp\/v2\/pages\/644\/revisions"}],"predecessor-version":[{"id":713,"href":"https:\/\/brothersacrossborders.com\/tr\/wp-json\/wp\/v2\/pages\/644\/revisions\/713"}],"wp:attachment":[{"href":"https:\/\/brothersacrossborders.com\/tr\/wp-json\/wp\/v2\/media?parent=644"}],"curies":[{"name":"wp","href":"https:\/\/api.w.org\/{rel}","templated":true}]}}