{"id":423,"date":"2018-11-28T10:55:09","date_gmt":"2018-11-28T10:55:09","guid":{"rendered":"https:\/\/brothersacrossborders.com\/trg\/?page_id=423"},"modified":"2020-05-06T08:44:51","modified_gmt":"2020-05-06T08:44:51","slug":"home-5","status":"publish","type":"page","link":"https:\/\/brothersacrossborders.com\/tr\/","title":{"rendered":"Home"},"content":{"rendered":"<p>[vc_row css_animation=&#8221;&#8221; row_type=&#8221;row&#8221; use_row_as_full_screen_section=&#8221;no&#8221; type=&#8221;full_width&#8221; angled_section=&#8221;no&#8221; text_align=&#8221;left&#8221; background_image_as_pattern=&#8221;without_pattern&#8221;][vc_column][rev_slider_vc alias=&#8221;home&#8221;][\/vc_column][\/vc_row][vc_row css_animation=&#8221;&#8221; row_type=&#8221;row&#8221; use_row_as_full_screen_section=&#8221;no&#8221; type=&#8221;grid&#8221; anchor=&#8221;about-us&#8221; angled_section=&#8221;no&#8221; text_align=&#8221;center&#8221; background_image_as_pattern=&#8221;without_pattern&#8221; z_index=&#8221;&#8221; css=&#8221;.vc_custom_1543407875567{padding-top: 104px !important;padding-bottom: 72px !important;}&#8221;][vc_column width=&#8221;1\/2&#8243;][vc_single_image image=&#8221;621&#8243; img_size=&#8221;large&#8221; alignment=&#8221;center&#8221; qode_css_animation=&#8221;element_from_fade&#8221;][\/vc_column][vc_column width=&#8221;1\/2&#8243;][vc_empty_space height=&#8221;50px&#8221;][vc_single_image image=&#8221;692&#8243; img_size=&#8221;medium&#8221; qode_css_animation=&#8221;&#8221; css=&#8221;.vc_custom_1582121184610{padding-right: 80px !important;}&#8221;][vc_empty_space height=&#8221;30px&#8221;][vc_column_text]<\/p>\n<p style=\"text-align: left;\"><span style=\"font-weight: 400;\">\u201cBrothers Across Borders\u201d, T\u00fcrkiye&#8217;deki Suriyeli g\u00f6\u00e7menlerin ger\u00e7ek hikayelerine dayanan, interaktif bir film. Siz, \u0130smail ad\u0131nda, karde\u015fi Muhammed&#8217;i bulma g\u00f6revinde, 21 ya\u015f\u0131ndaki Suriyeli bir g\u00f6\u00e7mensiniz. Ailenizdeki en b\u00fcy\u00fck erkek karde\u015f olan Muhammed, aileye yeni ve daha g\u00fcvenli bir ev bulmak i\u00e7in T\u00fcrkiye&#8217;ye gitmi\u015f ve bir daha Suriye&#8217;ye d\u00f6nmemi\u015f. Muhammed, evden ayr\u0131ld\u0131\u011f\u0131ndan beri ailesiyle ileti\u015fime de ge\u00e7memi\u015f. \u015eimdi her \u015fey sizin ellerinizde. \u0130smail, Muhammed ve onlar\u0131n ailesinin gelece\u011fi size ba\u011fl\u0131.<\/span><\/p>\n<p style=\"text-align: left;\"><span style=\"font-weight: 400;\"><br \/>\nBu y\u00fczden belki de sadece sizi bekleyene do\u011fru gitmelisiniz. \u00d6n\u00fcn\u00fczde uzun bir yolculuk var. Yan\u0131n\u0131za en gerekli giysileri, bir \u015fi\u015fe suyu, pasaportunuzu, \u00e7ok az miktarda paray\u0131 ve telefonunuzu ald\u0131n\u0131z.<\/span><\/p>\n<p style=\"text-align: left;\"><span style=\"font-weight: 400;\"><br \/>\nG\u00fcvenli yolculuklar. Ve ailenizle \u0130leti\u015fimde kalmay\u0131 unutmay\u0131n!<br \/>\n<\/span><\/p>\n<p style=\"text-align: left;\"><span style=\"font-weight: 400;\"><br \/>\nYolculu\u011funuz burada ba\u015flar<br \/>\n<\/span><\/p>\n<p style=\"text-align: left;\"><span style=\"font-weight: 400;\"><br \/>\nDeneyime ba\u015flamak i\u00e7in t\u0131klay\u0131n ya da dokunun<br \/>\n<\/span><\/p>\n<p>[\/vc_column_text][vc_empty_space height=&#8221;20px&#8221;][\/vc_column][\/vc_row][vc_row css_animation=&#8221;&#8221; row_type=&#8221;row&#8221; use_row_as_full_screen_section=&#8221;no&#8221; type=&#8221;full_width&#8221; angled_section=&#8221;no&#8221; text_align=&#8221;left&#8221; background_image_as_pattern=&#8221;without_pattern&#8221;][vc_column css_animation=&#8221;none&#8221; css=&#8221;.vc_custom_1543407492705{padding-right: 55px !important;padding-left: 55px !important;}&#8221;][\/vc_column][\/vc_row][vc_row css_animation=&#8221;&#8221; row_type=&#8221;row&#8221; use_row_as_full_screen_section=&#8221;no&#8221; type=&#8221;full_width&#8221; angled_section=&#8221;no&#8221; text_align=&#8221;left&#8221; background_image_as_pattern=&#8221;without_pattern&#8221;][vc_column][vc_empty_space height=&#8221;20px&#8221;][\/vc_column][\/vc_row][vc_row css_animation=&#8221;&#8221; row_type=&#8221;row&#8221; use_row_as_full_screen_section=&#8221;no&#8221; type=&#8221;full_width&#8221; angled_section=&#8221;no&#8221; text_align=&#8221;left&#8221; background_image_as_pattern=&#8221;without_pattern&#8221;][vc_column css=&#8221;.vc_custom_1543407499912{padding-right: 55px !important;padding-left: 55px !important;}&#8221;][vc_single_image image=&#8221;728&#8243; img_size=&#8221;medium&#8221; alignment=&#8221;center&#8221; qode_css_animation=&#8221;&#8221; css=&#8221;.vc_custom_1588754689757{padding-right: 80px !important;}&#8221;][vc_empty_space height=&#8221;30px&#8221;][vc_single_image image=&#8221;704&#8243; img_size=&#8221;large&#8221; alignment=&#8221;center&#8221; onclick=&#8221;custom_link&#8221; img_link_target=&#8221;_blank&#8221; qode_css_animation=&#8221;&#8221; link=&#8221;http:\/\/interactive.brothersacrossborders.com\/tr\/&#8221;][\/vc_column][\/vc_row][vc_row css_animation=&#8221;&#8221; row_type=&#8221;row&#8221; use_row_as_full_screen_section=&#8221;no&#8221; type=&#8221;full_width&#8221; angled_section=&#8221;no&#8221; text_align=&#8221;left&#8221; background_image_as_pattern=&#8221;without_pattern&#8221;][vc_column][vc_empty_space height=&#8221;200px&#8221;][\/vc_column][\/vc_row]<\/p>\n","protected":false},"excerpt":{"rendered":"<p>[vc_row css_animation=&#8221;&#8221; row_type=&#8221;row&#8221; use_row_as_full_screen_section=&#8221;no&#8221; type=&#8221;full_width&#8221; angled_section=&#8221;no&#8221; text_align=&#8221;left&#8221; background_image_as_pattern=&#8221;without_pattern&#8221;][vc_column][rev_slider_vc alias=&#8221;home&#8221;][\/vc_column][\/vc_row][vc_row css_animation=&#8221;&#8221; row_type=&#8221;row&#8221; use_row_as_full_screen_section=&#8221;no&#8221; type=&#8221;grid&#8221; anchor=&#8221;about-us&#8221; angled_section=&#8221;no&#8221; text_align=&#8221;center&#8221; background_image_as_pattern=&#8221;without_pattern&#8221; z_index=&#8221;&#8221; css=&#8221;.vc_custom_1543407875567{padding-top: 104px !important;padding-bottom: 72px !important;}&#8221;][vc_column width=&#8221;1\/2&#8243;][vc_single_image image=&#8221;621&#8243; img_size=&#8221;large&#8221; alignment=&#8221;center&#8221; qode_css_animation=&#8221;element_from_fade&#8221;][\/vc_column][vc_column width=&#8221;1\/2&#8243;][vc_empty_space height=&#8221;50px&#8221;][vc_single_image image=&#8221;692&#8243; img_size=&#8221;medium&#8221; qode_css_animation=&#8221;&#8221; css=&#8221;.vc_custom_1582121184610{padding-right: 80px !important;}&#8221;][vc_empty_space height=&#8221;30px&#8221;][vc_column_text] \u201cBrothers Across Borders\u201d, T\u00fcrkiye&#8217;deki Suriyeli g\u00f6\u00e7menlerin ger\u00e7ek hikayelerine&#8230;<\/p>\n","protected":false},"author":1,"featured_media":0,"parent":0,"menu_order":0,"comment_status":"closed","ping_status":"closed","template":"full_width.php","meta":[],"_links":{"self":[{"href":"https:\/\/brothersacrossborders.com\/tr\/wp-json\/wp\/v2\/pages\/423"}],"collection":[{"href":"https:\/\/brothersacrossborders.com\/tr\/wp-json\/wp\/v2\/pages"}],"about":[{"href":"https:\/\/brothersacrossborders.com\/tr\/wp-json\/wp\/v2\/types\/page"}],"author":[{"embeddable":true,"href":"https:\/\/brothersacrossborders.com\/tr\/wp-json\/wp\/v2\/users\/1"}],"replies":[{"embeddable":true,"href":"https:\/\/brothersacrossborders.com\/tr\/wp-json\/wp\/v2\/comments?post=423"}],"version-history":[{"count":86,"href":"https:\/\/brothersacrossborders.com\/tr\/wp-json\/wp\/v2\/pages\/423\/revisions"}],"predecessor-version":[{"id":729,"href":"https:\/\/brothersacrossborders.com\/tr\/wp-json\/wp\/v2\/pages\/423\/revisions\/729"}],"wp:attachment":[{"href":"https:\/\/brothersacrossborders.com\/tr\/wp-json\/wp\/v2\/media?parent=423"}],"curies":[{"name":"wp","href":"https:\/\/api.w.org\/{rel}","templated":true}]}}