{"id":351,"date":"2018-11-12T15:02:13","date_gmt":"2018-11-12T15:02:13","guid":{"rendered":"http:\/\/brothersacrossborders.com\/eng\/?page_id=351"},"modified":"2020-02-20T13:47:03","modified_gmt":"2020-02-20T13:47:03","slug":"bts","status":"publish","type":"page","link":"https:\/\/brothersacrossborders.com\/tr\/bts\/","title":{"rendered":"Behind the scenes"},"content":{"rendered":"<p>[vc_row css_animation=&#8221;&#8221; row_type=&#8221;row&#8221; use_row_as_full_screen_section=&#8221;no&#8221; type=&#8221;full_width&#8221; angled_section=&#8221;no&#8221; text_align=&#8221;left&#8221; background_image_as_pattern=&#8221;without_pattern&#8221;][vc_column][vc_empty_space height=&#8221;70px&#8221;][\/vc_column][\/vc_row][vc_row css_animation=&#8221;&#8221; row_type=&#8221;row&#8221; use_row_as_full_screen_section=&#8221;no&#8221; type=&#8221;full_width&#8221; angled_section=&#8221;no&#8221; text_align=&#8221;left&#8221; background_image_as_pattern=&#8221;without_pattern&#8221;][vc_column][vc_single_image image=&#8221;720&#8243; img_size=&#8221;full&#8221; alignment=&#8221;center&#8221; qode_css_animation=&#8221;&#8221; css=&#8221;.vc_custom_1582205026229{padding-right: 40px !important;padding-left: 40px !important;}&#8221;][vc_empty_space height=&#8221;40px&#8221;][\/vc_column][\/vc_row][vc_row css_animation=&#8221;&#8221; row_type=&#8221;row&#8221; use_row_as_full_screen_section=&#8221;no&#8221; type=&#8221;full_width&#8221; angled_section=&#8221;no&#8221; text_align=&#8221;left&#8221; background_image_as_pattern=&#8221;without_pattern&#8221;][vc_column][vc_column_text]<\/p>\n<p style=\"text-align: left;\"><span style=\"font-weight: 400;\">\u201cBrothers Across Borders\u201d, T\u00fcrkiye&#8217;de, Gaziantep ve \u0130zmir \u015fehirlerinde kaydedildi. Kayd\u0131n bir b\u00f6l\u00fcm\u00fc ise Suriye s\u0131n\u0131r\u0131nda ger\u00e7ekle\u015ftirildi.<br \/>\n\u201cBrothers Across Borders\u201d, s\u0131radan bir film de\u011fil, her \u015feyin (veya hemen hemen her \u015feyin) birinci ki\u015finin g\u00f6z\u00fcnden g\u00f6r\u00fcnd\u00fc\u011f\u00fc bir \u00e7al\u0131\u015fma. Bu da ana karakterin bir \u00e7e\u015fit \u201ckamera adam\u201d oldu\u011fu anlam\u0131na geliyor. Karakterlerin \/ akt\u00f6rlerin serbest\u00e7e hareket etmesini sa\u011flamak i\u00e7in, normal bir \u015fekilde y\u00fcr\u00fcyebildikleri ve konu\u015fabildikleri, her \u015feyi kendi bak\u0131\u015f y\u00f6nlerinden kaydedebilmeleri i\u00e7in \u00f6zel bir bak\u0131\u015f a\u00e7\u0131s\u0131 kask\u0131 tasarlad\u0131k. T\u00fcm bunlar\u0131n nas\u0131l ortaya \u00e7\u0131kt\u0131\u011f\u0131n\u0131 g\u00f6steren birka\u00e7 foto\u011fraf\u0131 burada g\u00f6rebilirsiniz.<\/span><\/p>\n<p>[\/vc_column_text][\/vc_column][\/vc_row][vc_row css_animation=&#8221;&#8221; row_type=&#8221;row&#8221; use_row_as_full_screen_section=&#8221;no&#8221; type=&#8221;full_width&#8221; angled_section=&#8221;no&#8221; text_align=&#8221;left&#8221; background_image_as_pattern=&#8221;without_pattern&#8221;][vc_column][vc_empty_space height=&#8221;80px&#8221;][\/vc_column][\/vc_row][vc_row css_animation=&#8221;&#8221; row_type=&#8221;row&#8221; use_row_as_full_screen_section=&#8221;no&#8221; type=&#8221;full_width&#8221; angled_section=&#8221;no&#8221; text_align=&#8221;left&#8221; background_image_as_pattern=&#8221;without_pattern&#8221;][vc_column]<div class=\"qode-advanced-image-gallery  qode-aig-grid-type qode-small-space  qode-image-behavior-lightbox \">\n\t<div class=\"qode-aig-inner qode-outer-space qode-aig-grid qode-aig-two-columns\">\n\t\t\t\t\t<div class=\"qode-aig-image qode-item-space\">\n\t\t\t\t<div class=\"qode-aig-image-inner\">\n\t\t\t\t\t\t\t\t\t\t\t<a itemprop=\"image\" class=\"qode-aig-lightbox\" href=\"https:\/\/brothersacrossborders.com\/tr\/wp-content\/uploads\/sites\/14\/2018\/11\/A49A4239.jpg\" data-rel=\"prettyPhoto[image_gallery_pretty_photo-336]\" title=\"A49A4239\">\n\t\t\t\t\t\t\t\t\t\t\t<img width=\"1024\" height=\"683\" src=\"https:\/\/brothersacrossborders.com\/tr\/wp-content\/uploads\/sites\/14\/2018\/11\/A49A4239-1024x683.jpg\" class=\"attachment-large size-large\" alt=\"\" loading=\"lazy\" srcset=\"https:\/\/brothersacrossborders.com\/tr\/wp-content\/uploads\/sites\/14\/2018\/11\/A49A4239-1024x683.jpg 1024w, https:\/\/brothersacrossborders.com\/tr\/wp-content\/uploads\/sites\/14\/2018\/11\/A49A4239-300x200.jpg 300w, https:\/\/brothersacrossborders.com\/tr\/wp-content\/uploads\/sites\/14\/2018\/11\/A49A4239-768x512.jpg 768w, https:\/\/brothersacrossborders.com\/tr\/wp-content\/uploads\/sites\/14\/2018\/11\/A49A4239-700x467.jpg 700w\" sizes=\"(max-width: 1024px) 100vw, 1024px\" \/>\t\t\t\t\t\t<span class=\"aig-gallery-hover\">\n\t\t\t\t\t\t\t\t\t\t\t\t\t\t\t<span class=\"icon-arrows-plus\"><\/span> \n\t\t\t\t\t\t\t\t\t\t\t\t\t<\/span>\n\t\t\t\t\t\t\t\t\t\t\t<\/a>\n\t\t\t\t\t\t\t\t\t<\/div>\n\t\t\t<\/div>\n\t\t\t\t\t<div class=\"qode-aig-image qode-item-space\">\n\t\t\t\t<div class=\"qode-aig-image-inner\">\n\t\t\t\t\t\t\t\t\t\t\t<a itemprop=\"image\" class=\"qode-aig-lightbox\" href=\"https:\/\/brothersacrossborders.com\/tr\/wp-content\/uploads\/sites\/14\/2018\/11\/A49A1493.jpg\" data-rel=\"prettyPhoto[image_gallery_pretty_photo-336]\" title=\"A49A1493\">\n\t\t\t\t\t\t\t\t\t\t\t<img width=\"1024\" height=\"683\" src=\"https:\/\/brothersacrossborders.com\/tr\/wp-content\/uploads\/sites\/14\/2018\/11\/A49A1493-1024x683.jpg\" class=\"attachment-large size-large\" alt=\"\" loading=\"lazy\" srcset=\"https:\/\/brothersacrossborders.com\/tr\/wp-content\/uploads\/sites\/14\/2018\/11\/A49A1493-1024x683.jpg 1024w, https:\/\/brothersacrossborders.com\/tr\/wp-content\/uploads\/sites\/14\/2018\/11\/A49A1493-300x200.jpg 300w, https:\/\/brothersacrossborders.com\/tr\/wp-content\/uploads\/sites\/14\/2018\/11\/A49A1493-768x512.jpg 768w, https:\/\/brothersacrossborders.com\/tr\/wp-content\/uploads\/sites\/14\/2018\/11\/A49A1493-700x467.jpg 700w\" sizes=\"(max-width: 1024px) 100vw, 1024px\" \/>\t\t\t\t\t\t<span class=\"aig-gallery-hover\">\n\t\t\t\t\t\t\t\t\t\t\t\t\t\t\t<span class=\"icon-arrows-plus\"><\/span> \n\t\t\t\t\t\t\t\t\t\t\t\t\t<\/span>\n\t\t\t\t\t\t\t\t\t\t\t<\/a>\n\t\t\t\t\t\t\t\t\t<\/div>\n\t\t\t<\/div>\n\t\t\t\t\t<div class=\"qode-aig-image qode-item-space\">\n\t\t\t\t<div class=\"qode-aig-image-inner\">\n\t\t\t\t\t\t\t\t\t\t\t<a itemprop=\"image\" class=\"qode-aig-lightbox\" href=\"https:\/\/brothersacrossborders.com\/tr\/wp-content\/uploads\/sites\/14\/2018\/11\/A49A1620.jpg\" data-rel=\"prettyPhoto[image_gallery_pretty_photo-336]\" title=\"A49A1620\">\n\t\t\t\t\t\t\t\t\t\t\t<img width=\"1024\" height=\"683\" src=\"https:\/\/brothersacrossborders.com\/tr\/wp-content\/uploads\/sites\/14\/2018\/11\/A49A1620-1024x683.jpg\" class=\"attachment-large size-large\" alt=\"\" loading=\"lazy\" srcset=\"https:\/\/brothersacrossborders.com\/tr\/wp-content\/uploads\/sites\/14\/2018\/11\/A49A1620-1024x683.jpg 1024w, https:\/\/brothersacrossborders.com\/tr\/wp-content\/uploads\/sites\/14\/2018\/11\/A49A1620-300x200.jpg 300w, https:\/\/brothersacrossborders.com\/tr\/wp-content\/uploads\/sites\/14\/2018\/11\/A49A1620-768x512.jpg 768w, https:\/\/brothersacrossborders.com\/tr\/wp-content\/uploads\/sites\/14\/2018\/11\/A49A1620-700x467.jpg 700w\" sizes=\"(max-width: 1024px) 100vw, 1024px\" \/>\t\t\t\t\t\t<span class=\"aig-gallery-hover\">\n\t\t\t\t\t\t\t\t\t\t\t\t\t\t\t<span class=\"icon-arrows-plus\"><\/span> \n\t\t\t\t\t\t\t\t\t\t\t\t\t<\/span>\n\t\t\t\t\t\t\t\t\t\t\t<\/a>\n\t\t\t\t\t\t\t\t\t<\/div>\n\t\t\t<\/div>\n\t\t\t\t\t<div class=\"qode-aig-image qode-item-space\">\n\t\t\t\t<div class=\"qode-aig-image-inner\">\n\t\t\t\t\t\t\t\t\t\t\t<a itemprop=\"image\" class=\"qode-aig-lightbox\" href=\"https:\/\/brothersacrossborders.com\/tr\/wp-content\/uploads\/sites\/14\/2018\/11\/A49A1624.jpg\" data-rel=\"prettyPhoto[image_gallery_pretty_photo-336]\" title=\"A49A1624\">\n\t\t\t\t\t\t\t\t\t\t\t<img width=\"1024\" height=\"683\" src=\"https:\/\/brothersacrossborders.com\/tr\/wp-content\/uploads\/sites\/14\/2018\/11\/A49A1624-1024x683.jpg\" class=\"attachment-large size-large\" alt=\"\" loading=\"lazy\" srcset=\"https:\/\/brothersacrossborders.com\/tr\/wp-content\/uploads\/sites\/14\/2018\/11\/A49A1624-1024x683.jpg 1024w, https:\/\/brothersacrossborders.com\/tr\/wp-content\/uploads\/sites\/14\/2018\/11\/A49A1624-300x200.jpg 300w, https:\/\/brothersacrossborders.com\/tr\/wp-content\/uploads\/sites\/14\/2018\/11\/A49A1624-768x512.jpg 768w, https:\/\/brothersacrossborders.com\/tr\/wp-content\/uploads\/sites\/14\/2018\/11\/A49A1624-700x467.jpg 700w\" sizes=\"(max-width: 1024px) 100vw, 1024px\" \/>\t\t\t\t\t\t<span class=\"aig-gallery-hover\">\n\t\t\t\t\t\t\t\t\t\t\t\t\t\t\t<span class=\"icon-arrows-plus\"><\/span> \n\t\t\t\t\t\t\t\t\t\t\t\t\t<\/span>\n\t\t\t\t\t\t\t\t\t\t\t<\/a>\n\t\t\t\t\t\t\t\t\t<\/div>\n\t\t\t<\/div>\n\t\t\t\t\t<div class=\"qode-aig-image qode-item-space\">\n\t\t\t\t<div class=\"qode-aig-image-inner\">\n\t\t\t\t\t\t\t\t\t\t\t<a itemprop=\"image\" class=\"qode-aig-lightbox\" href=\"https:\/\/brothersacrossborders.com\/tr\/wp-content\/uploads\/sites\/14\/2018\/11\/A49A1705.jpg\" data-rel=\"prettyPhoto[image_gallery_pretty_photo-336]\" title=\"A49A1705\">\n\t\t\t\t\t\t\t\t\t\t\t<img width=\"1024\" height=\"683\" src=\"https:\/\/brothersacrossborders.com\/tr\/wp-content\/uploads\/sites\/14\/2018\/11\/A49A1705-1024x683.jpg\" class=\"attachment-large size-large\" alt=\"\" loading=\"lazy\" srcset=\"https:\/\/brothersacrossborders.com\/tr\/wp-content\/uploads\/sites\/14\/2018\/11\/A49A1705-1024x683.jpg 1024w, https:\/\/brothersacrossborders.com\/tr\/wp-content\/uploads\/sites\/14\/2018\/11\/A49A1705-300x200.jpg 300w, https:\/\/brothersacrossborders.com\/tr\/wp-content\/uploads\/sites\/14\/2018\/11\/A49A1705-768x512.jpg 768w, https:\/\/brothersacrossborders.com\/tr\/wp-content\/uploads\/sites\/14\/2018\/11\/A49A1705-700x467.jpg 700w\" sizes=\"(max-width: 1024px) 100vw, 1024px\" \/>\t\t\t\t\t\t<span class=\"aig-gallery-hover\">\n\t\t\t\t\t\t\t\t\t\t\t\t\t\t\t<span class=\"icon-arrows-plus\"><\/span> \n\t\t\t\t\t\t\t\t\t\t\t\t\t<\/span>\n\t\t\t\t\t\t\t\t\t\t\t<\/a>\n\t\t\t\t\t\t\t\t\t<\/div>\n\t\t\t<\/div>\n\t\t\t\t\t<div class=\"qode-aig-image qode-item-space\">\n\t\t\t\t<div class=\"qode-aig-image-inner\">\n\t\t\t\t\t\t\t\t\t\t\t<a itemprop=\"image\" class=\"qode-aig-lightbox\" href=\"https:\/\/brothersacrossborders.com\/tr\/wp-content\/uploads\/sites\/14\/2018\/11\/A49A2947.jpg\" data-rel=\"prettyPhoto[image_gallery_pretty_photo-336]\" title=\"A49A2947\">\n\t\t\t\t\t\t\t\t\t\t\t<img width=\"1024\" height=\"683\" src=\"https:\/\/brothersacrossborders.com\/tr\/wp-content\/uploads\/sites\/14\/2018\/11\/A49A2947-1024x683.jpg\" class=\"attachment-large size-large\" alt=\"\" loading=\"lazy\" srcset=\"https:\/\/brothersacrossborders.com\/tr\/wp-content\/uploads\/sites\/14\/2018\/11\/A49A2947-1024x683.jpg 1024w, https:\/\/brothersacrossborders.com\/tr\/wp-content\/uploads\/sites\/14\/2018\/11\/A49A2947-300x200.jpg 300w, https:\/\/brothersacrossborders.com\/tr\/wp-content\/uploads\/sites\/14\/2018\/11\/A49A2947-768x512.jpg 768w, https:\/\/brothersacrossborders.com\/tr\/wp-content\/uploads\/sites\/14\/2018\/11\/A49A2947-700x467.jpg 700w\" sizes=\"(max-width: 1024px) 100vw, 1024px\" \/>\t\t\t\t\t\t<span class=\"aig-gallery-hover\">\n\t\t\t\t\t\t\t\t\t\t\t\t\t\t\t<span class=\"icon-arrows-plus\"><\/span> \n\t\t\t\t\t\t\t\t\t\t\t\t\t<\/span>\n\t\t\t\t\t\t\t\t\t\t\t<\/a>\n\t\t\t\t\t\t\t\t\t<\/div>\n\t\t\t<\/div>\n\t\t\t\t\t<div class=\"qode-aig-image qode-item-space\">\n\t\t\t\t<div class=\"qode-aig-image-inner\">\n\t\t\t\t\t\t\t\t\t\t\t<a itemprop=\"image\" class=\"qode-aig-lightbox\" href=\"https:\/\/brothersacrossborders.com\/tr\/wp-content\/uploads\/sites\/14\/2018\/11\/A49A2900.jpg\" data-rel=\"prettyPhoto[image_gallery_pretty_photo-336]\" title=\"A49A2900\">\n\t\t\t\t\t\t\t\t\t\t\t<img width=\"1024\" height=\"683\" src=\"https:\/\/brothersacrossborders.com\/tr\/wp-content\/uploads\/sites\/14\/2018\/11\/A49A2900-1024x683.jpg\" class=\"attachment-large size-large\" alt=\"\" loading=\"lazy\" srcset=\"https:\/\/brothersacrossborders.com\/tr\/wp-content\/uploads\/sites\/14\/2018\/11\/A49A2900-1024x683.jpg 1024w, https:\/\/brothersacrossborders.com\/tr\/wp-content\/uploads\/sites\/14\/2018\/11\/A49A2900-300x200.jpg 300w, https:\/\/brothersacrossborders.com\/tr\/wp-content\/uploads\/sites\/14\/2018\/11\/A49A2900-768x512.jpg 768w, https:\/\/brothersacrossborders.com\/tr\/wp-content\/uploads\/sites\/14\/2018\/11\/A49A2900-700x467.jpg 700w\" sizes=\"(max-width: 1024px) 100vw, 1024px\" \/>\t\t\t\t\t\t<span class=\"aig-gallery-hover\">\n\t\t\t\t\t\t\t\t\t\t\t\t\t\t\t<span class=\"icon-arrows-plus\"><\/span> \n\t\t\t\t\t\t\t\t\t\t\t\t\t<\/span>\n\t\t\t\t\t\t\t\t\t\t\t<\/a>\n\t\t\t\t\t\t\t\t\t<\/div>\n\t\t\t<\/div>\n\t\t\t\t\t<div class=\"qode-aig-image qode-item-space\">\n\t\t\t\t<div class=\"qode-aig-image-inner\">\n\t\t\t\t\t\t\t\t\t\t\t<a itemprop=\"image\" class=\"qode-aig-lightbox\" href=\"https:\/\/brothersacrossborders.com\/tr\/wp-content\/uploads\/sites\/14\/2018\/11\/A49A2871.jpg\" data-rel=\"prettyPhoto[image_gallery_pretty_photo-336]\" title=\"A49A2871\">\n\t\t\t\t\t\t\t\t\t\t\t<img width=\"1024\" height=\"683\" src=\"https:\/\/brothersacrossborders.com\/tr\/wp-content\/uploads\/sites\/14\/2018\/11\/A49A2871-1024x683.jpg\" class=\"attachment-large size-large\" alt=\"\" loading=\"lazy\" srcset=\"https:\/\/brothersacrossborders.com\/tr\/wp-content\/uploads\/sites\/14\/2018\/11\/A49A2871-1024x683.jpg 1024w, https:\/\/brothersacrossborders.com\/tr\/wp-content\/uploads\/sites\/14\/2018\/11\/A49A2871-300x200.jpg 300w, https:\/\/brothersacrossborders.com\/tr\/wp-content\/uploads\/sites\/14\/2018\/11\/A49A2871-768x512.jpg 768w, https:\/\/brothersacrossborders.com\/tr\/wp-content\/uploads\/sites\/14\/2018\/11\/A49A2871-700x467.jpg 700w\" sizes=\"(max-width: 1024px) 100vw, 1024px\" \/>\t\t\t\t\t\t<span class=\"aig-gallery-hover\">\n\t\t\t\t\t\t\t\t\t\t\t\t\t\t\t<span class=\"icon-arrows-plus\"><\/span> \n\t\t\t\t\t\t\t\t\t\t\t\t\t<\/span>\n\t\t\t\t\t\t\t\t\t\t\t<\/a>\n\t\t\t\t\t\t\t\t\t<\/div>\n\t\t\t<\/div>\n\t\t\t\t\t<div class=\"qode-aig-image qode-item-space\">\n\t\t\t\t<div class=\"qode-aig-image-inner\">\n\t\t\t\t\t\t\t\t\t\t\t<a itemprop=\"image\" class=\"qode-aig-lightbox\" href=\"https:\/\/brothersacrossborders.com\/tr\/wp-content\/uploads\/sites\/14\/2018\/11\/A49A2843.jpg\" data-rel=\"prettyPhoto[image_gallery_pretty_photo-336]\" title=\"A49A2843\">\n\t\t\t\t\t\t\t\t\t\t\t<img width=\"1024\" height=\"683\" src=\"https:\/\/brothersacrossborders.com\/tr\/wp-content\/uploads\/sites\/14\/2018\/11\/A49A2843-1024x683.jpg\" class=\"attachment-large size-large\" alt=\"\" loading=\"lazy\" srcset=\"https:\/\/brothersacrossborders.com\/tr\/wp-content\/uploads\/sites\/14\/2018\/11\/A49A2843-1024x683.jpg 1024w, https:\/\/brothersacrossborders.com\/tr\/wp-content\/uploads\/sites\/14\/2018\/11\/A49A2843-300x200.jpg 300w, https:\/\/brothersacrossborders.com\/tr\/wp-content\/uploads\/sites\/14\/2018\/11\/A49A2843-768x512.jpg 768w, https:\/\/brothersacrossborders.com\/tr\/wp-content\/uploads\/sites\/14\/2018\/11\/A49A2843-700x467.jpg 700w\" sizes=\"(max-width: 1024px) 100vw, 1024px\" \/>\t\t\t\t\t\t<span class=\"aig-gallery-hover\">\n\t\t\t\t\t\t\t\t\t\t\t\t\t\t\t<span class=\"icon-arrows-plus\"><\/span> \n\t\t\t\t\t\t\t\t\t\t\t\t\t<\/span>\n\t\t\t\t\t\t\t\t\t\t\t<\/a>\n\t\t\t\t\t\t\t\t\t<\/div>\n\t\t\t<\/div>\n\t\t\t\t\t<div class=\"qode-aig-image qode-item-space\">\n\t\t\t\t<div class=\"qode-aig-image-inner\">\n\t\t\t\t\t\t\t\t\t\t\t<a itemprop=\"image\" class=\"qode-aig-lightbox\" href=\"https:\/\/brothersacrossborders.com\/tr\/wp-content\/uploads\/sites\/14\/2018\/11\/A49A4247.jpg\" data-rel=\"prettyPhoto[image_gallery_pretty_photo-336]\" title=\"A49A4247\">\n\t\t\t\t\t\t\t\t\t\t\t<img width=\"1024\" height=\"683\" src=\"https:\/\/brothersacrossborders.com\/tr\/wp-content\/uploads\/sites\/14\/2018\/11\/A49A4247-1024x683.jpg\" class=\"attachment-large size-large\" alt=\"\" loading=\"lazy\" srcset=\"https:\/\/brothersacrossborders.com\/tr\/wp-content\/uploads\/sites\/14\/2018\/11\/A49A4247-1024x683.jpg 1024w, https:\/\/brothersacrossborders.com\/tr\/wp-content\/uploads\/sites\/14\/2018\/11\/A49A4247-300x200.jpg 300w, https:\/\/brothersacrossborders.com\/tr\/wp-content\/uploads\/sites\/14\/2018\/11\/A49A4247-768x512.jpg 768w, https:\/\/brothersacrossborders.com\/tr\/wp-content\/uploads\/sites\/14\/2018\/11\/A49A4247-700x467.jpg 700w\" sizes=\"(max-width: 1024px) 100vw, 1024px\" \/>\t\t\t\t\t\t<span class=\"aig-gallery-hover\">\n\t\t\t\t\t\t\t\t\t\t\t\t\t\t\t<span class=\"icon-arrows-plus\"><\/span> \n\t\t\t\t\t\t\t\t\t\t\t\t\t<\/span>\n\t\t\t\t\t\t\t\t\t\t\t<\/a>\n\t\t\t\t\t\t\t\t\t<\/div>\n\t\t\t<\/div>\n\t\t\t\t\t<div class=\"qode-aig-image qode-item-space\">\n\t\t\t\t<div class=\"qode-aig-image-inner\">\n\t\t\t\t\t\t\t\t\t\t\t<a itemprop=\"image\" class=\"qode-aig-lightbox\" href=\"https:\/\/brothersacrossborders.com\/tr\/wp-content\/uploads\/sites\/14\/2018\/11\/A49A4277.jpg\" data-rel=\"prettyPhoto[image_gallery_pretty_photo-336]\" title=\"A49A4277\">\n\t\t\t\t\t\t\t\t\t\t\t<img width=\"1024\" height=\"683\" src=\"https:\/\/brothersacrossborders.com\/tr\/wp-content\/uploads\/sites\/14\/2018\/11\/A49A4277-1024x683.jpg\" class=\"attachment-large size-large\" alt=\"\" loading=\"lazy\" srcset=\"https:\/\/brothersacrossborders.com\/tr\/wp-content\/uploads\/sites\/14\/2018\/11\/A49A4277-1024x683.jpg 1024w, https:\/\/brothersacrossborders.com\/tr\/wp-content\/uploads\/sites\/14\/2018\/11\/A49A4277-300x200.jpg 300w, https:\/\/brothersacrossborders.com\/tr\/wp-content\/uploads\/sites\/14\/2018\/11\/A49A4277-768x512.jpg 768w, https:\/\/brothersacrossborders.com\/tr\/wp-content\/uploads\/sites\/14\/2018\/11\/A49A4277-700x467.jpg 700w\" sizes=\"(max-width: 1024px) 100vw, 1024px\" \/>\t\t\t\t\t\t<span class=\"aig-gallery-hover\">\n\t\t\t\t\t\t\t\t\t\t\t\t\t\t\t<span class=\"icon-arrows-plus\"><\/span> \n\t\t\t\t\t\t\t\t\t\t\t\t\t<\/span>\n\t\t\t\t\t\t\t\t\t\t\t<\/a>\n\t\t\t\t\t\t\t\t\t<\/div>\n\t\t\t<\/div>\n\t\t\t\t\t<div class=\"qode-aig-image qode-item-space\">\n\t\t\t\t<div class=\"qode-aig-image-inner\">\n\t\t\t\t\t\t\t\t\t\t\t<a itemprop=\"image\" class=\"qode-aig-lightbox\" href=\"https:\/\/brothersacrossborders.com\/tr\/wp-content\/uploads\/sites\/14\/2018\/11\/A49A1753.jpg\" data-rel=\"prettyPhoto[image_gallery_pretty_photo-336]\" title=\"A49A1753\">\n\t\t\t\t\t\t\t\t\t\t\t<img width=\"1024\" height=\"683\" src=\"https:\/\/brothersacrossborders.com\/tr\/wp-content\/uploads\/sites\/14\/2018\/11\/A49A1753-1024x683.jpg\" class=\"attachment-large size-large\" alt=\"\" loading=\"lazy\" srcset=\"https:\/\/brothersacrossborders.com\/tr\/wp-content\/uploads\/sites\/14\/2018\/11\/A49A1753-1024x683.jpg 1024w, https:\/\/brothersacrossborders.com\/tr\/wp-content\/uploads\/sites\/14\/2018\/11\/A49A1753-300x200.jpg 300w, https:\/\/brothersacrossborders.com\/tr\/wp-content\/uploads\/sites\/14\/2018\/11\/A49A1753-768x512.jpg 768w, https:\/\/brothersacrossborders.com\/tr\/wp-content\/uploads\/sites\/14\/2018\/11\/A49A1753-700x467.jpg 700w\" sizes=\"(max-width: 1024px) 100vw, 1024px\" \/>\t\t\t\t\t\t<span class=\"aig-gallery-hover\">\n\t\t\t\t\t\t\t\t\t\t\t\t\t\t\t<span class=\"icon-arrows-plus\"><\/span> \n\t\t\t\t\t\t\t\t\t\t\t\t\t<\/span>\n\t\t\t\t\t\t\t\t\t\t\t<\/a>\n\t\t\t\t\t\t\t\t\t<\/div>\n\t\t\t<\/div>\n\t\t\t\t\t<div class=\"qode-aig-image qode-item-space\">\n\t\t\t\t<div class=\"qode-aig-image-inner\">\n\t\t\t\t\t\t\t\t\t\t\t<a itemprop=\"image\" class=\"qode-aig-lightbox\" href=\"https:\/\/brothersacrossborders.com\/tr\/wp-content\/uploads\/sites\/14\/2018\/11\/A49A1393.jpg\" data-rel=\"prettyPhoto[image_gallery_pretty_photo-336]\" title=\"A49A1393\">\n\t\t\t\t\t\t\t\t\t\t\t<img width=\"1024\" height=\"683\" src=\"https:\/\/brothersacrossborders.com\/tr\/wp-content\/uploads\/sites\/14\/2018\/11\/A49A1393-1024x683.jpg\" class=\"attachment-large size-large\" alt=\"\" loading=\"lazy\" srcset=\"https:\/\/brothersacrossborders.com\/tr\/wp-content\/uploads\/sites\/14\/2018\/11\/A49A1393-1024x683.jpg 1024w, https:\/\/brothersacrossborders.com\/tr\/wp-content\/uploads\/sites\/14\/2018\/11\/A49A1393-300x200.jpg 300w, https:\/\/brothersacrossborders.com\/tr\/wp-content\/uploads\/sites\/14\/2018\/11\/A49A1393-768x512.jpg 768w, https:\/\/brothersacrossborders.com\/tr\/wp-content\/uploads\/sites\/14\/2018\/11\/A49A1393-700x467.jpg 700w\" sizes=\"(max-width: 1024px) 100vw, 1024px\" \/>\t\t\t\t\t\t<span class=\"aig-gallery-hover\">\n\t\t\t\t\t\t\t\t\t\t\t\t\t\t\t<span class=\"icon-arrows-plus\"><\/span> \n\t\t\t\t\t\t\t\t\t\t\t\t\t<\/span>\n\t\t\t\t\t\t\t\t\t\t\t<\/a>\n\t\t\t\t\t\t\t\t\t<\/div>\n\t\t\t<\/div>\n\t\t\t\t\t<div class=\"qode-aig-image qode-item-space\">\n\t\t\t\t<div class=\"qode-aig-image-inner\">\n\t\t\t\t\t\t\t\t\t\t\t<a itemprop=\"image\" class=\"qode-aig-lightbox\" href=\"https:\/\/brothersacrossborders.com\/tr\/wp-content\/uploads\/sites\/14\/2018\/11\/A49A4467.jpg\" data-rel=\"prettyPhoto[image_gallery_pretty_photo-336]\" title=\"A49A4467\">\n\t\t\t\t\t\t\t\t\t\t\t<img width=\"1024\" height=\"658\" src=\"https:\/\/brothersacrossborders.com\/tr\/wp-content\/uploads\/sites\/14\/2018\/11\/A49A4467-1024x658.jpg\" class=\"attachment-large size-large\" alt=\"\" loading=\"lazy\" srcset=\"https:\/\/brothersacrossborders.com\/tr\/wp-content\/uploads\/sites\/14\/2018\/11\/A49A4467-1024x658.jpg 1024w, https:\/\/brothersacrossborders.com\/tr\/wp-content\/uploads\/sites\/14\/2018\/11\/A49A4467-300x193.jpg 300w, https:\/\/brothersacrossborders.com\/tr\/wp-content\/uploads\/sites\/14\/2018\/11\/A49A4467-768x493.jpg 768w, https:\/\/brothersacrossborders.com\/tr\/wp-content\/uploads\/sites\/14\/2018\/11\/A49A4467-700x450.jpg 700w\" sizes=\"(max-width: 1024px) 100vw, 1024px\" \/>\t\t\t\t\t\t<span class=\"aig-gallery-hover\">\n\t\t\t\t\t\t\t\t\t\t\t\t\t\t\t<span class=\"icon-arrows-plus\"><\/span> \n\t\t\t\t\t\t\t\t\t\t\t\t\t<\/span>\n\t\t\t\t\t\t\t\t\t\t\t<\/a>\n\t\t\t\t\t\t\t\t\t<\/div>\n\t\t\t<\/div>\n\t\t\t<\/div>\n<\/div>[\/vc_column][\/vc_row][vc_row css_animation=&#8221;&#8221; row_type=&#8221;row&#8221; use_row_as_full_screen_section=&#8221;no&#8221; type=&#8221;full_width&#8221; angled_section=&#8221;no&#8221; text_align=&#8221;left&#8221; background_image_as_pattern=&#8221;without_pattern&#8221;][vc_column][vc_empty_space height=&#8221;120px&#8221;][\/vc_column][\/vc_row]<\/p>\n","protected":false},"excerpt":{"rendered":"<p>[vc_row css_animation=&#8221;&#8221; row_type=&#8221;row&#8221; use_row_as_full_screen_section=&#8221;no&#8221; type=&#8221;full_width&#8221; angled_section=&#8221;no&#8221; text_align=&#8221;left&#8221; background_image_as_pattern=&#8221;without_pattern&#8221;][vc_column][vc_empty_space height=&#8221;70px&#8221;][\/vc_column][\/vc_row][vc_row css_animation=&#8221;&#8221; row_type=&#8221;row&#8221; use_row_as_full_screen_section=&#8221;no&#8221; type=&#8221;full_width&#8221; angled_section=&#8221;no&#8221; text_align=&#8221;left&#8221; background_image_as_pattern=&#8221;without_pattern&#8221;][vc_column][vc_single_image image=&#8221;720&#8243; img_size=&#8221;full&#8221; alignment=&#8221;center&#8221; qode_css_animation=&#8221;&#8221; css=&#8221;.vc_custom_1582205026229{padding-right: 40px !important;padding-left: 40px !important;}&#8221;][vc_empty_space height=&#8221;40px&#8221;][\/vc_column][\/vc_row][vc_row css_animation=&#8221;&#8221; row_type=&#8221;row&#8221; use_row_as_full_screen_section=&#8221;no&#8221; type=&#8221;full_width&#8221; angled_section=&#8221;no&#8221; text_align=&#8221;left&#8221; background_image_as_pattern=&#8221;without_pattern&#8221;][vc_column][vc_column_text] \u201cBrothers Across Borders\u201d, T\u00fcrkiye&#8217;de, Gaziantep ve \u0130zmir \u015fehirlerinde kaydedildi. Kayd\u0131n bir b\u00f6l\u00fcm\u00fc&#8230;<\/p>\n","protected":false},"author":1,"featured_media":0,"parent":0,"menu_order":0,"comment_status":"closed","ping_status":"closed","template":"","meta":[],"_links":{"self":[{"href":"https:\/\/brothersacrossborders.com\/tr\/wp-json\/wp\/v2\/pages\/351"}],"collection":[{"href":"https:\/\/brothersacrossborders.com\/tr\/wp-json\/wp\/v2\/pages"}],"about":[{"href":"https:\/\/brothersacrossborders.com\/tr\/wp-json\/wp\/v2\/types\/page"}],"author":[{"embeddable":true,"href":"https:\/\/brothersacrossborders.com\/tr\/wp-json\/wp\/v2\/users\/1"}],"replies":[{"embeddable":true,"href":"https:\/\/brothersacrossborders.com\/tr\/wp-json\/wp\/v2\/comments?post=351"}],"version-history":[{"count":24,"href":"https:\/\/brothersacrossborders.com\/tr\/wp-json\/wp\/v2\/pages\/351\/revisions"}],"predecessor-version":[{"id":721,"href":"https:\/\/brothersacrossborders.com\/tr\/wp-json\/wp\/v2\/pages\/351\/revisions\/721"}],"wp:attachment":[{"href":"https:\/\/brothersacrossborders.com\/tr\/wp-json\/wp\/v2\/media?parent=351"}],"curies":[{"name":"wp","href":"https:\/\/api.w.org\/{rel}","templated":true}]}}