{"id":652,"date":"2019-09-30T09:15:40","date_gmt":"2019-09-30T09:15:40","guid":{"rendered":"https:\/\/brothersacrossborders.com\/se\/?page_id=652"},"modified":"2019-11-01T09:02:00","modified_gmt":"2019-11-01T09:02:00","slug":"about","status":"publish","type":"page","link":"https:\/\/brothersacrossborders.com\/se\/about\/","title":{"rendered":"Om"},"content":{"rendered":"<p>[vc_row css_animation=&#8221;&#8221; row_type=&#8221;row&#8221; use_row_as_full_screen_section=&#8221;no&#8221; type=&#8221;full_width&#8221; angled_section=&#8221;no&#8221; text_align=&#8221;left&#8221; background_image_as_pattern=&#8221;without_pattern&#8221;][vc_column][vc_empty_space height=&#8221;70px&#8221;][\/vc_column][\/vc_row][vc_row css_animation=&#8221;&#8221; row_type=&#8221;row&#8221; use_row_as_full_screen_section=&#8221;no&#8221; type=&#8221;full_width&#8221; angled_section=&#8221;no&#8221; text_align=&#8221;left&#8221; background_image_as_pattern=&#8221;without_pattern&#8221;][vc_column][vc_single_image image=&#8221;615&#8243; img_size=&#8221;full&#8221; alignment=&#8221;center&#8221; qode_css_animation=&#8221;&#8221; css=&#8221;.vc_custom_1545312217155{padding-right: 40px !important;padding-left: 40px !important;}&#8221;][vc_empty_space height=&#8221;40px&#8221;][\/vc_column][\/vc_row][vc_row css_animation=&#8221;&#8221; row_type=&#8221;row&#8221; use_row_as_full_screen_section=&#8221;no&#8221; type=&#8221;full_width&#8221; angled_section=&#8221;no&#8221; text_align=&#8221;left&#8221; background_image_as_pattern=&#8221;without_pattern&#8221;][vc_column width=&#8221;1\/2&#8243;][vc_single_image image=&#8221;537&#8243; img_size=&#8221;large&#8221; alignment=&#8221;center&#8221; qode_css_animation=&#8221;&#8221;][\/vc_column][vc_column width=&#8221;1\/2&#8243;][vc_empty_space height=&#8221;30px&#8221;][vc_column_text]<\/p>\n<p style=\"text-align: left;\"><span style=\"font-weight: 400;\">Filmen \u201dBrothers Across Borders\u201d \u00e4r en interaktiv film som utspelar sig i Syrien och Turkiet. Den ber\u00e4ttar p\u00e5 ett engagerande och f\u00e4ngslande s\u00e4tt om levnadsf\u00f6rh\u00e5llandena f\u00f6r m\u00e4nniskorna som bor i dessa omr\u00e5den och de val de tvingas g\u00f6ra. Filmen \u00e4r producerad av Laban Stories f\u00f6r R\u00f6da korset som en del av Madad-projektet.<\/span><\/p>\n<p>&nbsp;<\/p>\n<p style=\"text-align: left;\"><span style=\"font-weight: 400;\">Brothers Across Borders \u00e4r till f\u00f6r skolbarn och skolelever fr\u00e5n 12 till 17 \u00e5r, och den kombinerar en visuell ber\u00e4ttelse med spel som best\u00e5r av flera val och beslutstagande. Detta g\u00f6r att eleverna f\u00e5r uppleva en syrisk flyktings liv n\u00e4r filmen tar dem till riktiga platser i Syrien och Turkiet. P\u00e5 s\u00e5 vis f\u00e5r de uppleva verkliga h\u00e4ndelser snarare \u00e4n att h\u00f6ra om dem via nyheter och andrahandsk\u00e4llor.<\/span><\/p>\n<p>&nbsp;<\/p>\n<p style=\"text-align: left;\"><span style=\"font-weight: 400;\">Med detta material vill vi utmana eleverna att st\u00e4lla fr\u00e5gor, vara nyfikna och reflektera. Det \u00e4r v\u00e5r f\u00f6rhoppning att materialet b\u00e5de ska bidra till \u00f6kad f\u00f6rst\u00e5else f\u00f6r m\u00e4nniskor som lever i situationer som denna och inspirera eleverna till att g\u00f6ra n\u00e5got f\u00f6r att hj\u00e4lpa och st\u00f6tta andra medm\u00e4nniskor.<\/span><\/p>\n<p>[\/vc_column_text][\/vc_column][\/vc_row][vc_row css_animation=&#8221;&#8221; row_type=&#8221;row&#8221; use_row_as_full_screen_section=&#8221;no&#8221; type=&#8221;full_width&#8221; angled_section=&#8221;no&#8221; text_align=&#8221;left&#8221; background_image_as_pattern=&#8221;without_pattern&#8221;][vc_column][vc_empty_space height=&#8221;80px&#8221;][\/vc_column][vc_column][vc_column_text]<\/p>\n<p style=\"text-align: left;\"><span style=\"font-weight: 800;\">Om Europeiska unionens regionala f\u00f6rvaltningsfond som svar p\u00e5 krisen i Syrien:<\/span><\/p>\n<p>[\/vc_column_text][vc_empty_space height=&#8221;30px&#8221;][\/vc_column][\/vc_row][vc_row css_animation=&#8221;&#8221; row_type=&#8221;row&#8221; use_row_as_full_screen_section=&#8221;no&#8221; type=&#8221;full_width&#8221; angled_section=&#8221;no&#8221; text_align=&#8221;left&#8221; background_image_as_pattern=&#8221;without_pattern&#8221;][vc_column width=&#8221;1\/3&#8243;][vc_column_text]<\/p>\n<div style=\"width: 360px;\" class=\"wp-video\"><!--[if lt IE 9]><script>document.createElement('video');<\/script><![endif]-->\n<video class=\"wp-video-shortcode\" id=\"video-652-1\" width=\"360\" height=\"360\" poster=\"https:\/\/brothersacrossborders.com\/se\/wp-content\/uploads\/sites\/7\/2019\/09\/preview1.png\" preload=\"metadata\" controls=\"controls\"><source type=\"video\/mp4\" src=\"https:\/\/brothersacrossborders.com\/se\/wp-content\/uploads\/sites\/7\/2019\/09\/VIDEO_01_SWEDISH.mp4?_=1\" \/><a href=\"https:\/\/brothersacrossborders.com\/se\/wp-content\/uploads\/sites\/7\/2019\/09\/VIDEO_01_SWEDISH.mp4\">https:\/\/brothersacrossborders.com\/se\/wp-content\/uploads\/sites\/7\/2019\/09\/VIDEO_01_SWEDISH.mp4<\/a><\/video><\/div>\n<p>[\/vc_column_text][\/vc_column][vc_column width=&#8221;1\/3&#8243;][vc_column_text]<\/p>\n<div style=\"width: 360px;\" class=\"wp-video\"><video class=\"wp-video-shortcode\" id=\"video-652-2\" width=\"360\" height=\"360\" poster=\"https:\/\/brothersacrossborders.com\/se\/wp-content\/uploads\/sites\/7\/2019\/09\/preview2.png\" preload=\"metadata\" controls=\"controls\"><source type=\"video\/mp4\" src=\"https:\/\/brothersacrossborders.com\/se\/wp-content\/uploads\/sites\/7\/2019\/09\/VIDEO_02_SWEDISH.mp4?_=2\" \/><a href=\"https:\/\/brothersacrossborders.com\/se\/wp-content\/uploads\/sites\/7\/2019\/09\/VIDEO_02_SWEDISH.mp4\">https:\/\/brothersacrossborders.com\/se\/wp-content\/uploads\/sites\/7\/2019\/09\/VIDEO_02_SWEDISH.mp4<\/a><\/video><\/div>\n<p>[\/vc_column_text][\/vc_column][vc_column width=&#8221;1\/3&#8243;][vc_column_text]<\/p>\n<div style=\"width: 360px;\" class=\"wp-video\"><video class=\"wp-video-shortcode\" id=\"video-652-3\" width=\"360\" height=\"360\" poster=\"https:\/\/brothersacrossborders.com\/se\/wp-content\/uploads\/sites\/7\/2019\/09\/preview2.png\" preload=\"metadata\" controls=\"controls\"><source type=\"video\/mp4\" src=\"https:\/\/brothersacrossborders.com\/se\/wp-content\/uploads\/sites\/7\/2019\/09\/VIDEO_03_SWEDISH.mp4?_=3\" \/><a href=\"https:\/\/brothersacrossborders.com\/se\/wp-content\/uploads\/sites\/7\/2019\/09\/VIDEO_03_SWEDISH.mp4\">https:\/\/brothersacrossborders.com\/se\/wp-content\/uploads\/sites\/7\/2019\/09\/VIDEO_03_SWEDISH.mp4<\/a><\/video><\/div>\n<p>[\/vc_column_text][\/vc_column][\/vc_row][vc_row css_animation=&#8221;&#8221; row_type=&#8221;row&#8221; use_row_as_full_screen_section=&#8221;no&#8221; type=&#8221;full_width&#8221; angled_section=&#8221;no&#8221; text_align=&#8221;left&#8221; background_image_as_pattern=&#8221;without_pattern&#8221;][vc_column][vc_empty_space height=&#8221;30px&#8221;][\/vc_column][\/vc_row][vc_row css_animation=&#8221;&#8221; row_type=&#8221;row&#8221; use_row_as_full_screen_section=&#8221;no&#8221; type=&#8221;full_width&#8221; angled_section=&#8221;no&#8221; text_align=&#8221;left&#8221; background_image_as_pattern=&#8221;without_pattern&#8221;][vc_column][vc_column_text]<\/p>\n<p style=\"text-align: left;\"><span style=\"font-weight: 400;\">Projektet finansieras av Europeiska unionens regionala f\u00f6rvaltningsfond som svar p\u00e5 krisen i Syrien (EU Madad fund). &#8220;Madad&#8221; \u00e4r ett arabiskt ord som betyder &#8220;att hj\u00e4lpa tillsammans&#8221;.<\/span><\/p>\n<p>&nbsp;<\/p>\n<p style=\"text-align: left;\"><span style=\"font-weight: 400;\">Projektet \u00e4r ett samarbete mellan 15 R\u00f6da korset och R\u00f6da halvm\u00e5nen-f\u00f6reningar: IFRC, egyptiska R\u00f6da halvm\u00e5nen, franska R\u00f6da korset, tyska R\u00f6da korset, irakiska R\u00f6da halvm\u00e5nen, Jordanska R\u00f6da halvm\u00e5nen, libanesiska R\u00f6da korset, holl\u00e4ndska R\u00f6da korset, norska R\u00f6da korset, palestinska R\u00f6da halvm\u00e5nen, spanska R\u00f6da korset, Svenska R\u00f6da korset, schweiziska r\u00f6da korset, turkiska R\u00f6da halvm\u00e5nen och samordnas av danska R\u00f6da korset.<\/span><\/p>\n<p>&nbsp;<\/p>\n<p style=\"text-align: left;\"><span style=\"font-weight: 400;\">Sedan etableringen i december 2014 har en betydande del av EU:s st\u00f6d f\u00f6r att hj\u00e4lpa syriska flyktingar och st\u00f6d till Syriens grannl\u00e4nder f\u00f6r att hantera flyktingkrisen tillhandah\u00e5llits genom Europeiska unionens f\u00f6rvaltningsfond. F\u00f6rvaltningsfonden mobiliserar sin budget fr\u00e5n EU-budgeten och bidrag fr\u00e5n 22 EU-medlemsstater samt Turkiet.<br \/>\n<\/span><\/p>\n<p>&nbsp;<\/p>\n<p style=\"text-align: left;\"><span style=\"font-weight: 400;\">Den f\u00f6rst\u00e4rker ett integrerat EU-st\u00f6d till krisen och tar fr\u00e4mst upp motst\u00e5ndskraften p\u00e5 l\u00e4ngre sikt och behovet av att \u00f6ka de syriska flyktingarnas oberoende, och samtidigt syftar den till att l\u00e4tta trycket p\u00e5 v\u00e4rdsamh\u00e4llena och deras f\u00f6rvaltningar i angr\u00e4nsande l\u00e4nder som Irak, Jordanien, Libanon och Turkiet.<br \/>\n<\/span><\/p>\n<p>&nbsp;<\/p>\n<p style=\"text-align: left;\"><span style=\"font-weight: 400;\">F\u00f6rvaltningsfondens program st\u00f6der grundl\u00e4ggande utbildning och barnskydd, yrkesutbildning och h\u00f6gre utbildning, ekonomiska m\u00f6jligheter och social stabilitet, b\u00e4ttre tillg\u00e5ng till h\u00e4lso-och sjukv\u00e5rd, f\u00f6rb\u00e4ttrad infrastruktur f\u00f6r vatten och avloppsvatten samt st\u00f6d till motst\u00e5ndskraft, kvinnors egenmakt och kampen mot k\u00f6nsrelaterat v\u00e5ld.<br \/>\n<\/span><\/p>\n<p>&nbsp;<\/p>\n<p>&nbsp;<\/p>\n<p style=\"text-align: left;\"><span style=\"font-weight: 800;\">Om R\u00f6da korset och R\u00f6da halvm\u00e5nen<\/span><\/p>\n<p>&nbsp;<\/p>\n<p style=\"text-align: left;\"><span style=\"font-weight: 400;\">Den internationella organisationen R\u00f6da korset och R\u00f6da halvm\u00e5nen \u00e4r v\u00e4rldens st\u00f6rta humanit\u00e4ra n\u00e4tverk. Organisationen \u00e4r neutral och opartisk, och ger skydd och hj\u00e4lp till m\u00e4nniskor som drabbats av katastrofer och konflikter. Organisationen best\u00e5r av n\u00e4stan 100 miljoner medlemmar, volont\u00e4rer och st\u00f6djande i 190 nationella f\u00f6reningar. Den har tre huvuddelar:<br \/>\n&#8211; Internationella r\u00f6dakorskommitt\u00e9n (ICRC)<br \/>\n&#8211; Internationella r\u00f6dakors- och r\u00f6dahalvm\u00e5nefederationen (IFRC)<br \/>\n&#8211; 190 nationella r\u00f6dakors- och r\u00f6dahalvm\u00e5nef\u00f6reningar<\/span><\/p>\n<p>&nbsp;<\/p>\n<p style=\"text-align: left;\"><span style=\"font-weight: 400;\">Som partners st\u00f6der de olika medlemmarna i organisationen omr\u00e5den s\u00e5 att de kan bli starkare och s\u00e4krare genom en rad utvecklingsprojekt och humanit\u00e4ra aktiviteter. Organisationen arbetar i samarbete med regeringar, donatorer och andra hj\u00e4lporganisationer med att bist\u00e5 utsatta m\u00e4nniskor runt om i v\u00e4rlden. ICRC, federationen och de nationella f\u00f6reningarna \u00e4r sj\u00e4lvst\u00e4ndiga organ. Var och en har sin egen individuella status och har ingen auktoritet \u00f6ver de andra.<\/span><\/p>\n<p>[\/vc_column_text][\/vc_column][\/vc_row][vc_row css_animation=&#8221;&#8221; row_type=&#8221;row&#8221; use_row_as_full_screen_section=&#8221;no&#8221; type=&#8221;full_width&#8221; angled_section=&#8221;no&#8221; text_align=&#8221;left&#8221; background_image_as_pattern=&#8221;without_pattern&#8221;][vc_column][vc_empty_space height=&#8221;30px&#8221;][vc_column_text]<\/p>\n<p style=\"text-align: left;\"><em><span style=\"font-weight: 400;\">\u201dBrothers Across Borders\u201d \u00e4r en interaktiv fiktiv film d\u00e4r anv\u00e4ndaren kan styra handlingen sj\u00e4lv. F\u00f6r att skapa en sp\u00e4nnande, l\u00e4rorik upplevelse st\u00e4mmer handlingen inte alltid helt med verkligheten. Exempelvis f\u00f6ljer Turkiska R\u00f6da halvm\u00e5nen alltid upp de fall d\u00e4r en flykting inte kan komma i kontakt med familjemedlemmar.<\/span><\/em><\/p>\n<p>[\/vc_column_text][\/vc_column][\/vc_row][vc_row css_animation=&#8221;&#8221; row_type=&#8221;row&#8221; use_row_as_full_screen_section=&#8221;no&#8221; type=&#8221;full_width&#8221; angled_section=&#8221;no&#8221; text_align=&#8221;left&#8221; background_image_as_pattern=&#8221;without_pattern&#8221;][vc_column][vc_empty_space height=&#8221;80px&#8221;][\/vc_column][\/vc_row]<\/p>\n","protected":false},"excerpt":{"rendered":"<p>[vc_row css_animation=&#8221;&#8221; row_type=&#8221;row&#8221; use_row_as_full_screen_section=&#8221;no&#8221; type=&#8221;full_width&#8221; angled_section=&#8221;no&#8221; text_align=&#8221;left&#8221; background_image_as_pattern=&#8221;without_pattern&#8221;][vc_column][vc_empty_space height=&#8221;70px&#8221;][\/vc_column][\/vc_row][vc_row css_animation=&#8221;&#8221; row_type=&#8221;row&#8221; use_row_as_full_screen_section=&#8221;no&#8221; type=&#8221;full_width&#8221; angled_section=&#8221;no&#8221; text_align=&#8221;left&#8221; background_image_as_pattern=&#8221;without_pattern&#8221;][vc_column][vc_single_image image=&#8221;615&#8243; img_size=&#8221;full&#8221; alignment=&#8221;center&#8221; qode_css_animation=&#8221;&#8221; css=&#8221;.vc_custom_1545312217155{padding-right: 40px !important;padding-left: 40px !important;}&#8221;][vc_empty_space height=&#8221;40px&#8221;][\/vc_column][\/vc_row][vc_row css_animation=&#8221;&#8221; row_type=&#8221;row&#8221; use_row_as_full_screen_section=&#8221;no&#8221; type=&#8221;full_width&#8221; angled_section=&#8221;no&#8221; text_align=&#8221;left&#8221; background_image_as_pattern=&#8221;without_pattern&#8221;][vc_column width=&#8221;1\/2&#8243;][vc_single_image image=&#8221;537&#8243; img_size=&#8221;large&#8221; alignment=&#8221;center&#8221; qode_css_animation=&#8221;&#8221;][\/vc_column][vc_column width=&#8221;1\/2&#8243;][vc_empty_space height=&#8221;30px&#8221;][vc_column_text] Filmen \u201dBrothers Across Borders\u201d \u00e4r&#8230;<\/p>\n","protected":false},"author":1,"featured_media":0,"parent":0,"menu_order":0,"comment_status":"closed","ping_status":"closed","template":"","meta":[],"_links":{"self":[{"href":"https:\/\/brothersacrossborders.com\/se\/wp-json\/wp\/v2\/pages\/652"}],"collection":[{"href":"https:\/\/brothersacrossborders.com\/se\/wp-json\/wp\/v2\/pages"}],"about":[{"href":"https:\/\/brothersacrossborders.com\/se\/wp-json\/wp\/v2\/types\/page"}],"author":[{"embeddable":true,"href":"https:\/\/brothersacrossborders.com\/se\/wp-json\/wp\/v2\/users\/1"}],"replies":[{"embeddable":true,"href":"https:\/\/brothersacrossborders.com\/se\/wp-json\/wp\/v2\/comments?post=652"}],"version-history":[{"count":5,"href":"https:\/\/brothersacrossborders.com\/se\/wp-json\/wp\/v2\/pages\/652\/revisions"}],"predecessor-version":[{"id":662,"href":"https:\/\/brothersacrossborders.com\/se\/wp-json\/wp\/v2\/pages\/652\/revisions\/662"}],"wp:attachment":[{"href":"https:\/\/brothersacrossborders.com\/se\/wp-json\/wp\/v2\/media?parent=652"}],"curies":[{"name":"wp","href":"https:\/\/api.w.org\/{rel}","templated":true}]}}