{"id":654,"date":"2019-09-30T08:52:26","date_gmt":"2019-09-30T08:52:26","guid":{"rendered":"https:\/\/brothersacrossborders.com\/no\/?page_id=654"},"modified":"2019-11-01T09:05:30","modified_gmt":"2019-11-01T09:05:30","slug":"about","status":"publish","type":"page","link":"https:\/\/brothersacrossborders.com\/no\/about\/","title":{"rendered":"Om"},"content":{"rendered":"<p>[vc_row css_animation=&#8221;&#8221; row_type=&#8221;row&#8221; use_row_as_full_screen_section=&#8221;no&#8221; type=&#8221;full_width&#8221; angled_section=&#8221;no&#8221; text_align=&#8221;left&#8221; background_image_as_pattern=&#8221;without_pattern&#8221;][vc_column][vc_empty_space height=&#8221;70px&#8221;][\/vc_column][\/vc_row][vc_row css_animation=&#8221;&#8221; row_type=&#8221;row&#8221; use_row_as_full_screen_section=&#8221;no&#8221; type=&#8221;full_width&#8221; angled_section=&#8221;no&#8221; text_align=&#8221;left&#8221; background_image_as_pattern=&#8221;without_pattern&#8221;][vc_column][vc_single_image image=&#8221;624&#8243; img_size=&#8221;full&#8221; alignment=&#8221;center&#8221; qode_css_animation=&#8221;&#8221; css=&#8221;.vc_custom_1545328127327{padding-right: 40px !important;padding-left: 40px !important;}&#8221;][vc_empty_space height=&#8221;40px&#8221;][\/vc_column][\/vc_row][vc_row css_animation=&#8221;&#8221; row_type=&#8221;row&#8221; use_row_as_full_screen_section=&#8221;no&#8221; type=&#8221;full_width&#8221; angled_section=&#8221;no&#8221; text_align=&#8221;left&#8221; background_image_as_pattern=&#8221;without_pattern&#8221;][vc_column width=&#8221;1\/2&#8243;][vc_single_image image=&#8221;537&#8243; img_size=&#8221;large&#8221; alignment=&#8221;center&#8221; qode_css_animation=&#8221;&#8221;][\/vc_column][vc_column width=&#8221;1\/2&#8243;][vc_empty_space height=&#8221;30px&#8221;][vc_column_text]<\/p>\n<p style=\"text-align: left;\"><span style=\"font-weight: 400;\">Filmen \u00abBrothers Across Borders\u00bb er en interaktiv film med handlingen lagt til Syria og Tyrkia. Gjennom en engasjerende og fengende historie, forteller den om forholdene folk i disse omr\u00e5dene lever under, og om valgene de m\u00e5 ta. Filmen er produsert av Laban Stories p\u00e5 vegne av R\u00f8de Kors, som en del av Madad-prosjektet.<\/span><\/p>\n<p>&nbsp;<\/p>\n<p style=\"text-align: left;\"><span style=\"font-weight: 400;\">Brothers Across Borders er laget for skoleelever fra 12 til 17 \u00e5r. Filmen kombinerer visuell historiefortelling med spill, hvor du m\u00e5 ta svare p\u00e5 flervalgssp\u00f8rsm\u00e5l og ta beslutninger. Dette gj\u00f8r det mulig for elevene \u00e5 oppleve hvordan livet til en syrisk flyktning kan v\u00e6re. Handlingen i Filmen er lagt til faktiske steder i Syria og Tyrkia. P\u00e5 denne m\u00e5ten f\u00e5r elevene oppleve reelle situasjoner i stedet for \u00e5 h\u00f8re om dem fra nyhetene og sekund\u00e6rkilder.<\/span><\/p>\n<p>&nbsp;<\/p>\n<p style=\"text-align: left;\"><span style=\"font-weight: 400;\">Vi \u00f8nsker med dette materialet \u00e5 utfordre elevene til \u00e5 v\u00e6re nysgjerrige, stille sp\u00f8rsm\u00e5l og reflektere. Vi h\u00e5per at materialet bidrar til \u00e5 \u00f8ke forst\u00e5elsen overfor de som lever i situasjoner som dette, samt at elevene inspireres til \u00e5 hjelpe og st\u00f8tte medmennesker.<\/span><\/p>\n<p>[\/vc_column_text][\/vc_column][\/vc_row][vc_row css_animation=&#8221;&#8221; row_type=&#8221;row&#8221; use_row_as_full_screen_section=&#8221;no&#8221; type=&#8221;full_width&#8221; angled_section=&#8221;no&#8221; text_align=&#8221;left&#8221; background_image_as_pattern=&#8221;without_pattern&#8221;][vc_column][vc_empty_space height=&#8221;80px&#8221;][\/vc_column][vc_column][vc_column_text]<\/p>\n<p style=\"text-align: left;\"><span style=\"font-weight: 800;\">Om europeisk trustfond opprettet som respons p\u00e5 den syriske krisen:<\/span><\/p>\n<p>[\/vc_column_text][vc_empty_space height=&#8221;30px&#8221;][\/vc_column][\/vc_row][vc_row css_animation=&#8221;&#8221; row_type=&#8221;row&#8221; use_row_as_full_screen_section=&#8221;no&#8221; type=&#8221;full_width&#8221; angled_section=&#8221;no&#8221; text_align=&#8221;left&#8221; background_image_as_pattern=&#8221;without_pattern&#8221;][vc_column width=&#8221;1\/3&#8243;][vc_column_text]<\/p>\n<div style=\"width: 360px;\" class=\"wp-video\"><!--[if lt IE 9]><script>document.createElement('video');<\/script><![endif]-->\n<video class=\"wp-video-shortcode\" id=\"video-654-1\" width=\"360\" height=\"360\" poster=\"https:\/\/brothersacrossborders.com\/no\/wp-content\/uploads\/sites\/10\/2019\/09\/preview1.png\" preload=\"metadata\" controls=\"controls\"><source type=\"video\/mp4\" src=\"https:\/\/brothersacrossborders.com\/no\/wp-content\/uploads\/sites\/10\/2019\/09\/VIDEO_01_NORWEGIAN.mp4?_=1\" \/><a href=\"https:\/\/brothersacrossborders.com\/no\/wp-content\/uploads\/sites\/10\/2019\/09\/VIDEO_01_NORWEGIAN.mp4\">https:\/\/brothersacrossborders.com\/no\/wp-content\/uploads\/sites\/10\/2019\/09\/VIDEO_01_NORWEGIAN.mp4<\/a><\/video><\/div>\n<p>[\/vc_column_text][\/vc_column][vc_column width=&#8221;1\/3&#8243;][vc_column_text]<\/p>\n<div style=\"width: 360px;\" class=\"wp-video\"><video class=\"wp-video-shortcode\" id=\"video-654-2\" width=\"360\" height=\"360\" poster=\"https:\/\/brothersacrossborders.com\/no\/wp-content\/uploads\/sites\/10\/2019\/09\/preview2.png\" preload=\"metadata\" controls=\"controls\"><source type=\"video\/mp4\" src=\"https:\/\/brothersacrossborders.com\/no\/wp-content\/uploads\/sites\/10\/2019\/09\/VIDEO_02_NORWEGIAN.mp4?_=2\" \/><a href=\"https:\/\/brothersacrossborders.com\/no\/wp-content\/uploads\/sites\/10\/2019\/09\/VIDEO_02_NORWEGIAN.mp4\">https:\/\/brothersacrossborders.com\/no\/wp-content\/uploads\/sites\/10\/2019\/09\/VIDEO_02_NORWEGIAN.mp4<\/a><\/video><\/div>\n<p>[\/vc_column_text][\/vc_column][vc_column width=&#8221;1\/3&#8243;][vc_column_text]<\/p>\n<div style=\"width: 360px;\" class=\"wp-video\"><video class=\"wp-video-shortcode\" id=\"video-654-3\" width=\"360\" height=\"360\" poster=\"https:\/\/brothersacrossborders.com\/no\/wp-content\/uploads\/sites\/10\/2019\/09\/preview2.png\" preload=\"metadata\" controls=\"controls\"><source type=\"video\/mp4\" src=\"https:\/\/brothersacrossborders.com\/no\/wp-content\/uploads\/sites\/10\/2019\/09\/VIDEO_03_NORWEGIAN.mp4?_=3\" \/><a href=\"https:\/\/brothersacrossborders.com\/no\/wp-content\/uploads\/sites\/10\/2019\/09\/VIDEO_03_NORWEGIAN.mp4\">https:\/\/brothersacrossborders.com\/no\/wp-content\/uploads\/sites\/10\/2019\/09\/VIDEO_03_NORWEGIAN.mp4<\/a><\/video><\/div>\n<p>[\/vc_column_text][\/vc_column][\/vc_row][vc_row css_animation=&#8221;&#8221; row_type=&#8221;row&#8221; use_row_as_full_screen_section=&#8221;no&#8221; type=&#8221;full_width&#8221; angled_section=&#8221;no&#8221; text_align=&#8221;left&#8221; background_image_as_pattern=&#8221;without_pattern&#8221;][vc_column][vc_empty_space height=&#8221;30px&#8221;][\/vc_column][\/vc_row][vc_row css_animation=&#8221;&#8221; row_type=&#8221;row&#8221; use_row_as_full_screen_section=&#8221;no&#8221; type=&#8221;full_width&#8221; angled_section=&#8221;no&#8221; text_align=&#8221;left&#8221; background_image_as_pattern=&#8221;without_pattern&#8221;][vc_column][vc_column_text]<\/p>\n<p style=\"text-align: left;\"><span style=\"font-weight: 400;\">Dette prosjektet er finansiert av europeisk trustfond opprettet som respons p\u00e5 den syriske krisen (EU Madad fund). \u00abMadad\u00bb er arabisk for \u00ab\u00e5 hjelpe sammen\u00bb.<\/span><\/p>\n<p>&nbsp;<\/p>\n<p style=\"text-align: left;\"><span style=\"font-weight: 400;\">Prosjektet er et samarbeid mellom 15 R\u00f8de Kors- og R\u00f8de Halvm\u00e5ne-organisasjoner: IFRC, Egyptisk R\u00f8de Halvm\u00e5ne, Fransk R\u00f8de Kors, Tysk R\u00f8de Kors, Irakisk R\u00f8de Halvm\u00e5ne, Jordansk R\u00f8de Halvm\u00e5ne, Libanesisk R\u00f8de Kors, Nederlandsk R\u00f8de Kors, Norges R\u00f8de Kors, Palestinsk R\u00f8de Halvm\u00e5ne, Spansk R\u00f8de Kors, Svensk R\u00f8de Kors, Sveitsisk R\u00f8de Kors, Tyrkisk R\u00f8de Kors, og koordineres av Dansk R\u00f8de Kors.<\/span><\/p>\n<p>&nbsp;<\/p>\n<p style=\"text-align: left;\"><span style=\"font-weight: 400;\">Siden etableringen i desember 2014, er en betydelig andel av EUs bistand for \u00e5 hjelpe syriske flyktninger og st\u00f8tte Syrias naboland med h\u00e5ndteringen av flyktningkrisen, gitt gjennom Madad-stiftelsen. Madad-stiftelsen mobiliserer sitt budsjett fra EU-budsjettet og bidrag fra bidrag fra 22 medlemsland samt Tyrkia.<\/span><\/p>\n<p>&nbsp;<\/p>\n<p style=\"text-align: left;\"><span style=\"font-weight: 400;\">Den styrker en integrert bistand fra EU som respons p\u00e5 krisen, og fokuserer p\u00e5 langsiktig motstandskraft og behov for selvstendighet hos syriske flyktninger og p\u00e5 samme tid lette trykket p\u00e5 vertssamfunnene og deres administrasjoner i naboland som Irak, Jordan, Libanon og Tyrkia.<\/span><\/p>\n<p>&nbsp;<\/p>\n<p style=\"text-align: left;\"><span style=\"font-weight: 400;\">Stiftelsens programmer st\u00f8tter grunnutdanning og barnevern, yrkesoppl\u00e6ring og h\u00f8yere utdanning, \u00f8konomiske muligheter og sosial stabilitet, bedre tilgang til helsetjenester, forbedret infrastruktur for vann og avl\u00f8p, s\u00e5 vel som bistand til selvstendighet, kvinnefrigj\u00f8ring og bekjempelse av kj\u00f8nnsbasert vold.<\/span><\/p>\n<p>&nbsp;<\/p>\n<p>&nbsp;<\/p>\n<p style=\"text-align: left;\"><span style=\"font-weight: 800;\">Om R\u00f8de Kors og R\u00f8de Halvm\u00e5ne-bevegelsen<\/span><\/p>\n<p>&nbsp;<\/p>\n<p style=\"text-align: left;\"><span style=\"font-weight: 400;\">Den Internasjonale R\u00f8de Kors- og R\u00f8de Halvm\u00e5ne-bevegelsen er verdens st\u00f8rste humanit\u00e6re nettverk. Bevegelsen er n\u00f8ytral og upartisk, og tilbyr beskyttelse og hjelp til personer som er ber\u00f8rt av katastrofer og konflikter. Bevegelsen best\u00e5r av nesten 100 millioner medlemmer, frivillige og st\u00f8ttespillere i 190 nasjonale foreninger. Den best\u00e5r av tre hoveddeler:<br \/>\nDen internasjonale R\u00f8de Kors-komiteen (ICRC).<br \/>\nDet internasjonale forbundet av R\u00f8de Kors- og R\u00f8de Halvm\u00e5neforeninger (IFRC).<br \/>\n190 medlemsstyrte R\u00f8de Kors og R\u00f8de Halvm\u00e5neforeninger.<\/span><\/p>\n<p>&nbsp;<\/p>\n<p style=\"text-align: left;\"><span style=\"font-weight: 400;\">Gjennom et bredt utvalg av prosjekter og humanit\u00e6rt arbeid, bidrar medlemmene som partnere til at bevegelsen vokser seg sterkere og sikrere. Bevegelsen jobber ogs\u00e5 i samarbeid med regjeringer, sponsorer og andre hjelpeorganisasjoner for \u00e5 hjelpe s\u00e5rbare mennesker i hele verden. ICRC, forbundet og de nasjonale foreningene er uavhengige organer. Hvert organ har sin egne individuelle status og har ingen autoritet over de andre.<\/span><\/p>\n<p>[\/vc_column_text][\/vc_column][\/vc_row][vc_row css_animation=&#8221;&#8221; row_type=&#8221;row&#8221; use_row_as_full_screen_section=&#8221;no&#8221; type=&#8221;full_width&#8221; angled_section=&#8221;no&#8221; text_align=&#8221;left&#8221; background_image_as_pattern=&#8221;without_pattern&#8221;][vc_column][vc_empty_space height=&#8221;30px&#8221;][vc_column_text]<\/p>\n<p style=\"text-align: left;\"><em><span style=\"font-weight: 400;\">\u00abBrothers across borders\u00bb er en interaktiv fiksjonsfilm hvor seeren kan kontrollere handlingen. For \u00e5 skape en fengende l\u00e6ringsopplevelse, er ikke handlingen alltid helt i tr\u00e5d med virkeligheten. Tyrkisk R\u00f8de Kors vil eksempelvis alltid f\u00f8lge opp saker hvor flyktninger ikke kommer i kontakt med savnede familiemedlemmer.<\/span><\/em><\/p>\n<p>[\/vc_column_text][\/vc_column][\/vc_row][vc_row css_animation=&#8221;&#8221; row_type=&#8221;row&#8221; use_row_as_full_screen_section=&#8221;no&#8221; type=&#8221;full_width&#8221; angled_section=&#8221;no&#8221; text_align=&#8221;left&#8221; background_image_as_pattern=&#8221;without_pattern&#8221;][vc_column][vc_empty_space height=&#8221;80px&#8221;][\/vc_column][\/vc_row]<\/p>\n","protected":false},"excerpt":{"rendered":"<p>[vc_row css_animation=&#8221;&#8221; row_type=&#8221;row&#8221; use_row_as_full_screen_section=&#8221;no&#8221; type=&#8221;full_width&#8221; angled_section=&#8221;no&#8221; text_align=&#8221;left&#8221; background_image_as_pattern=&#8221;without_pattern&#8221;][vc_column][vc_empty_space height=&#8221;70px&#8221;][\/vc_column][\/vc_row][vc_row css_animation=&#8221;&#8221; row_type=&#8221;row&#8221; use_row_as_full_screen_section=&#8221;no&#8221; type=&#8221;full_width&#8221; angled_section=&#8221;no&#8221; text_align=&#8221;left&#8221; background_image_as_pattern=&#8221;without_pattern&#8221;][vc_column][vc_single_image image=&#8221;624&#8243; img_size=&#8221;full&#8221; alignment=&#8221;center&#8221; qode_css_animation=&#8221;&#8221; css=&#8221;.vc_custom_1545328127327{padding-right: 40px !important;padding-left: 40px !important;}&#8221;][vc_empty_space height=&#8221;40px&#8221;][\/vc_column][\/vc_row][vc_row css_animation=&#8221;&#8221; row_type=&#8221;row&#8221; use_row_as_full_screen_section=&#8221;no&#8221; type=&#8221;full_width&#8221; angled_section=&#8221;no&#8221; text_align=&#8221;left&#8221; background_image_as_pattern=&#8221;without_pattern&#8221;][vc_column width=&#8221;1\/2&#8243;][vc_single_image image=&#8221;537&#8243; img_size=&#8221;large&#8221; alignment=&#8221;center&#8221; qode_css_animation=&#8221;&#8221;][\/vc_column][vc_column width=&#8221;1\/2&#8243;][vc_empty_space height=&#8221;30px&#8221;][vc_column_text] Filmen \u00abBrothers Across Borders\u00bb er&#8230;<\/p>\n","protected":false},"author":1,"featured_media":0,"parent":0,"menu_order":0,"comment_status":"closed","ping_status":"closed","template":"","meta":[],"_links":{"self":[{"href":"https:\/\/brothersacrossborders.com\/no\/wp-json\/wp\/v2\/pages\/654"}],"collection":[{"href":"https:\/\/brothersacrossborders.com\/no\/wp-json\/wp\/v2\/pages"}],"about":[{"href":"https:\/\/brothersacrossborders.com\/no\/wp-json\/wp\/v2\/types\/page"}],"author":[{"embeddable":true,"href":"https:\/\/brothersacrossborders.com\/no\/wp-json\/wp\/v2\/users\/1"}],"replies":[{"embeddable":true,"href":"https:\/\/brothersacrossborders.com\/no\/wp-json\/wp\/v2\/comments?post=654"}],"version-history":[{"count":4,"href":"https:\/\/brothersacrossborders.com\/no\/wp-json\/wp\/v2\/pages\/654\/revisions"}],"predecessor-version":[{"id":663,"href":"https:\/\/brothersacrossborders.com\/no\/wp-json\/wp\/v2\/pages\/654\/revisions\/663"}],"wp:attachment":[{"href":"https:\/\/brothersacrossborders.com\/no\/wp-json\/wp\/v2\/media?parent=654"}],"curies":[{"name":"wp","href":"https:\/\/api.w.org\/{rel}","templated":true}]}}