{"id":186,"date":"2018-10-22T13:35:26","date_gmt":"2018-10-22T13:35:26","guid":{"rendered":"http:\/\/brothersacrossborders.com\/eng\/?page_id=186"},"modified":"2018-12-20T17:59:35","modified_gmt":"2018-12-20T17:59:35","slug":"credits","status":"publish","type":"page","link":"https:\/\/brothersacrossborders.com\/no\/credits\/","title":{"rendered":"Karakterenes Biografier"},"content":{"rendered":"<p>[vc_row css_animation=&#8221;&#8221; row_type=&#8221;row&#8221; use_row_as_full_screen_section=&#8221;no&#8221; type=&#8221;full_width&#8221; angled_section=&#8221;no&#8221; text_align=&#8221;left&#8221; background_image_as_pattern=&#8221;without_pattern&#8221;][vc_column][vc_empty_space height=&#8221;70&#8243;][\/vc_column][\/vc_row][vc_row css_animation=&#8221;&#8221; row_type=&#8221;row&#8221; use_row_as_full_screen_section=&#8221;no&#8221; type=&#8221;full_width&#8221; angled_section=&#8221;no&#8221; text_align=&#8221;left&#8221; background_image_as_pattern=&#8221;without_pattern&#8221;][vc_column][vc_single_image image=&#8221;626&#8243; img_size=&#8221;full&#8221; alignment=&#8221;center&#8221; qode_css_animation=&#8221;&#8221; css=&#8221;.vc_custom_1545328217468{padding-right: 40px !important;padding-left: 40px !important;}&#8221;][\/vc_column][\/vc_row][vc_row css_animation=&#8221;&#8221; row_type=&#8221;row&#8221; use_row_as_full_screen_section=&#8221;no&#8221; type=&#8221;full_width&#8221; angled_section=&#8221;no&#8221; text_align=&#8221;left&#8221; background_image_as_pattern=&#8221;without_pattern&#8221;][vc_column][vc_empty_space height=&#8221;40px&#8221;][\/vc_column][\/vc_row][vc_row css_animation=&#8221;&#8221; row_type=&#8221;row&#8221; use_row_as_full_screen_section=&#8221;no&#8221; type=&#8221;full_width&#8221; angled_section=&#8221;no&#8221; text_align=&#8221;left&#8221; background_image_as_pattern=&#8221;without_pattern&#8221;][vc_column width=&#8221;1\/2&#8243;][vc_single_image image=&#8221;509&#8243; img_size=&#8221;full&#8221; alignment=&#8221;center&#8221; qode_css_animation=&#8221;&#8221; css=&#8221;.vc_custom_1543414853813{padding-bottom: 20px !important;}&#8221;][vc_column_text]<\/p>\n<h3>Muhammed<\/h3>\n<h3>Navn: Mehmet<\/h3>\n<h3>Alder: 22<\/h3>\n<h3>Nasjonalitet: Tyrkisk<\/h3>\n<p>[\/vc_column_text][vc_empty_space height=&#8221;20px&#8221;][vc_column_text]<span style=\"font-weight: 400;\">Mehmet spiller rollen til b\u00e5de Ismael (f\u00f8rsteperson) og broren Muhammed. Han er fra en liten by n\u00e6r Aleppo, hvor han vokste opp sammen med moren, faren og sine to yngre br\u00f8dre. I 2015 forlot faren Syria for \u00e5 finne et trygt sted for familien i Europa. Han tok b\u00e5ten fra den tyrkiske kysten mot Hellas, og gikk deretter hele veien til Danmark i Nord-Europa. Omtrent et \u00e5r etterp\u00e5 ble Mehmets mor og to br\u00f8dre gjenforent med faren i Danmark, men Mehmet ville ikke dra. Han valgte \u00e5 g\u00e5 p\u00e5 universitetet i Adana i Tyrkia, og i dag studerer han for \u00e5 bli ingeni\u00f8r. Han h\u00e5per \u00e5 bli gjenforent med dem n\u00e5r han er ferdig med studiene.<\/span>[\/vc_column_text][vc_empty_space height=&#8221;80px&#8221;][\/vc_column][vc_column width=&#8221;1\/2&#8243;][vc_single_image image=&#8221;510&#8243; img_size=&#8221;full&#8221; alignment=&#8221;center&#8221; qode_css_animation=&#8221;&#8221; css=&#8221;.vc_custom_1543414871314{padding-bottom: 20px !important;}&#8221;][vc_column_text]<\/p>\n<h3>Ismael<\/h3>\n<h3>Navn: \u0130brahim \u00c7a\u011fatay<\/h3>\n<h3>Alder: 21<\/h3>\n<h3>Nasjonalitet: Tyrkisk<\/h3>\n<p>[\/vc_column_text][vc_empty_space height=&#8221;20px&#8221;][vc_column_text]<span style=\"font-weight: 400;\">Ibrahim, som spiller karakteren Ismael (f\u00f8rsteperson), er en arkeologistudent fra universitetet i Harran. De tre siste \u00e5rene har han jobbet frivillig som president i ungdomsgrenen i den tyrkiske R\u00f8de Halvm\u00e5ne ved universitetet sitt.<\/span>[\/vc_column_text][vc_empty_space height=&#8221;80px&#8221;][\/vc_column][\/vc_row][vc_row css_animation=&#8221;&#8221; row_type=&#8221;row&#8221; use_row_as_full_screen_section=&#8221;no&#8221; type=&#8221;full_width&#8221; angled_section=&#8221;no&#8221; text_align=&#8221;left&#8221; background_image_as_pattern=&#8221;without_pattern&#8221;][vc_column css=&#8221;.vc_custom_1543413895368{padding-right: 50px !important;padding-left: 50px !important;}&#8221;][vc_empty_space height=&#8221;50px&#8221;][\/vc_column][\/vc_row][vc_row css_animation=&#8221;&#8221; row_type=&#8221;row&#8221; use_row_as_full_screen_section=&#8221;no&#8221; type=&#8221;full_width&#8221; angled_section=&#8221;no&#8221; text_align=&#8221;left&#8221; background_image_as_pattern=&#8221;without_pattern&#8221;][vc_column width=&#8221;1\/3&#8243;][vc_single_image image=&#8221;379&#8243; img_size=&#8221;full&#8221; alignment=&#8221;center&#8221; onclick=&#8221;link_image&#8221; qode_css_animation=&#8221;&#8221; css=&#8221;.vc_custom_1542100765967{padding-right: 0px !important;padding-bottom: 20px !important;padding-left: 0px !important;}&#8221;][vc_column_text]<\/p>\n<h3>Ismaels mor<\/h3>\n<h3>Navn: Farah Firat<\/h3>\n<h3>Alder: 24<\/h3>\n<h3>Nasjonalitet: Syrisk<\/h3>\n<p>[\/vc_column_text][vc_empty_space height=&#8221;20px&#8221;][vc_column_text]<span style=\"font-weight: 400;\">Farah forlot Syria for 3 \u00e5r siden med sine to yngre s\u00f8stre. De ankom Gaziantep til fots siden de ikke hadde bil. De 3 s\u00f8sknene gikk hovedsakelig p\u00e5 nattestid for \u00e5 ikke bli tatt. Broren hennes bodde i Gaziantep, s\u00e5 derfor endte de opp der. Men n\u00e5 er hun den eneste i familien som fortsatt bor i byen siden de andre har returnert til Syria. Farah p\u00e5 den andre siden liker Tyrkia, hvor hun fant ektemannen sin, Halit Firat. De har v\u00e6rt gift i halvannet \u00e5r, og fikk akkurat en liten s\u00f8nn som heter Mohammad.<\/span>[\/vc_column_text][vc_empty_space height=&#8221;80px&#8221;][\/vc_column][vc_column width=&#8221;1\/3&#8243;][vc_single_image image=&#8221;381&#8243; img_size=&#8221;full&#8221; alignment=&#8221;center&#8221; onclick=&#8221;link_image&#8221; qode_css_animation=&#8221;&#8221; css=&#8221;.vc_custom_1542101141390{padding-right: 0px !important;padding-bottom: 20px !important;padding-left: 0px !important;}&#8221;][vc_column_text]<\/p>\n<h3>Motorsykkelmann<\/h3>\n<h3>Navn: Ahmed<\/h3>\n<h3>Alder: 73<\/h3>\n<h3>Nasjonalitet: Tyrkisk<\/h3>\n<p>[\/vc_column_text][vc_empty_space height=&#8221;20px&#8221;][vc_column_text]<span style=\"font-weight: 400;\">Eieren av pistasj\u00e5keren i utkanten av Gaziantep. Han v\u00e5ker over \u00e5keren d\u00f8gnet rundt p\u00e5 sommeren med gev\u00e6r og lommelykt for \u00e5 beskytte avlingen mot tyver. Han har seks d\u00f8tre og en s\u00f8nn.<\/span>[\/vc_column_text][vc_empty_space height=&#8221;80px&#8221;][\/vc_column][vc_column width=&#8221;1\/3&#8243;][vc_single_image image=&#8221;378&#8243; img_size=&#8221;full&#8221; alignment=&#8221;center&#8221; onclick=&#8221;link_image&#8221; qode_css_animation=&#8221;&#8221; css=&#8221;.vc_custom_1542100782167{padding-right: 0px !important;padding-bottom: 20px !important;padding-left: 0px !important;}&#8221;][vc_column_text]<\/p>\n<h3>Luttspiller<\/h3>\n<h3>Navn: Nuri<\/h3>\n<h3>Alder: 17<\/h3>\n<h3>Nasjonalitet: Syrisk<\/h3>\n<p>[\/vc_column_text][vc_empty_space height=&#8221;20px&#8221;][vc_column_text]<span style=\"font-weight: 400;\">Forlot Syria for 5 \u00e5r siden fra et omr\u00e5de som heter Afran. Hans eldre bror dro til Tyrkia tidligere, hvor han bodde i Gaziantep og senere dro til Izmir. Familien er n\u00e5 gjenforent i Izmir hvor han studerer tyrkisk p\u00e5 det lokale R\u00f8de Kors-senteret med sin eldre bror og lilles\u00f8ster. Han har spilt lutt i et par \u00e5r, og gj\u00f8r n\u00e5 sm\u00e5jobber som musiker, som han h\u00e5per \u00e5 kunne leve av en dag. Noe av musikken i filmen er spilt av ham.<\/span>[\/vc_column_text][vc_empty_space height=&#8221;80px&#8221;][\/vc_column][\/vc_row][vc_row css_animation=&#8221;&#8221; row_type=&#8221;row&#8221; use_row_as_full_screen_section=&#8221;no&#8221; type=&#8221;full_width&#8221; angled_section=&#8221;no&#8221; text_align=&#8221;left&#8221; background_image_as_pattern=&#8221;without_pattern&#8221;][vc_column width=&#8221;1\/3&#8243;][vc_single_image image=&#8221;376&#8243; img_size=&#8221;full&#8221; alignment=&#8221;center&#8221; onclick=&#8221;link_image&#8221; qode_css_animation=&#8221;&#8221; css=&#8221;.vc_custom_1542100559764{padding-right: 0px !important;padding-bottom: 20px !important;padding-left: 0px !important;}&#8221;][vc_column_text]<\/p>\n<h3>Pistasjselger<\/h3>\n<h3>Navn: Ahmet<\/h3>\n<h3>Alder: 19<\/h3>\n<h3>Nasjonalitet: Syrisk<\/h3>\n<p>[\/vc_column_text][vc_empty_space height=&#8221;20px&#8221;][vc_column_text]<span style=\"font-weight: 400;\">Forlot Syria for 5 \u00e5r siden p\u00e5 grunn av borgerkrigen. Arbeider som gateselger og selger forskjellige typer frukt og n\u00f8tter avhengig av sesongen. Han oppholder seg vanligvis i \u00e9n m\u00e5ned p\u00e5 hvert sted f\u00f8r han flytter seg til et annet sted i byen.<\/span>[\/vc_column_text][vc_empty_space height=&#8221;80px&#8221;][\/vc_column][vc_column width=&#8221;1\/3&#8243;][vc_single_image image=&#8221;374&#8243; img_size=&#8221;full&#8221; alignment=&#8221;center&#8221; onclick=&#8221;link_image&#8221; qode_css_animation=&#8221;&#8221; css=&#8221;.vc_custom_1542100081906{padding-right: 0px !important;padding-bottom: 20px !important;padding-left: 0px !important;}&#8221;][vc_column_text]<\/p>\n<h3>Imam<\/h3>\n<h3>Navn: Atif Deniz<\/h3>\n<h3>Alder: 38<\/h3>\n<h3>Nasjonalitet: Tyrkisk<\/h3>\n<p>[\/vc_column_text][vc_empty_space height=&#8221;20px&#8221;][vc_column_text]<span style=\"font-weight: 400;\">Atif har v\u00e6rt imam siden 2002 og har arbeidet i denne spesifikke moskeen i cirka et \u00e5r. Han er der hver dag for \u00e5 delta i de 5 daglige b\u00f8nnene. Bortsett fra b\u00f8nnene, gir han ogs\u00e5 r\u00e5d til personer som kommer til moskeen. Mange syriske flyktninger kommer til moskeen.<\/span>[\/vc_column_text][vc_empty_space height=&#8221;80px&#8221;][\/vc_column][vc_column width=&#8221;1\/3&#8243;][vc_single_image image=&#8221;399&#8243; img_size=&#8221;full&#8221; alignment=&#8221;center&#8221; onclick=&#8221;link_image&#8221; qode_css_animation=&#8221;&#8221; css=&#8221;.vc_custom_1542124955248{padding-right: 0px !important;padding-bottom: 20px !important;padding-left: 0px !important;}&#8221;][vc_column_text]<\/p>\n<h3>Bonde<\/h3>\n<h3>Navn: Abdul Aziz Muhammad<\/h3>\n<h3>Alder: 36<\/h3>\n<h3>Nasjonalitet: Syrisk<\/h3>\n<p>[\/vc_column_text][vc_empty_space height=&#8221;20px&#8221;][vc_column_text]<span style=\"font-weight: 400;\">Abdul er en bonde som forlot Haseka i Nord-Syria i 2013. Tilbake i Syria var han bomullsbonde, men her i Torbali arbeider han i \u00e5keren og dyrker purre. Han har 7 barn, det eldste er 14 \u00e5r gammelt og det yngste er 6 m\u00e5neder.<\/span>[\/vc_column_text][vc_empty_space height=&#8221;80px&#8221;][\/vc_column][\/vc_row][vc_row css_animation=&#8221;&#8221; row_type=&#8221;row&#8221; use_row_as_full_screen_section=&#8221;no&#8221; type=&#8221;full_width&#8221; angled_section=&#8221;no&#8221; text_align=&#8221;left&#8221; background_image_as_pattern=&#8221;without_pattern&#8221;][vc_column][vc_empty_space height=&#8221;80px&#8221;][\/vc_column][\/vc_row]<\/p>\n","protected":false},"excerpt":{"rendered":"<p>[vc_row css_animation=&#8221;&#8221; row_type=&#8221;row&#8221; use_row_as_full_screen_section=&#8221;no&#8221; type=&#8221;full_width&#8221; angled_section=&#8221;no&#8221; text_align=&#8221;left&#8221; background_image_as_pattern=&#8221;without_pattern&#8221;][vc_column][vc_empty_space height=&#8221;70&#8243;][\/vc_column][\/vc_row][vc_row css_animation=&#8221;&#8221; row_type=&#8221;row&#8221; use_row_as_full_screen_section=&#8221;no&#8221; type=&#8221;full_width&#8221; angled_section=&#8221;no&#8221; text_align=&#8221;left&#8221; background_image_as_pattern=&#8221;without_pattern&#8221;][vc_column][vc_single_image image=&#8221;626&#8243; img_size=&#8221;full&#8221; alignment=&#8221;center&#8221; qode_css_animation=&#8221;&#8221; css=&#8221;.vc_custom_1545328217468{padding-right: 40px !important;padding-left: 40px !important;}&#8221;][\/vc_column][\/vc_row][vc_row css_animation=&#8221;&#8221; row_type=&#8221;row&#8221; use_row_as_full_screen_section=&#8221;no&#8221; type=&#8221;full_width&#8221; angled_section=&#8221;no&#8221; text_align=&#8221;left&#8221; background_image_as_pattern=&#8221;without_pattern&#8221;][vc_column][vc_empty_space height=&#8221;40px&#8221;][\/vc_column][\/vc_row][vc_row css_animation=&#8221;&#8221; row_type=&#8221;row&#8221; use_row_as_full_screen_section=&#8221;no&#8221; type=&#8221;full_width&#8221; angled_section=&#8221;no&#8221; text_align=&#8221;left&#8221; background_image_as_pattern=&#8221;without_pattern&#8221;][vc_column width=&#8221;1\/2&#8243;][vc_single_image image=&#8221;509&#8243; img_size=&#8221;full&#8221; alignment=&#8221;center&#8221; qode_css_animation=&#8221;&#8221;&#8230;<\/p>\n","protected":false},"author":1,"featured_media":0,"parent":0,"menu_order":0,"comment_status":"closed","ping_status":"closed","template":"","meta":[],"_links":{"self":[{"href":"https:\/\/brothersacrossborders.com\/no\/wp-json\/wp\/v2\/pages\/186"}],"collection":[{"href":"https:\/\/brothersacrossborders.com\/no\/wp-json\/wp\/v2\/pages"}],"about":[{"href":"https:\/\/brothersacrossborders.com\/no\/wp-json\/wp\/v2\/types\/page"}],"author":[{"embeddable":true,"href":"https:\/\/brothersacrossborders.com\/no\/wp-json\/wp\/v2\/users\/1"}],"replies":[{"embeddable":true,"href":"https:\/\/brothersacrossborders.com\/no\/wp-json\/wp\/v2\/comments?post=186"}],"version-history":[{"count":53,"href":"https:\/\/brothersacrossborders.com\/no\/wp-json\/wp\/v2\/pages\/186\/revisions"}],"predecessor-version":[{"id":628,"href":"https:\/\/brothersacrossborders.com\/no\/wp-json\/wp\/v2\/pages\/186\/revisions\/628"}],"wp:attachment":[{"href":"https:\/\/brothersacrossborders.com\/no\/wp-json\/wp\/v2\/media?parent=186"}],"curies":[{"name":"wp","href":"https:\/\/api.w.org\/{rel}","templated":true}]}}