{"id":652,"date":"2019-09-30T09:03:55","date_gmt":"2019-09-30T09:03:55","guid":{"rendered":"https:\/\/brothersacrossborders.com\/fr\/?page_id=652"},"modified":"2019-11-01T09:08:11","modified_gmt":"2019-11-01T09:08:11","slug":"about","status":"publish","type":"page","link":"https:\/\/brothersacrossborders.com\/fr\/about\/","title":{"rendered":"\u00c0 Propos Du Projet"},"content":{"rendered":"<p>[vc_row css_animation=&#8221;&#8221; row_type=&#8221;row&#8221; use_row_as_full_screen_section=&#8221;no&#8221; type=&#8221;full_width&#8221; angled_section=&#8221;no&#8221; text_align=&#8221;left&#8221; background_image_as_pattern=&#8221;without_pattern&#8221;][vc_column][vc_empty_space height=&#8221;70px&#8221;][\/vc_column][\/vc_row][vc_row css_animation=&#8221;&#8221; row_type=&#8221;row&#8221; use_row_as_full_screen_section=&#8221;no&#8221; type=&#8221;full_width&#8221; angled_section=&#8221;no&#8221; text_align=&#8221;left&#8221; background_image_as_pattern=&#8221;without_pattern&#8221;][vc_column][vc_single_image image=&#8221;626&#8243; img_size=&#8221;full&#8221; alignment=&#8221;center&#8221; qode_css_animation=&#8221;&#8221; css=&#8221;.vc_custom_1545331230568{padding-right: 40px !important;padding-left: 40px !important;}&#8221;][vc_empty_space height=&#8221;40px&#8221;][\/vc_column][\/vc_row][vc_row css_animation=&#8221;&#8221; row_type=&#8221;row&#8221; use_row_as_full_screen_section=&#8221;no&#8221; type=&#8221;full_width&#8221; angled_section=&#8221;no&#8221; text_align=&#8221;left&#8221; background_image_as_pattern=&#8221;without_pattern&#8221;][vc_column width=&#8221;1\/2&#8243;][vc_single_image image=&#8221;537&#8243; img_size=&#8221;large&#8221; alignment=&#8221;center&#8221; qode_css_animation=&#8221;&#8221;][\/vc_column][vc_column width=&#8221;1\/2&#8243;][vc_empty_space height=&#8221;30px&#8221;][vc_column_text]<\/p>\n<p style=\"text-align: left;\"><span style=\"font-weight: 400;\">\u00abBrothers Across Borders\u00bb est un film interactif qui se d\u00e9roule en Syrie et en Turquie. D\u2019une mani\u00e8re captivante et int\u00e9ressante, il raconte les conditions de vie des personnes vivant dans ces r\u00e9gions et les choix qu\u2019ils ont \u00e0 faire. Le film est produit par Laban Stories pour la Croix-Rouge et fait partie du projet Madad.<\/span><\/p>\n<p>&nbsp;<\/p>\n<p style=\"text-align: left;\"><span style=\"font-weight: 400;\">\u00abBrothers Across Borders\u00bb est pr\u00e9vu pour des enfants et \u00e9tudiants de 12 \u00e0 17 ans, combinant une histoire visuelle et un jeu consistant en plusieurs choix et prises de d\u00e9cisions. Cela permet aux \u00e9tudiants de faire l\u2019exp\u00e9rience de la vie d\u2019un r\u00e9fugi\u00e9 syrien car le film les emm\u00e8ne dans des lieux r\u00e9els en Syrie et en Turquie. De cette mani\u00e8re, ils vivent des situations r\u00e9elles plut\u00f4t que d\u2019en entendre parler dans les journaux et d\u2019autres sources indirectes.<\/span><\/p>\n<p>&nbsp;<\/p>\n<p style=\"text-align: left;\"><span style=\"font-weight: 400;\">Par le biais de ce mat\u00e9riel, nous voulons encourager les \u00e9l\u00e8ves \u00e0 \u00eatre curieux, \u00e0 poser des questions et \u00e0 r\u00e9fl\u00e9chir. Notre souhait est que le mat\u00e9riel permette une meilleure compr\u00e9hension des personnes qui vivent de telles situations ainsi que d\u2019inspirer des actions entreprises par les \u00e9tudiants afin de venir en aide et de soutenir les \u00eatres humains.<br \/>\n<\/span><\/p>\n<p>[\/vc_column_text][\/vc_column][\/vc_row][vc_row css_animation=&#8221;&#8221; row_type=&#8221;row&#8221; use_row_as_full_screen_section=&#8221;no&#8221; type=&#8221;full_width&#8221; angled_section=&#8221;no&#8221; text_align=&#8221;left&#8221; background_image_as_pattern=&#8221;without_pattern&#8221;][vc_column][vc_empty_space height=&#8221;80px&#8221;][\/vc_column][vc_column][vc_column_text]<\/p>\n<p style=\"text-align: left;\"><span style=\"font-weight: 800;\">\u00c0 propos de Fonds fiduciaire r\u00e9gional de l\u2019Union europ\u00e9enne en r\u00e9ponse \u00e0 la crise syrienne:<\/span><\/p>\n<p>[\/vc_column_text][vc_empty_space height=&#8221;30px&#8221;][\/vc_column][\/vc_row][vc_row css_animation=&#8221;&#8221; row_type=&#8221;row&#8221; use_row_as_full_screen_section=&#8221;no&#8221; type=&#8221;full_width&#8221; angled_section=&#8221;no&#8221; text_align=&#8221;left&#8221; background_image_as_pattern=&#8221;without_pattern&#8221;][vc_column width=&#8221;1\/3&#8243;][vc_column_text]<\/p>\n<div style=\"width: 360px;\" class=\"wp-video\"><!--[if lt IE 9]><script>document.createElement('video');<\/script><![endif]-->\n<video class=\"wp-video-shortcode\" id=\"video-652-1\" width=\"360\" height=\"360\" poster=\"https:\/\/brothersacrossborders.com\/fr\/wp-content\/uploads\/sites\/11\/2019\/09\/preview1.png\" preload=\"metadata\" controls=\"controls\"><source type=\"video\/mp4\" src=\"https:\/\/brothersacrossborders.com\/fr\/wp-content\/uploads\/sites\/11\/2019\/09\/VIDEO_01_FRENCH.mp4?_=1\" \/><a href=\"https:\/\/brothersacrossborders.com\/fr\/wp-content\/uploads\/sites\/11\/2019\/09\/VIDEO_01_FRENCH.mp4\">https:\/\/brothersacrossborders.com\/fr\/wp-content\/uploads\/sites\/11\/2019\/09\/VIDEO_01_FRENCH.mp4<\/a><\/video><\/div>\n<p>[\/vc_column_text][\/vc_column][vc_column width=&#8221;1\/3&#8243;][vc_column_text]<\/p>\n<div style=\"width: 360px;\" class=\"wp-video\"><video class=\"wp-video-shortcode\" id=\"video-652-2\" width=\"360\" height=\"360\" poster=\"https:\/\/brothersacrossborders.com\/fr\/wp-content\/uploads\/sites\/11\/2019\/09\/preview2.png\" preload=\"metadata\" controls=\"controls\"><source type=\"video\/mp4\" src=\"https:\/\/brothersacrossborders.com\/fr\/wp-content\/uploads\/sites\/11\/2019\/09\/VIDEO_02_FRENCH.mp4?_=2\" \/><a href=\"https:\/\/brothersacrossborders.com\/fr\/wp-content\/uploads\/sites\/11\/2019\/09\/VIDEO_02_FRENCH.mp4\">https:\/\/brothersacrossborders.com\/fr\/wp-content\/uploads\/sites\/11\/2019\/09\/VIDEO_02_FRENCH.mp4<\/a><\/video><\/div>\n<p>[\/vc_column_text][\/vc_column][vc_column width=&#8221;1\/3&#8243;][vc_column_text]<\/p>\n<div style=\"width: 360px;\" class=\"wp-video\"><video class=\"wp-video-shortcode\" id=\"video-652-3\" width=\"360\" height=\"360\" poster=\"https:\/\/brothersacrossborders.com\/fr\/wp-content\/uploads\/sites\/11\/2019\/09\/preview2.png\" preload=\"metadata\" controls=\"controls\"><source type=\"video\/mp4\" src=\"https:\/\/brothersacrossborders.com\/fr\/wp-content\/uploads\/sites\/11\/2019\/09\/VIDEO_03_FRENCH.mp4?_=3\" \/><a href=\"https:\/\/brothersacrossborders.com\/fr\/wp-content\/uploads\/sites\/11\/2019\/09\/VIDEO_03_FRENCH.mp4\">https:\/\/brothersacrossborders.com\/fr\/wp-content\/uploads\/sites\/11\/2019\/09\/VIDEO_03_FRENCH.mp4<\/a><\/video><\/div>\n<p>[\/vc_column_text][\/vc_column][\/vc_row][vc_row css_animation=&#8221;&#8221; row_type=&#8221;row&#8221; use_row_as_full_screen_section=&#8221;no&#8221; type=&#8221;full_width&#8221; angled_section=&#8221;no&#8221; text_align=&#8221;left&#8221; background_image_as_pattern=&#8221;without_pattern&#8221;][vc_column][vc_empty_space height=&#8221;30px&#8221;][\/vc_column][\/vc_row][vc_row css_animation=&#8221;&#8221; row_type=&#8221;row&#8221; use_row_as_full_screen_section=&#8221;no&#8221; type=&#8221;full_width&#8221; angled_section=&#8221;no&#8221; text_align=&#8221;left&#8221; background_image_as_pattern=&#8221;without_pattern&#8221;][vc_column][vc_column_text]<\/p>\n<p style=\"text-align: left;\"><span style=\"font-weight: 400;\">Le projet est financ\u00e9 par la Fonds fiduciaire r\u00e9gional de l\u2019Union europ\u00e9enne en r\u00e9ponse \u00e0 la crise syrienne (EU Madad fund). \u00ab Madad \u00bb est un mot arabe qui signifie \u00ab s\u2019entraider \u00bb.<\/span><\/p>\n<p>&nbsp;<\/p>\n<p style=\"text-align: left;\"><span style=\"font-weight: 400;\">Le projet est une collaboration entre 15 Soci\u00e9t\u00e9s de la Croix-Rouge et du Croissant-Rouge : FICR, Croissant-Rouge \u00e9gyptien, Croix-Rouge fran\u00e7aise, Croix-Rouge allemande, Croissant-Rouge irakien, Croissant-Rouge jordanien, Croix-Rouge libanaise, Croix-Rouge n\u00e9erlandaise, Croix-Rouge norv\u00e9gienne, Croissant-Rouge palestinien, Croix-Rouge espagnole, Croix-Rouge su\u00e9doise, Croix-Rouge suisse, Croissant-Rouge turc et il est coordonn\u00e9 par la Croix-Rouge danoise.<\/span><\/p>\n<p>&nbsp;<\/p>\n<p style=\"text-align: left;\"><span style=\"font-weight: 400;\">Depuis sa cr\u00e9ation en d\u00e9cembre 2014, une part importante de l\u2019aide de l\u2019UE destin\u00e9e \u00e0 aider les r\u00e9fugi\u00e9s syriens et \u00e0 aider les pays voisins de la Syrie \u00e0 faire face \u00e0 la crise des r\u00e9fugi\u00e9s est fournie via le Fonds fiduciaire de l\u2019UE. Le fonds fiduciaire mobilise son budget sur le budget de l\u2019UE et les contributions de 22 \u00c9tats membres de l\u2019UE et de la Turquie.<br \/>\n<\/span><\/p>\n<p>&nbsp;<\/p>\n<p style=\"text-align: left;\"><span style=\"font-weight: 400;\">Il renforce une r\u00e9ponse int\u00e9gr\u00e9e de l\u2019aide de l\u2019UE \u00e0 la crise et s\u2019attaque principalement \u00e0 la r\u00e9silience \u00e0 long terme. Il doit \u00e9galement renforcer l\u2019autosuffisance des r\u00e9fugi\u00e9s syriens tout en att\u00e9nuant les pressions sur les communaut\u00e9s h\u00f4tes et leurs administrations dans les pays voisins tels que l\u2019Irak, la Jordanie, le Liban et la Turquie.<br \/>\n<\/span><\/p>\n<p>&nbsp;<\/p>\n<p style=\"text-align: left;\"><span style=\"font-weight: 400;\">Les programmes du Fonds fiduciaire soutiennent l\u2019\u00e9ducation de base et la protection de l\u2019enfance, la formation professionnelle et sup\u00e9rieure, les opportunit\u00e9s \u00e9conomiques et la stabilit\u00e9 sociale, un meilleur acc\u00e8s aux soins de sant\u00e9, de meilleures infrastructures d\u2019alimentation en eau et d\u2019assainissement, ainsi que la r\u00e9silience, l\u2019autonomisation des femmes et la lutte contre la violence sexiste.<br \/>\n<\/span><\/p>\n<p>&nbsp;<\/p>\n<p>&nbsp;<\/p>\n<p style=\"text-align: left;\"><span style=\"font-weight: 800;\">\u00c0 propos Le Mouvement international de la Croix-Rouge et du Croissant-Rouge<\/span><\/p>\n<p>&nbsp;<\/p>\n<p style=\"text-align: left;\"><span style=\"font-weight: 400;\">Le Mouvement international de la Croix-Rouge et du Croissant-Rouge est le plus vaste r\u00e9seau humanitaire au monde. Le Mouvement est neutre et impartial et offre protection et assistance \u00e0 des personnes touch\u00e9es par des catastrophes et des conflits. Le Mouvement se compose de pr\u00e8s de 100 millions de membres, de volontaires et de sympathisants dans 190 Soci\u00e9t\u00e9s Nationales. Il comprend trois composantes principales :<br \/>\n&#8211; Le Comit\u00e9 international de la Croix-Rouge (CICR)<br \/>\n&#8211; La F\u00e9d\u00e9ration internationale des Soci\u00e9t\u00e9s de la Croix-Rouge et du Croissant-Rouge (IFRC)<br \/>\n&#8211; 190 Soci\u00e9t\u00e9s membres de la Croix-Rouge et du Croissant-Rouge<\/span><\/p>\n<p>&nbsp;<\/p>\n<p style=\"text-align: left;\"><span style=\"font-weight: 400;\">En tant que partenaires, les diff\u00e9rents membres du Mouvement aident les communaut\u00e9s \u00e0 devenir plus fortes et plus s\u00fbres gr\u00e2ce \u00e0 toute une s\u00e9rie de projets de d\u00e9veloppement et d\u2019activit\u00e9s humanitaires. Le Mouvement travaille \u00e9galement en coop\u00e9ration avec les gouvernements, les donateurs et d\u2019autres associations humanitaires pour assister les personnes vuln\u00e9rables partout dans le monde. Le CICR, la F\u00e9d\u00e9ration et les Soci\u00e9t\u00e9s nationales sont des corps ind\u00e9pendants. Chacun dispose de son propre statut d\u2019individu et n\u2019exerce aucune autorit\u00e9 sur les autres.<\/span><\/p>\n<p>[\/vc_column_text][\/vc_column][\/vc_row][vc_row css_animation=&#8221;&#8221; row_type=&#8221;row&#8221; use_row_as_full_screen_section=&#8221;no&#8221; type=&#8221;full_width&#8221; angled_section=&#8221;no&#8221; text_align=&#8221;left&#8221; background_image_as_pattern=&#8221;without_pattern&#8221;][vc_column][vc_empty_space height=&#8221;30px&#8221;][vc_column_text]<\/p>\n<p style=\"text-align: left;\"><em><span style=\"font-weight: 400;\">\u00abBrothers Across Borders\u00bb est une fiction interactive dans laquelle l\u2019utilisateur peut contr\u00f4ler l\u2019action lui-m\u00eame. Afin de cr\u00e9er une exp\u00e9rience d\u2019apprentissage captivante, l\u2019action dans certains lieux n\u2019est pas enti\u00e8rement compatible avec la r\u00e9alit\u00e9. Par exemple, le Croissant-Rouge turc poursuivra toujours les recherches si un r\u00e9fugi\u00e9 ne parvient pas \u00e0 avoir des nouvelles de membres de sa famille disparus.<\/span><\/em><\/p>\n<p>[\/vc_column_text][\/vc_column][\/vc_row][vc_row css_animation=&#8221;&#8221; row_type=&#8221;row&#8221; use_row_as_full_screen_section=&#8221;no&#8221; type=&#8221;full_width&#8221; angled_section=&#8221;no&#8221; text_align=&#8221;left&#8221; background_image_as_pattern=&#8221;without_pattern&#8221;][vc_column][vc_empty_space height=&#8221;80px&#8221;][\/vc_column][\/vc_row]<\/p>\n","protected":false},"excerpt":{"rendered":"<p>[vc_row css_animation=&#8221;&#8221; row_type=&#8221;row&#8221; use_row_as_full_screen_section=&#8221;no&#8221; type=&#8221;full_width&#8221; angled_section=&#8221;no&#8221; text_align=&#8221;left&#8221; background_image_as_pattern=&#8221;without_pattern&#8221;][vc_column][vc_empty_space height=&#8221;70px&#8221;][\/vc_column][\/vc_row][vc_row css_animation=&#8221;&#8221; row_type=&#8221;row&#8221; use_row_as_full_screen_section=&#8221;no&#8221; type=&#8221;full_width&#8221; angled_section=&#8221;no&#8221; text_align=&#8221;left&#8221; background_image_as_pattern=&#8221;without_pattern&#8221;][vc_column][vc_single_image image=&#8221;626&#8243; img_size=&#8221;full&#8221; alignment=&#8221;center&#8221; qode_css_animation=&#8221;&#8221; css=&#8221;.vc_custom_1545331230568{padding-right: 40px !important;padding-left: 40px !important;}&#8221;][vc_empty_space height=&#8221;40px&#8221;][\/vc_column][\/vc_row][vc_row css_animation=&#8221;&#8221; row_type=&#8221;row&#8221; use_row_as_full_screen_section=&#8221;no&#8221; type=&#8221;full_width&#8221; angled_section=&#8221;no&#8221; text_align=&#8221;left&#8221; background_image_as_pattern=&#8221;without_pattern&#8221;][vc_column width=&#8221;1\/2&#8243;][vc_single_image image=&#8221;537&#8243; img_size=&#8221;large&#8221; alignment=&#8221;center&#8221; qode_css_animation=&#8221;&#8221;][\/vc_column][vc_column width=&#8221;1\/2&#8243;][vc_empty_space height=&#8221;30px&#8221;][vc_column_text] \u00abBrothers Across Borders\u00bb est un&#8230;<\/p>\n","protected":false},"author":1,"featured_media":0,"parent":0,"menu_order":0,"comment_status":"closed","ping_status":"closed","template":"","meta":[],"_links":{"self":[{"href":"https:\/\/brothersacrossborders.com\/fr\/wp-json\/wp\/v2\/pages\/652"}],"collection":[{"href":"https:\/\/brothersacrossborders.com\/fr\/wp-json\/wp\/v2\/pages"}],"about":[{"href":"https:\/\/brothersacrossborders.com\/fr\/wp-json\/wp\/v2\/types\/page"}],"author":[{"embeddable":true,"href":"https:\/\/brothersacrossborders.com\/fr\/wp-json\/wp\/v2\/users\/1"}],"replies":[{"embeddable":true,"href":"https:\/\/brothersacrossborders.com\/fr\/wp-json\/wp\/v2\/comments?post=652"}],"version-history":[{"count":5,"href":"https:\/\/brothersacrossborders.com\/fr\/wp-json\/wp\/v2\/pages\/652\/revisions"}],"predecessor-version":[{"id":664,"href":"https:\/\/brothersacrossborders.com\/fr\/wp-json\/wp\/v2\/pages\/652\/revisions\/664"}],"wp:attachment":[{"href":"https:\/\/brothersacrossborders.com\/fr\/wp-json\/wp\/v2\/media?parent=652"}],"curies":[{"name":"wp","href":"https:\/\/api.w.org\/{rel}","templated":true}]}}