{"id":186,"date":"2018-10-22T13:35:26","date_gmt":"2018-10-22T13:35:26","guid":{"rendered":"http:\/\/brothersacrossborders.com\/eng\/?page_id=186"},"modified":"2018-12-20T18:38:15","modified_gmt":"2018-12-20T18:38:15","slug":"credits","status":"publish","type":"page","link":"https:\/\/brothersacrossborders.com\/fr\/credits\/","title":{"rendered":"Biographies Des Personnages"},"content":{"rendered":"<p>[vc_row css_animation=&#8221;&#8221; row_type=&#8221;row&#8221; use_row_as_full_screen_section=&#8221;no&#8221; type=&#8221;full_width&#8221; angled_section=&#8221;no&#8221; text_align=&#8221;left&#8221; background_image_as_pattern=&#8221;without_pattern&#8221;][vc_column][vc_empty_space height=&#8221;70&#8243;][\/vc_column][\/vc_row][vc_row css_animation=&#8221;&#8221; row_type=&#8221;row&#8221; use_row_as_full_screen_section=&#8221;no&#8221; type=&#8221;full_width&#8221; angled_section=&#8221;no&#8221; text_align=&#8221;left&#8221; background_image_as_pattern=&#8221;without_pattern&#8221;][vc_column][vc_single_image image=&#8221;614&#8243; img_size=&#8221;full&#8221; alignment=&#8221;center&#8221; qode_css_animation=&#8221;&#8221; css=&#8221;.vc_custom_1545328941589{padding-right: 40px !important;padding-left: 40px !important;}&#8221;][\/vc_column][\/vc_row][vc_row css_animation=&#8221;&#8221; row_type=&#8221;row&#8221; use_row_as_full_screen_section=&#8221;no&#8221; type=&#8221;full_width&#8221; angled_section=&#8221;no&#8221; text_align=&#8221;left&#8221; background_image_as_pattern=&#8221;without_pattern&#8221;][vc_column][vc_empty_space height=&#8221;40px&#8221;][\/vc_column][\/vc_row][vc_row css_animation=&#8221;&#8221; row_type=&#8221;row&#8221; use_row_as_full_screen_section=&#8221;no&#8221; type=&#8221;full_width&#8221; angled_section=&#8221;no&#8221; text_align=&#8221;left&#8221; background_image_as_pattern=&#8221;without_pattern&#8221;][vc_column width=&#8221;1\/2&#8243;][vc_single_image image=&#8221;509&#8243; img_size=&#8221;full&#8221; alignment=&#8221;center&#8221; qode_css_animation=&#8221;&#8221; css=&#8221;.vc_custom_1543414853813{padding-bottom: 20px !important;}&#8221;][vc_column_text]<\/p>\n<h3>Muhammed<\/h3>\n<h3>Nom: Mehmet<\/h3>\n<h3>\u00c2ge: 22<\/h3>\n<h3>Nationalit\u00e9: Turque<\/h3>\n<p>[\/vc_column_text][vc_empty_space height=&#8221;20px&#8221;][vc_column_text]<span style=\"font-weight: 400;\">Mehmet joue le r\u00f4le d&#8217;Isma\u00ebl (P.O.V.) et de son fr\u00e8re Muhammed. Il vient d&#8217;une petite ville pr\u00e8s d&#8217;Alep o\u00f9 il a grandi avec sa m\u00e8re, son p\u00e8re et ses deux jeunes fr\u00e8res. En 2015, son p\u00e8re a quitt\u00e9 la Syrie pour trouver un endroit s\u00fbr pour sa famille en Europe. Il a pris le bateau de la c\u00f4te turque vers la Gr\u00e8ce et a ensuite march\u00e9 jusqu&#8217;au Danemark en Europe du Nord. Environ un an plus tard, la m\u00e8re et les deux fr\u00e8res de Mehmet ont rejoint son p\u00e8re au Danemark, mais Mehmet ne voulait pas y aller. Il a pr\u00e9f\u00e9r\u00e9 aller \u00e0 l&#8217;universit\u00e9 \u00e0 Adana, en Turquie et est aujourd&#8217;hui \u00e9tudiant en ing\u00e9nierie. Il esp\u00e8re les rejoindre lorsqu&#8217;il aura termin\u00e9 ses \u00e9tudes.<\/span>[\/vc_column_text][vc_empty_space height=&#8221;80px&#8221;][\/vc_column][vc_column width=&#8221;1\/2&#8243;][vc_single_image image=&#8221;510&#8243; img_size=&#8221;full&#8221; alignment=&#8221;center&#8221; qode_css_animation=&#8221;&#8221; css=&#8221;.vc_custom_1543414871314{padding-bottom: 20px !important;}&#8221;][vc_column_text]<\/p>\n<h3><span data-sheets-value=\"{&quot;1&quot;:2,&quot;2&quot;:&quot;Isma\u00ebl&quot;}\" data-sheets-userformat=\"{&quot;2&quot;:33555249,&quot;3&quot;:{&quot;1&quot;:0},&quot;7&quot;:{&quot;1&quot;:[{&quot;1&quot;:2,&quot;2&quot;:0,&quot;5&quot;:[null,2,12040119]},{&quot;1&quot;:0,&quot;2&quot;:0,&quot;3&quot;:3},{&quot;1&quot;:1,&quot;2&quot;:0,&quot;4&quot;:1}]},&quot;8&quot;:{&quot;1&quot;:[{&quot;1&quot;:2,&quot;2&quot;:0,&quot;5&quot;:[null,2,12040119]},{&quot;1&quot;:0,&quot;2&quot;:0,&quot;3&quot;:3},{&quot;1&quot;:1,&quot;2&quot;:0,&quot;4&quot;:1}]},&quot;11&quot;:4,&quot;12&quot;:0,&quot;28&quot;:1}\" data-sheets-formula=\"=VLOOKUP(R[0]C2,IMPORTRANGE(&quot;1EXCrbC9wjDuqob4uF-kdQN4ZtTWkok2VQCOp5e6f_WU&quot;,R1C1&amp;&quot;!$b$3:$i$100&quot;),7,false)\">Isma\u00ebl<\/span><\/h3>\n<h3>Nom: \u0130brahim \u00c7a\u011fatay<\/h3>\n<h3>\u00c2ge: 21<\/h3>\n<h3>Nationalit\u00e9: Turque<\/h3>\n<p>[\/vc_column_text][vc_empty_space height=&#8221;20px&#8221;][vc_column_text]<span style=\"font-weight: 400;\">Ibrahim joue le r\u00f4le d&#8217;Isma\u00ebl (P.O.V.). Il est \u00e9tudiant en arch\u00e9ologie \u00e0 l&#8217;Universit\u00e9 Harran. Depuis 3\u00a0ans, il est pr\u00e9sident b\u00e9n\u00e9vole de la branche jeunesse du Croissant-Rouge turc dans son universit\u00e9.<\/span>[\/vc_column_text][vc_empty_space height=&#8221;80px&#8221;][\/vc_column][\/vc_row][vc_row css_animation=&#8221;&#8221; row_type=&#8221;row&#8221; use_row_as_full_screen_section=&#8221;no&#8221; type=&#8221;full_width&#8221; angled_section=&#8221;no&#8221; text_align=&#8221;left&#8221; background_image_as_pattern=&#8221;without_pattern&#8221;][vc_column css=&#8221;.vc_custom_1543413895368{padding-right: 50px !important;padding-left: 50px !important;}&#8221;][vc_empty_space height=&#8221;50px&#8221;][\/vc_column][\/vc_row][vc_row css_animation=&#8221;&#8221; row_type=&#8221;row&#8221; use_row_as_full_screen_section=&#8221;no&#8221; type=&#8221;full_width&#8221; angled_section=&#8221;no&#8221; text_align=&#8221;left&#8221; background_image_as_pattern=&#8221;without_pattern&#8221;][vc_column width=&#8221;1\/3&#8243;][vc_single_image image=&#8221;379&#8243; img_size=&#8221;full&#8221; alignment=&#8221;center&#8221; onclick=&#8221;link_image&#8221; qode_css_animation=&#8221;&#8221; css=&#8221;.vc_custom_1542100765967{padding-right: 0px !important;padding-bottom: 20px !important;padding-left: 0px !important;}&#8221;][vc_column_text]<\/p>\n<h3>La m\u00e8re d&#8217;isma\u00ebl<\/h3>\n<h3>Nom: Farah Firat<\/h3>\n<h3>\u00c2ge: 24<\/h3>\n<h3>Nationalit\u00e9: Syrienne<\/h3>\n<p>[\/vc_column_text][vc_empty_space height=&#8221;20px&#8221;][vc_column_text]<span style=\"font-weight: 400;\">Farah a quitt\u00e9 la Syrie il y a 3\u00a0ans avec ses deux s\u0153urs cadettes. Elles sont arriv\u00e9es \u00e0 Gaziantep \u00e0 pied car elles n&#8217;avaient pas de voiture. Les 3\u00a0s\u0153urs se d\u00e9pla\u00e7aient beaucoup plus la nuit pour ne pas se faire arr\u00eater. Son fr\u00e8re vivait \u00e0 Gaziantep, c&#8217;est pour cela qu&#8217;elle est venue ici. Mais maintenant, elle est la seule de la famille dans la ville, car les autres sont rentr\u00e9s en Syrie. Farah, par contre, aime la Turquie o\u00f9 elle y a trouv\u00e9 son mari Halit Firat. Ils sont mari\u00e9s depuis un an et demi et viennent d&#8217;avoir un petit gar\u00e7on nomm\u00e9 Mohammad.<\/span>[\/vc_column_text][vc_empty_space height=&#8221;80px&#8221;][\/vc_column][vc_column width=&#8221;1\/3&#8243;][vc_single_image image=&#8221;381&#8243; img_size=&#8221;full&#8221; alignment=&#8221;center&#8221; onclick=&#8221;link_image&#8221; qode_css_animation=&#8221;&#8221; css=&#8221;.vc_custom_1542101141390{padding-right: 0px !important;padding-bottom: 20px !important;padding-left: 0px !important;}&#8221;][vc_column_text]<\/p>\n<h3><span data-sheets-value=\"{&quot;1&quot;:2,&quot;2&quot;:&quot;Motocycliste&quot;}\" data-sheets-userformat=\"{&quot;2&quot;:33555249,&quot;3&quot;:{&quot;1&quot;:0},&quot;7&quot;:{&quot;1&quot;:[{&quot;1&quot;:2,&quot;2&quot;:0,&quot;5&quot;:[null,2,12040119]},{&quot;1&quot;:0,&quot;2&quot;:0,&quot;3&quot;:3},{&quot;1&quot;:1,&quot;2&quot;:0,&quot;4&quot;:1}]},&quot;8&quot;:{&quot;1&quot;:[{&quot;1&quot;:2,&quot;2&quot;:0,&quot;5&quot;:[null,2,12040119]},{&quot;1&quot;:0,&quot;2&quot;:0,&quot;3&quot;:3},{&quot;1&quot;:1,&quot;2&quot;:0,&quot;4&quot;:1}]},&quot;11&quot;:4,&quot;12&quot;:0,&quot;28&quot;:1}\" data-sheets-formula=\"=VLOOKUP(R[0]C2,IMPORTRANGE(&quot;1EXCrbC9wjDuqob4uF-kdQN4ZtTWkok2VQCOp5e6f_WU&quot;,R1C1&amp;&quot;!$b$3:$i$100&quot;),7,false)\">Motocycliste<\/span><\/h3>\n<h3>Nom: Ahmed<\/h3>\n<h3>\u00c2ge: 73<\/h3>\n<h3>Nationalit\u00e9: Turque<\/h3>\n<p>[\/vc_column_text][vc_empty_space height=&#8221;20px&#8221;][vc_column_text]<span style=\"font-weight: 400;\">Propri\u00e9taire des champs de pistaches \u00e0 la p\u00e9riph\u00e9rie de la ville de Gaziantep. Arm\u00e9 d&#8217;un fusil et d&#8217;une lampe de poche, il reste dans les champs 24 heures sur 24 en \u00e9t\u00e9 pour prot\u00e9ger les r\u00e9coltes des voleurs. Il a 6\u00a0filles et un fils<\/span>[\/vc_column_text][vc_empty_space height=&#8221;80px&#8221;][\/vc_column][vc_column width=&#8221;1\/3&#8243;][vc_single_image image=&#8221;378&#8243; img_size=&#8221;full&#8221; alignment=&#8221;center&#8221; onclick=&#8221;link_image&#8221; qode_css_animation=&#8221;&#8221; css=&#8221;.vc_custom_1542100782167{padding-right: 0px !important;padding-bottom: 20px !important;padding-left: 0px !important;}&#8221;][vc_column_text]<\/p>\n<h3><span data-sheets-value=\"{&quot;1&quot;:2,&quot;2&quot;:&quot;Joueur de luth&quot;}\" data-sheets-userformat=\"{&quot;2&quot;:33555249,&quot;3&quot;:{&quot;1&quot;:0},&quot;7&quot;:{&quot;1&quot;:[{&quot;1&quot;:2,&quot;2&quot;:0,&quot;5&quot;:[null,2,12040119]},{&quot;1&quot;:0,&quot;2&quot;:0,&quot;3&quot;:3},{&quot;1&quot;:1,&quot;2&quot;:0,&quot;4&quot;:1}]},&quot;8&quot;:{&quot;1&quot;:[{&quot;1&quot;:2,&quot;2&quot;:0,&quot;5&quot;:[null,2,12040119]},{&quot;1&quot;:0,&quot;2&quot;:0,&quot;3&quot;:3},{&quot;1&quot;:1,&quot;2&quot;:0,&quot;4&quot;:1}]},&quot;11&quot;:4,&quot;12&quot;:0,&quot;28&quot;:1}\" data-sheets-formula=\"=VLOOKUP(R[0]C2,IMPORTRANGE(&quot;1EXCrbC9wjDuqob4uF-kdQN4ZtTWkok2VQCOp5e6f_WU&quot;,R1C1&amp;&quot;!$b$3:$i$100&quot;),7,false)\">Joueur de luth<\/span><\/h3>\n<h3>Nom: Nuri<\/h3>\n<h3>\u00c2ge: 17<\/h3>\n<h3>Nationalit\u00e9: Syrienne<\/h3>\n<p>[\/vc_column_text][vc_empty_space height=&#8221;20px&#8221;][vc_column_text]<span style=\"font-weight: 400;\">Il a quitt\u00e9 la Syrie il y a 5\u00a0ans depuis la r\u00e9gion appel\u00e9e Afran. Son fr\u00e8re a\u00een\u00e9 s&#8217;est rendu en Turquie avant de s\u00e9journer \u00e0 Gaziantep, puis \u00e0 Izmir. La famille s\u2019est retrouv\u00e9e \u00e0 Izmir o\u00f9 il apprend actuellement le turc au Centre local de la Croix-Rouge avec son fr\u00e8re a\u00een\u00e9 et sa petite s\u0153ur. Il joue du luth depuis quelques ann\u00e9es et fait maintenant de petits boulots en tant que musicien et esp\u00e8re en vivre un jour. Une partie de la musique du film est jou\u00e9e par lui.<\/span>[\/vc_column_text][vc_empty_space height=&#8221;80px&#8221;][\/vc_column][\/vc_row][vc_row css_animation=&#8221;&#8221; row_type=&#8221;row&#8221; use_row_as_full_screen_section=&#8221;no&#8221; type=&#8221;full_width&#8221; angled_section=&#8221;no&#8221; text_align=&#8221;left&#8221; background_image_as_pattern=&#8221;without_pattern&#8221;][vc_column width=&#8221;1\/3&#8243;][vc_single_image image=&#8221;376&#8243; img_size=&#8221;full&#8221; alignment=&#8221;center&#8221; onclick=&#8221;link_image&#8221; qode_css_animation=&#8221;&#8221; css=&#8221;.vc_custom_1542100559764{padding-right: 0px !important;padding-bottom: 20px !important;padding-left: 0px !important;}&#8221;][vc_column_text]<\/p>\n<h3><span data-sheets-value=\"{&quot;1&quot;:2,&quot;2&quot;:&quot;Le vendeur de pistaches&quot;}\" data-sheets-userformat=\"{&quot;2&quot;:33555249,&quot;3&quot;:{&quot;1&quot;:0},&quot;7&quot;:{&quot;1&quot;:[{&quot;1&quot;:2,&quot;2&quot;:0,&quot;5&quot;:[null,2,12040119]},{&quot;1&quot;:0,&quot;2&quot;:0,&quot;3&quot;:3},{&quot;1&quot;:1,&quot;2&quot;:0,&quot;4&quot;:1}]},&quot;8&quot;:{&quot;1&quot;:[{&quot;1&quot;:2,&quot;2&quot;:0,&quot;5&quot;:[null,2,12040119]},{&quot;1&quot;:0,&quot;2&quot;:0,&quot;3&quot;:3},{&quot;1&quot;:1,&quot;2&quot;:0,&quot;4&quot;:1}]},&quot;11&quot;:4,&quot;12&quot;:0,&quot;28&quot;:1}\" data-sheets-formula=\"=VLOOKUP(R[0]C2,IMPORTRANGE(&quot;1EXCrbC9wjDuqob4uF-kdQN4ZtTWkok2VQCOp5e6f_WU&quot;,R1C1&amp;&quot;!$b$3:$i$100&quot;),7,false)\">Le vendeur de pistaches<\/span><\/h3>\n<h3>Nom: Ahmet<\/h3>\n<h3>\u00c2ge: 19<\/h3>\n<h3>Nationalit\u00e9: Syrienne<\/h3>\n<p>[\/vc_column_text][vc_empty_space height=&#8221;20px&#8221;][vc_column_text]<span style=\"font-weight: 400;\">Il a quitt\u00e9 la Syrie il y a 5\u00a0ans \u00e0 cause de la guerre civile. Travaille comme vendeur ambulant et vend divers types de fruits et de noix selon la saison. Il reste habituellement un mois \u00e0 chaque endroit avant de d\u00e9m\u00e9nager dans un autre endroit de la ville.<\/span>[\/vc_column_text][vc_empty_space height=&#8221;80px&#8221;][\/vc_column][vc_column width=&#8221;1\/3&#8243;][vc_single_image image=&#8221;374&#8243; img_size=&#8221;full&#8221; alignment=&#8221;center&#8221; onclick=&#8221;link_image&#8221; qode_css_animation=&#8221;&#8221; css=&#8221;.vc_custom_1542100081906{padding-right: 0px !important;padding-bottom: 20px !important;padding-left: 0px !important;}&#8221;][vc_column_text]<\/p>\n<h3>Imam<\/h3>\n<h3>Nom: Atif Deniz<\/h3>\n<h3>\u00c2ge: 38<\/h3>\n<h3>Nationalit\u00e9: Turque<\/h3>\n<p>[\/vc_column_text][vc_empty_space height=&#8221;20px&#8221;][vc_column_text]<span style=\"font-weight: 400;\">Atif est imam depuis 2002 et travaille dans cette mosqu\u00e9e depuis environ un an. Il vient tous les jours pour participer aux 5\u00a0pri\u00e8res quotidiennes. En plus des pri\u00e8res, il apporte \u00e9galement son aide aux personnes qui viennent \u00e0 la mosqu\u00e9e pour des conseils. Beaucoup de r\u00e9fugi\u00e9s syriens viennent \u00e0 la mosqu\u00e9e.<\/span>[\/vc_column_text][vc_empty_space height=&#8221;80px&#8221;][\/vc_column][vc_column width=&#8221;1\/3&#8243;][vc_single_image image=&#8221;399&#8243; img_size=&#8221;full&#8221; alignment=&#8221;center&#8221; onclick=&#8221;link_image&#8221; qode_css_animation=&#8221;&#8221; css=&#8221;.vc_custom_1542124955248{padding-right: 0px !important;padding-bottom: 20px !important;padding-left: 0px !important;}&#8221;][vc_column_text]<\/p>\n<h3><span data-sheets-value=\"{&quot;1&quot;:2,&quot;2&quot;:&quot;Agriculteur&quot;}\" data-sheets-userformat=\"{&quot;2&quot;:33555249,&quot;3&quot;:{&quot;1&quot;:0},&quot;7&quot;:{&quot;1&quot;:[{&quot;1&quot;:2,&quot;2&quot;:0,&quot;5&quot;:[null,2,12040119]},{&quot;1&quot;:0,&quot;2&quot;:0,&quot;3&quot;:3},{&quot;1&quot;:1,&quot;2&quot;:0,&quot;4&quot;:1}]},&quot;8&quot;:{&quot;1&quot;:[{&quot;1&quot;:2,&quot;2&quot;:0,&quot;5&quot;:[null,2,12040119]},{&quot;1&quot;:0,&quot;2&quot;:0,&quot;3&quot;:3},{&quot;1&quot;:1,&quot;2&quot;:0,&quot;4&quot;:1}]},&quot;11&quot;:4,&quot;12&quot;:0,&quot;28&quot;:1}\" data-sheets-formula=\"=VLOOKUP(R[0]C2,IMPORTRANGE(&quot;1EXCrbC9wjDuqob4uF-kdQN4ZtTWkok2VQCOp5e6f_WU&quot;,R1C1&amp;&quot;!$b$3:$i$100&quot;),7,false)\">Agriculteur<\/span><\/h3>\n<h3>Nom: Abdul Aziz Muhammad<\/h3>\n<h3>\u00c2ge: 36<\/h3>\n<h3>Nationalit\u00e9: Syrienne<\/h3>\n<p>[\/vc_column_text][vc_empty_space height=&#8221;20px&#8221;][vc_column_text]<span style=\"font-weight: 400;\">Abdul est un agriculteur qui a quitt\u00e9 Haseka dans le nord de la Syrie en 2013. En Syrie, il \u00e9tait cultivateur de coton, mais ici \u00e0 Torbali, en Turquie, il travaille dans les champs de poireaux. Il a 7 enfants dont l&#8217;a\u00een\u00e9 a 14\u00a0ans et le plus jeune n&#8217;a que 6\u00a0mois.<\/span>[\/vc_column_text][vc_empty_space height=&#8221;80px&#8221;][\/vc_column][\/vc_row][vc_row css_animation=&#8221;&#8221; row_type=&#8221;row&#8221; use_row_as_full_screen_section=&#8221;no&#8221; type=&#8221;full_width&#8221; angled_section=&#8221;no&#8221; text_align=&#8221;left&#8221; background_image_as_pattern=&#8221;without_pattern&#8221;][vc_column][vc_empty_space height=&#8221;80px&#8221;][\/vc_column][\/vc_row]<\/p>\n","protected":false},"excerpt":{"rendered":"<p>[vc_row css_animation=&#8221;&#8221; row_type=&#8221;row&#8221; use_row_as_full_screen_section=&#8221;no&#8221; type=&#8221;full_width&#8221; angled_section=&#8221;no&#8221; text_align=&#8221;left&#8221; background_image_as_pattern=&#8221;without_pattern&#8221;][vc_column][vc_empty_space height=&#8221;70&#8243;][\/vc_column][\/vc_row][vc_row css_animation=&#8221;&#8221; row_type=&#8221;row&#8221; use_row_as_full_screen_section=&#8221;no&#8221; type=&#8221;full_width&#8221; angled_section=&#8221;no&#8221; text_align=&#8221;left&#8221; background_image_as_pattern=&#8221;without_pattern&#8221;][vc_column][vc_single_image image=&#8221;614&#8243; img_size=&#8221;full&#8221; alignment=&#8221;center&#8221; qode_css_animation=&#8221;&#8221; css=&#8221;.vc_custom_1545328941589{padding-right: 40px !important;padding-left: 40px !important;}&#8221;][\/vc_column][\/vc_row][vc_row css_animation=&#8221;&#8221; row_type=&#8221;row&#8221; use_row_as_full_screen_section=&#8221;no&#8221; type=&#8221;full_width&#8221; angled_section=&#8221;no&#8221; text_align=&#8221;left&#8221; background_image_as_pattern=&#8221;without_pattern&#8221;][vc_column][vc_empty_space height=&#8221;40px&#8221;][\/vc_column][\/vc_row][vc_row css_animation=&#8221;&#8221; row_type=&#8221;row&#8221; use_row_as_full_screen_section=&#8221;no&#8221; type=&#8221;full_width&#8221; angled_section=&#8221;no&#8221; text_align=&#8221;left&#8221; background_image_as_pattern=&#8221;without_pattern&#8221;][vc_column width=&#8221;1\/2&#8243;][vc_single_image image=&#8221;509&#8243; img_size=&#8221;full&#8221; alignment=&#8221;center&#8221; qode_css_animation=&#8221;&#8221;&#8230;<\/p>\n","protected":false},"author":1,"featured_media":0,"parent":0,"menu_order":0,"comment_status":"closed","ping_status":"closed","template":"","meta":[],"_links":{"self":[{"href":"https:\/\/brothersacrossborders.com\/fr\/wp-json\/wp\/v2\/pages\/186"}],"collection":[{"href":"https:\/\/brothersacrossborders.com\/fr\/wp-json\/wp\/v2\/pages"}],"about":[{"href":"https:\/\/brothersacrossborders.com\/fr\/wp-json\/wp\/v2\/types\/page"}],"author":[{"embeddable":true,"href":"https:\/\/brothersacrossborders.com\/fr\/wp-json\/wp\/v2\/users\/1"}],"replies":[{"embeddable":true,"href":"https:\/\/brothersacrossborders.com\/fr\/wp-json\/wp\/v2\/comments?post=186"}],"version-history":[{"count":53,"href":"https:\/\/brothersacrossborders.com\/fr\/wp-json\/wp\/v2\/pages\/186\/revisions"}],"predecessor-version":[{"id":622,"href":"https:\/\/brothersacrossborders.com\/fr\/wp-json\/wp\/v2\/pages\/186\/revisions\/622"}],"wp:attachment":[{"href":"https:\/\/brothersacrossborders.com\/fr\/wp-json\/wp\/v2\/media?parent=186"}],"curies":[{"name":"wp","href":"https:\/\/api.w.org\/{rel}","templated":true}]}}