{"id":667,"date":"2019-09-30T08:37:59","date_gmt":"2019-09-30T08:37:59","guid":{"rendered":"https:\/\/brothersacrossborders.com\/es\/?page_id=667"},"modified":"2019-11-01T09:12:30","modified_gmt":"2019-11-01T09:12:30","slug":"about","status":"publish","type":"page","link":"https:\/\/brothersacrossborders.com\/es\/about\/","title":{"rendered":"Informaci\u00f3n"},"content":{"rendered":"<p>[vc_row css_animation=&#8221;&#8221; row_type=&#8221;row&#8221; use_row_as_full_screen_section=&#8221;no&#8221; type=&#8221;full_width&#8221; angled_section=&#8221;no&#8221; text_align=&#8221;left&#8221; background_image_as_pattern=&#8221;without_pattern&#8221;][vc_column][vc_empty_space height=&#8221;70px&#8221;][\/vc_column][\/vc_row][vc_row css_animation=&#8221;&#8221; row_type=&#8221;row&#8221; use_row_as_full_screen_section=&#8221;no&#8221; type=&#8221;full_width&#8221; angled_section=&#8221;no&#8221; text_align=&#8221;left&#8221; background_image_as_pattern=&#8221;without_pattern&#8221;][vc_column][vc_single_image image=&#8221;620&#8243; img_size=&#8221;full&#8221; alignment=&#8221;center&#8221; qode_css_animation=&#8221;&#8221; css=&#8221;.vc_custom_1545302756120{padding-right: 40px !important;padding-left: 40px !important;}&#8221;][vc_empty_space height=&#8221;40px&#8221;][\/vc_column][\/vc_row][vc_row css_animation=&#8221;&#8221; row_type=&#8221;row&#8221; use_row_as_full_screen_section=&#8221;no&#8221; type=&#8221;full_width&#8221; angled_section=&#8221;no&#8221; text_align=&#8221;left&#8221; background_image_as_pattern=&#8221;without_pattern&#8221;][vc_column width=&#8221;1\/2&#8243;][vc_single_image image=&#8221;537&#8243; img_size=&#8221;large&#8221; alignment=&#8221;center&#8221; qode_css_animation=&#8221;&#8221;][\/vc_column][vc_column width=&#8221;1\/2&#8243;][vc_empty_space height=&#8221;30px&#8221;][vc_column_text]<\/p>\n<p style=\"text-align: left;\"><span style=\"font-weight: 400;\">\u00abBrothers Across Borders\u00bb es una pel\u00edcula interactiva ambientada en Siria y Turqu\u00eda. Narra, de forma interesante y cautivadora, las condiciones de vida de los habitantes de estos pa\u00edses y las decisiones que tienen que tomar. Laban Stories ha producido esta pel\u00edcula para la Cruz Roja como parte del proyecto Madad.<\/span><\/p>\n<p>&nbsp;<\/p>\n<p style=\"text-align: left;\"><span style=\"font-weight: 400;\">\u00abBrothers Across Borders\u00bb ha sido elaborada para ni\u00f1os de primaria y secundaria de entre 12 y 17 a\u00f1os. Combina la narraci\u00f3n visual con juegos de elecci\u00f3n m\u00faltiple y toma de decisiones. Esto permite que los estudiantes experimenten la vida como un refugiado sirio mientras la pel\u00edcula les lleva a localizaciones reales en Siria y Turqu\u00eda. De esta forma experimentar\u00e1n situaciones de la vida real en vez de escucharlas en las noticias o de forma indirecta.<\/span><\/p>\n<p>&nbsp;<\/p>\n<p style=\"text-align: left;\"><span style=\"font-weight: 400;\">Con este material queremos despertar la curiosidad de los estudiantes y motivarles a hacer preguntas y a reflexionar. Esperamos que el material sirva para mejorar los conocimientos sobre la gente que vive en situaciones como esta, adem\u00e1s de inspirarles para que act\u00faen y ayuden a sus semejantes.<br \/>\n<\/span><\/p>\n<p>[\/vc_column_text][\/vc_column][\/vc_row][vc_row css_animation=&#8221;&#8221; row_type=&#8221;row&#8221; use_row_as_full_screen_section=&#8221;no&#8221; type=&#8221;full_width&#8221; angled_section=&#8221;no&#8221; text_align=&#8221;left&#8221; background_image_as_pattern=&#8221;without_pattern&#8221;][vc_column][vc_empty_space height=&#8221;80px&#8221;][\/vc_column][vc_column][vc_column_text]<\/p>\n<p style=\"text-align: left;\"><span style=\"font-weight: 800;\">Sobre Fondo Fiduciario Regional de la Uni\u00f3n Europea en respuesta a la crisis de Siria:<\/span><\/p>\n<p>[\/vc_column_text][vc_empty_space height=&#8221;30px&#8221;][\/vc_column][\/vc_row][vc_row css_animation=&#8221;&#8221; row_type=&#8221;row&#8221; use_row_as_full_screen_section=&#8221;no&#8221; type=&#8221;full_width&#8221; angled_section=&#8221;no&#8221; text_align=&#8221;left&#8221; background_image_as_pattern=&#8221;without_pattern&#8221;][vc_column width=&#8221;1\/3&#8243;][vc_column_text]<\/p>\n<div style=\"width: 360px;\" class=\"wp-video\"><!--[if lt IE 9]><script>document.createElement('video');<\/script><![endif]-->\n<video class=\"wp-video-shortcode\" id=\"video-667-1\" width=\"360\" height=\"360\" poster=\"https:\/\/brothersacrossborders.com\/es\/wp-content\/uploads\/sites\/6\/2019\/09\/preview1.png\" preload=\"metadata\" controls=\"controls\"><source type=\"video\/mp4\" src=\"https:\/\/brothersacrossborders.com\/es\/wp-content\/uploads\/sites\/6\/2019\/09\/VIDEO_01_SPANISH.mp4?_=1\" \/><a href=\"https:\/\/brothersacrossborders.com\/es\/wp-content\/uploads\/sites\/6\/2019\/09\/VIDEO_01_SPANISH.mp4\">https:\/\/brothersacrossborders.com\/es\/wp-content\/uploads\/sites\/6\/2019\/09\/VIDEO_01_SPANISH.mp4<\/a><\/video><\/div>\n<p>[\/vc_column_text][\/vc_column][vc_column width=&#8221;1\/3&#8243;][vc_column_text]<\/p>\n<div style=\"width: 360px;\" class=\"wp-video\"><video class=\"wp-video-shortcode\" id=\"video-667-2\" width=\"360\" height=\"360\" poster=\"https:\/\/brothersacrossborders.com\/es\/wp-content\/uploads\/sites\/6\/2019\/09\/preview2.png\" preload=\"metadata\" controls=\"controls\"><source type=\"video\/mp4\" src=\"https:\/\/brothersacrossborders.com\/es\/wp-content\/uploads\/sites\/6\/2019\/09\/VIDEO_02_SPANISH.mp4?_=2\" \/><a href=\"https:\/\/brothersacrossborders.com\/es\/wp-content\/uploads\/sites\/6\/2019\/09\/VIDEO_02_SPANISH.mp4\">https:\/\/brothersacrossborders.com\/es\/wp-content\/uploads\/sites\/6\/2019\/09\/VIDEO_02_SPANISH.mp4<\/a><\/video><\/div>\n<p>[\/vc_column_text][\/vc_column][vc_column width=&#8221;1\/3&#8243;][vc_column_text]<\/p>\n<div style=\"width: 360px;\" class=\"wp-video\"><video class=\"wp-video-shortcode\" id=\"video-667-3\" width=\"360\" height=\"360\" poster=\"https:\/\/brothersacrossborders.com\/es\/wp-content\/uploads\/sites\/6\/2019\/09\/preview2.png\" preload=\"metadata\" controls=\"controls\"><source type=\"video\/mp4\" src=\"https:\/\/brothersacrossborders.com\/es\/wp-content\/uploads\/sites\/6\/2019\/09\/VIDEO_03_SPANISH.mp4?_=3\" \/><a href=\"https:\/\/brothersacrossborders.com\/es\/wp-content\/uploads\/sites\/6\/2019\/09\/VIDEO_03_SPANISH.mp4\">https:\/\/brothersacrossborders.com\/es\/wp-content\/uploads\/sites\/6\/2019\/09\/VIDEO_03_SPANISH.mp4<\/a><\/video><\/div>\n<p>[\/vc_column_text][\/vc_column][\/vc_row][vc_row css_animation=&#8221;&#8221; row_type=&#8221;row&#8221; use_row_as_full_screen_section=&#8221;no&#8221; type=&#8221;full_width&#8221; angled_section=&#8221;no&#8221; text_align=&#8221;left&#8221; background_image_as_pattern=&#8221;without_pattern&#8221;][vc_column][vc_empty_space height=&#8221;30px&#8221;][\/vc_column][\/vc_row][vc_row css_animation=&#8221;&#8221; row_type=&#8221;row&#8221; use_row_as_full_screen_section=&#8221;no&#8221; type=&#8221;full_width&#8221; angled_section=&#8221;no&#8221; text_align=&#8221;left&#8221; background_image_as_pattern=&#8221;without_pattern&#8221;][vc_column][vc_column_text]<\/p>\n<p style=\"text-align: left;\"><span style=\"font-weight: 400;\"> El proyecto est\u00e1 financiado por la Fondo Fiduciario Regional de la Uni\u00f3n Europea en respuesta a la crisis de Siria (EU Madad fund). &#8220;Madad&#8221; es una palabra \u00e1rabe que significa &#8220;ayudar juntos&#8221;..<\/span><\/p>\n<p>&nbsp;<\/p>\n<p style=\"text-align: left;\"><span style=\"font-weight: 400;\">El proyecto es una colaboraci\u00f3n entre 15 Sociedades de la Cruz Roja y de la Media Luna Roja: La FICR, Cruz Roja Egipcia, Cruz Roja Francesa, Cruz Roja Alemana, Media Luna Roja Iraqu\u00ed, Media Luna Roja Jordana, Cruz Roja Libanesa, Cruz Roja Holandesa, Cruz Roja Noruega, Media Luna Roja Palestina, Cruz Roja Espa\u00f1ola, Cruz Roja Sueca, Cruz Roja Suiza, Media Luna Roja Turca, y est\u00e1 coordinada por la Cruz Roja Danesa.<\/span><\/p>\n<p>&nbsp;<\/p>\n<p style=\"text-align: left;\"><span style=\"font-weight: 400;\">Desde su creaci\u00f3n en diciembre de 2014, una parte significativa de la ayuda de la UE para asistir a los refugiados sirios y a los pa\u00edses vecinos de Siria a hacer frente a la crisis de los refugiados se proporciona a trav\u00e9s del Fondo Fiduciario de la UE. El Fondo Fiduciario moviliza su aporte a partir del presupuesto de la UE y de las contribuciones de 22 Estados miembros de la UE y de Turqu\u00eda.<br \/>\n<\/span><\/p>\n<p>&nbsp;<\/p>\n<p style=\"text-align: left;\"><span style=\"font-weight: 400;\">Este proyecto refuerza una respuesta integrada de ayuda de la UE a la crisis y aborda principalmente la recuperaci\u00f3n a largo plazo y las necesidades para aumentar la autosuficiencia de los refugiados sirios y, al mismo tiempo, aliviar la presi\u00f3n sobre las comunidades de acogida y sus administraciones en pa\u00edses vecinos como Iraq, Jordania, L\u00edbano y Turqu\u00eda.<br \/>\n<\/span><\/p>\n<p>&nbsp;<\/p>\n<p style=\"text-align: left;\"><span style=\"font-weight: 400;\">Los programas del Fondo Fiduciario apoyan la educaci\u00f3n b\u00e1sica y la protecci\u00f3n de la infancia, la formaci\u00f3n vocacional y la educaci\u00f3n superior, las oportunidades econ\u00f3micas y la estabilidad social, un mejor acceso a la atenci\u00f3n de la salud, la mejora de la infraestructura de abastecimiento de agua y de tratamiento de aguas residuales, as\u00ed como el apoyo a la resiliencia, el empoderamiento de la mujer y la lucha contra la violencia basada en el g\u00e9nero.<br \/>\n<\/span><\/p>\n<p>&nbsp;<\/p>\n<p>&nbsp;<\/p>\n<p style=\"text-align: left;\"><span style=\"font-weight: 800;\">Sobre El Movimiento Internacional de la Cruz Roja y de la Media Luna Roja<\/span><\/p>\n<p>&nbsp;<\/p>\n<p style=\"text-align: left;\"><span style=\"font-weight: 400;\">El Movimiento Internacional de la Cruz Roja y de la Media Luna Roja forman la mayor red humanitaria del mundo. Este Movimiento es neutral e imparcial, y ofrece ayuda y protecci\u00f3n a las personas afectadas por desastres naturales y conflictos.<\/span><\/p>\n<p>&nbsp;<\/p>\n<p style=\"text-align: left;\"><span style=\"font-weight: 400;\">El Movimiento est\u00e1 compuesto por unos 100 millones de miembros, voluntarios y simpatizantes en 190 Sociedades Nacionales.<br \/>\nTiene 3 componentes principales:<br \/>\n&#8211; Comit\u00e9 Internacional de la Cruz Roja (CICR)<br \/>\n&#8211; Federaci\u00f3n Internacional de Sociedades de la Cruz Roja y de la Media Luna Roja (IFRC)<br \/>\n&#8211; 190 Sociedades de la Cruz Roja y la Media Luna Roja<\/span><\/p>\n<p>&nbsp;<\/p>\n<p style=\"text-align: left;\"><span style=\"font-weight: 400;\">En calidad de socios, los diferentes miembros del Movimiento apoyan a comunidades para fortalecerlas y hacerlas m\u00e1s seguras, mediante una variedad de proyectos de desarrollo y actividades humanitarias. El Movimiento tambi\u00e9n trabaja en cooperaci\u00f3n con gobiernos, donantes y otras organizaciones humanitarias para asistir a las personas m\u00e1s vulnerables del mundo. El CICR, la IFRC y las Sociedades Nacionales son organismos independientes. Cada uno tiene su propia condici\u00f3n individual y carece de autoridad sobre el resto.<\/span><\/p>\n<p>[\/vc_column_text][\/vc_column][\/vc_row][vc_row css_animation=&#8221;&#8221; row_type=&#8221;row&#8221; use_row_as_full_screen_section=&#8221;no&#8221; type=&#8221;full_width&#8221; angled_section=&#8221;no&#8221; text_align=&#8221;left&#8221; background_image_as_pattern=&#8221;without_pattern&#8221;][vc_column][vc_empty_space height=&#8221;30px&#8221;][vc_column_text]<\/p>\n<p style=\"text-align: left;\"><em><span style=\"font-weight: 400;\">\u00abBrothers Across Borders\u00bb es una pel\u00edcula interactiva de ficci\u00f3n en la que el usuario puede controlar \u00e9l mismo la acci\u00f3n. La acci\u00f3n que ocurre en algunos lugares no es completamente fiel a la realidad, con el objetivo de crear una experiencia de aprendizaje m\u00e1s emocionante. Por ejemplo, si un refugiado no puede ponerse en contacto con miembros de su familia desaparecidos, la Media Luna Roja Turca siempre actuar\u00e1.<\/span><\/em><\/p>\n<p>[\/vc_column_text][\/vc_column][\/vc_row][vc_row css_animation=&#8221;&#8221; row_type=&#8221;row&#8221; use_row_as_full_screen_section=&#8221;no&#8221; type=&#8221;full_width&#8221; angled_section=&#8221;no&#8221; text_align=&#8221;left&#8221; background_image_as_pattern=&#8221;without_pattern&#8221;][vc_column][vc_empty_space height=&#8221;80px&#8221;][\/vc_column][\/vc_row]<\/p>\n","protected":false},"excerpt":{"rendered":"<p>[vc_row css_animation=&#8221;&#8221; row_type=&#8221;row&#8221; use_row_as_full_screen_section=&#8221;no&#8221; type=&#8221;full_width&#8221; angled_section=&#8221;no&#8221; text_align=&#8221;left&#8221; background_image_as_pattern=&#8221;without_pattern&#8221;][vc_column][vc_empty_space height=&#8221;70px&#8221;][\/vc_column][\/vc_row][vc_row css_animation=&#8221;&#8221; row_type=&#8221;row&#8221; use_row_as_full_screen_section=&#8221;no&#8221; type=&#8221;full_width&#8221; angled_section=&#8221;no&#8221; text_align=&#8221;left&#8221; background_image_as_pattern=&#8221;without_pattern&#8221;][vc_column][vc_single_image image=&#8221;620&#8243; img_size=&#8221;full&#8221; alignment=&#8221;center&#8221; qode_css_animation=&#8221;&#8221; css=&#8221;.vc_custom_1545302756120{padding-right: 40px !important;padding-left: 40px !important;}&#8221;][vc_empty_space height=&#8221;40px&#8221;][\/vc_column][\/vc_row][vc_row css_animation=&#8221;&#8221; row_type=&#8221;row&#8221; use_row_as_full_screen_section=&#8221;no&#8221; type=&#8221;full_width&#8221; angled_section=&#8221;no&#8221; text_align=&#8221;left&#8221; background_image_as_pattern=&#8221;without_pattern&#8221;][vc_column width=&#8221;1\/2&#8243;][vc_single_image image=&#8221;537&#8243; img_size=&#8221;large&#8221; alignment=&#8221;center&#8221; qode_css_animation=&#8221;&#8221;][\/vc_column][vc_column width=&#8221;1\/2&#8243;][vc_empty_space height=&#8221;30px&#8221;][vc_column_text] \u00abBrothers Across Borders\u00bb es una&#8230;<\/p>\n","protected":false},"author":1,"featured_media":0,"parent":0,"menu_order":0,"comment_status":"closed","ping_status":"closed","template":"","meta":[],"_links":{"self":[{"href":"https:\/\/brothersacrossborders.com\/es\/wp-json\/wp\/v2\/pages\/667"}],"collection":[{"href":"https:\/\/brothersacrossborders.com\/es\/wp-json\/wp\/v2\/pages"}],"about":[{"href":"https:\/\/brothersacrossborders.com\/es\/wp-json\/wp\/v2\/types\/page"}],"author":[{"embeddable":true,"href":"https:\/\/brothersacrossborders.com\/es\/wp-json\/wp\/v2\/users\/1"}],"replies":[{"embeddable":true,"href":"https:\/\/brothersacrossborders.com\/es\/wp-json\/wp\/v2\/comments?post=667"}],"version-history":[{"count":6,"href":"https:\/\/brothersacrossborders.com\/es\/wp-json\/wp\/v2\/pages\/667\/revisions"}],"predecessor-version":[{"id":681,"href":"https:\/\/brothersacrossborders.com\/es\/wp-json\/wp\/v2\/pages\/667\/revisions\/681"}],"wp:attachment":[{"href":"https:\/\/brothersacrossborders.com\/es\/wp-json\/wp\/v2\/media?parent=667"}],"curies":[{"name":"wp","href":"https:\/\/api.w.org\/{rel}","templated":true}]}}