{"id":186,"date":"2018-10-22T13:35:26","date_gmt":"2018-10-22T13:35:26","guid":{"rendered":"http:\/\/brothersacrossborders.com\/eng\/?page_id=186"},"modified":"2018-12-20T11:08:52","modified_gmt":"2018-12-20T11:08:52","slug":"credits","status":"publish","type":"page","link":"https:\/\/brothersacrossborders.com\/es\/credits\/","title":{"rendered":"Biograf\u00edas De Los Personajes"},"content":{"rendered":"<p>[vc_row css_animation=&#8221;&#8221; row_type=&#8221;row&#8221; use_row_as_full_screen_section=&#8221;no&#8221; type=&#8221;full_width&#8221; angled_section=&#8221;no&#8221; text_align=&#8221;left&#8221; background_image_as_pattern=&#8221;without_pattern&#8221;][vc_column][vc_empty_space height=&#8221;70&#8243;][\/vc_column][\/vc_row][vc_row css_animation=&#8221;&#8221; row_type=&#8221;row&#8221; use_row_as_full_screen_section=&#8221;no&#8221; type=&#8221;full_width&#8221; angled_section=&#8221;no&#8221; text_align=&#8221;left&#8221; background_image_as_pattern=&#8221;without_pattern&#8221;][vc_column][vc_single_image image=&#8221;624&#8243; img_size=&#8221;full&#8221; alignment=&#8221;center&#8221; qode_css_animation=&#8221;&#8221; css=&#8221;.vc_custom_1545302887107{padding-right: 40px !important;padding-left: 40px !important;}&#8221;][\/vc_column][\/vc_row][vc_row css_animation=&#8221;&#8221; row_type=&#8221;row&#8221; use_row_as_full_screen_section=&#8221;no&#8221; type=&#8221;full_width&#8221; angled_section=&#8221;no&#8221; text_align=&#8221;left&#8221; background_image_as_pattern=&#8221;without_pattern&#8221;][vc_column][vc_empty_space height=&#8221;40px&#8221;][\/vc_column][\/vc_row][vc_row css_animation=&#8221;&#8221; row_type=&#8221;row&#8221; use_row_as_full_screen_section=&#8221;no&#8221; type=&#8221;full_width&#8221; angled_section=&#8221;no&#8221; text_align=&#8221;left&#8221; background_image_as_pattern=&#8221;without_pattern&#8221;][vc_column width=&#8221;1\/2&#8243;][vc_single_image image=&#8221;509&#8243; img_size=&#8221;full&#8221; alignment=&#8221;center&#8221; qode_css_animation=&#8221;&#8221; css=&#8221;.vc_custom_1543414853813{padding-bottom: 20px !important;}&#8221;][vc_column_text]<\/p>\n<h3>Muhammed<\/h3>\n<h3><span data-sheets-value=\"{&quot;1&quot;:2,&quot;2&quot;:&quot;Nombre: Mehmet Edad: 22 Nacionalidad: turco&quot;}\" data-sheets-userformat=\"{&quot;2&quot;:33555249,&quot;3&quot;:{&quot;1&quot;:0},&quot;7&quot;:{&quot;1&quot;:[{&quot;1&quot;:2,&quot;2&quot;:0,&quot;5&quot;:[null,2,12040119]},{&quot;1&quot;:0,&quot;2&quot;:0,&quot;3&quot;:3},{&quot;1&quot;:1,&quot;2&quot;:0,&quot;4&quot;:1}]},&quot;8&quot;:{&quot;1&quot;:[{&quot;1&quot;:2,&quot;2&quot;:0,&quot;5&quot;:[null,2,12040119]},{&quot;1&quot;:0,&quot;2&quot;:0,&quot;3&quot;:3},{&quot;1&quot;:1,&quot;2&quot;:0,&quot;4&quot;:1}]},&quot;11&quot;:4,&quot;12&quot;:0,&quot;28&quot;:1}\" data-sheets-formula=\"=VLOOKUP(R[0]C2,IMPORTRANGE(&quot;1EXCrbC9wjDuqob4uF-kdQN4ZtTWkok2VQCOp5e6f_WU&quot;,R1C1&amp;&quot;!$b$3:$i$100&quot;),8,false)\">Nombre: Mehmet <\/span><\/h3>\n<h3><span data-sheets-value=\"{&quot;1&quot;:2,&quot;2&quot;:&quot;Nombre: Mehmet Edad: 22 Nacionalidad: turco&quot;}\" data-sheets-userformat=\"{&quot;2&quot;:33555249,&quot;3&quot;:{&quot;1&quot;:0},&quot;7&quot;:{&quot;1&quot;:[{&quot;1&quot;:2,&quot;2&quot;:0,&quot;5&quot;:[null,2,12040119]},{&quot;1&quot;:0,&quot;2&quot;:0,&quot;3&quot;:3},{&quot;1&quot;:1,&quot;2&quot;:0,&quot;4&quot;:1}]},&quot;8&quot;:{&quot;1&quot;:[{&quot;1&quot;:2,&quot;2&quot;:0,&quot;5&quot;:[null,2,12040119]},{&quot;1&quot;:0,&quot;2&quot;:0,&quot;3&quot;:3},{&quot;1&quot;:1,&quot;2&quot;:0,&quot;4&quot;:1}]},&quot;11&quot;:4,&quot;12&quot;:0,&quot;28&quot;:1}\" data-sheets-formula=\"=VLOOKUP(R[0]C2,IMPORTRANGE(&quot;1EXCrbC9wjDuqob4uF-kdQN4ZtTWkok2VQCOp5e6f_WU&quot;,R1C1&amp;&quot;!$b$3:$i$100&quot;),8,false)\">Edad: 22 <\/span><\/h3>\n<h3><span data-sheets-value=\"{&quot;1&quot;:2,&quot;2&quot;:&quot;Nombre: Mehmet Edad: 22 Nacionalidad: turco&quot;}\" data-sheets-userformat=\"{&quot;2&quot;:33555249,&quot;3&quot;:{&quot;1&quot;:0},&quot;7&quot;:{&quot;1&quot;:[{&quot;1&quot;:2,&quot;2&quot;:0,&quot;5&quot;:[null,2,12040119]},{&quot;1&quot;:0,&quot;2&quot;:0,&quot;3&quot;:3},{&quot;1&quot;:1,&quot;2&quot;:0,&quot;4&quot;:1}]},&quot;8&quot;:{&quot;1&quot;:[{&quot;1&quot;:2,&quot;2&quot;:0,&quot;5&quot;:[null,2,12040119]},{&quot;1&quot;:0,&quot;2&quot;:0,&quot;3&quot;:3},{&quot;1&quot;:1,&quot;2&quot;:0,&quot;4&quot;:1}]},&quot;11&quot;:4,&quot;12&quot;:0,&quot;28&quot;:1}\" data-sheets-formula=\"=VLOOKUP(R[0]C2,IMPORTRANGE(&quot;1EXCrbC9wjDuqob4uF-kdQN4ZtTWkok2VQCOp5e6f_WU&quot;,R1C1&amp;&quot;!$b$3:$i$100&quot;),8,false)\">Nacionalidad: Turco<\/span><\/h3>\n<p>[\/vc_column_text][vc_empty_space height=&#8221;20px&#8221;][vc_column_text]<span style=\"font-weight: 400;\">Mehmet hace el papel de Ismael (P.O.V.) y del hermano, Mohamed. Es de una peque\u00f1a ciudad cercana a Alepo, donde creci\u00f3 con su madre, su padre y dos hermanos peque\u00f1os. En 2015, su padre dej\u00f3 Siria para buscar en Europa un lugar seguro para la familia. Tom\u00f3 el barco desde la costa de Turqu\u00eda hacia Grecia y luego camin\u00f3 hasta Dinamarca, en el norte de Europa. Aproximadamente un a\u00f1o despu\u00e9s, la madre de Mehmet y dos hermanos se reunieron con su padre en Dinamarca, pero Mehmet no quiso ir. Eligi\u00f3 ir a la universidad en Adana, Turqu\u00eda, y hoy estudia ingenier\u00eda. Espera reunirse con su familia cuando termine los estudios.<\/span>[\/vc_column_text][vc_empty_space height=&#8221;80px&#8221;][\/vc_column][vc_column width=&#8221;1\/2&#8243;][vc_single_image image=&#8221;510&#8243; img_size=&#8221;full&#8221; alignment=&#8221;center&#8221; qode_css_animation=&#8221;&#8221; css=&#8221;.vc_custom_1543414871314{padding-bottom: 20px !important;}&#8221;][vc_column_text]<\/p>\n<h3>Ismael<\/h3>\n<h3>Nombre: \u0130brahim \u00c7a\u011fatay<\/h3>\n<h3>Edad: 21<\/h3>\n<h3>Nacionalidad: Turco<\/h3>\n<p>[\/vc_column_text][vc_empty_space height=&#8221;20px&#8221;][vc_column_text]<span style=\"font-weight: 400;\">Ibrahim hace el papel de Ismael (P.O.V.), estudiante de arqueolog\u00eda en la Universidad de Harran. Ha sido voluntario como presidente de la secci\u00f3n juvenil de la Media Luna Roja turca en su universidad durante los tres \u00faltimos a\u00f1os.<\/span>[\/vc_column_text][vc_empty_space height=&#8221;80px&#8221;][\/vc_column][\/vc_row][vc_row css_animation=&#8221;&#8221; row_type=&#8221;row&#8221; use_row_as_full_screen_section=&#8221;no&#8221; type=&#8221;full_width&#8221; angled_section=&#8221;no&#8221; text_align=&#8221;left&#8221; background_image_as_pattern=&#8221;without_pattern&#8221;][vc_column css=&#8221;.vc_custom_1543413895368{padding-right: 50px !important;padding-left: 50px !important;}&#8221;][vc_empty_space height=&#8221;50px&#8221;][\/vc_column][\/vc_row][vc_row css_animation=&#8221;&#8221; row_type=&#8221;row&#8221; use_row_as_full_screen_section=&#8221;no&#8221; type=&#8221;full_width&#8221; angled_section=&#8221;no&#8221; text_align=&#8221;left&#8221; background_image_as_pattern=&#8221;without_pattern&#8221;][vc_column width=&#8221;1\/3&#8243;][vc_single_image image=&#8221;379&#8243; img_size=&#8221;full&#8221; alignment=&#8221;center&#8221; onclick=&#8221;link_image&#8221; qode_css_animation=&#8221;&#8221; css=&#8221;.vc_custom_1542100765967{padding-right: 0px !important;padding-bottom: 20px !important;padding-left: 0px !important;}&#8221;][vc_column_text]<\/p>\n<h3><span data-sheets-value=\"{&quot;1&quot;:2,&quot;2&quot;:&quot;Madre de Ismael &quot;}\" data-sheets-userformat=\"{&quot;2&quot;:33555249,&quot;3&quot;:{&quot;1&quot;:0},&quot;7&quot;:{&quot;1&quot;:[{&quot;1&quot;:2,&quot;2&quot;:0,&quot;5&quot;:[null,2,12040119]},{&quot;1&quot;:0,&quot;2&quot;:0,&quot;3&quot;:3},{&quot;1&quot;:1,&quot;2&quot;:0,&quot;4&quot;:1}]},&quot;8&quot;:{&quot;1&quot;:[{&quot;1&quot;:2,&quot;2&quot;:0,&quot;5&quot;:[null,2,12040119]},{&quot;1&quot;:0,&quot;2&quot;:0,&quot;3&quot;:3},{&quot;1&quot;:1,&quot;2&quot;:0,&quot;4&quot;:1}]},&quot;11&quot;:4,&quot;12&quot;:0,&quot;28&quot;:1}\" data-sheets-formula=\"=VLOOKUP(R[0]C2,IMPORTRANGE(&quot;1EXCrbC9wjDuqob4uF-kdQN4ZtTWkok2VQCOp5e6f_WU&quot;,R1C1&amp;&quot;!$b$3:$i$100&quot;),8,false)\">Madre de Ismael <\/span><\/h3>\n<h3>Nombre: Farah Firat<\/h3>\n<h3>Edad: 24<\/h3>\n<h3>Nacionalidad: Sirio<\/h3>\n<p>[\/vc_column_text][vc_empty_space height=&#8221;20px&#8221;][vc_column_text]<span style=\"font-weight: 400;\">Farah dej\u00f3 Siria hace 3 a\u00f1os con sus dos hermanas peque\u00f1as. Llegaron a Gaziantep a pie porque no ten\u00edan coche. Las 3 hermanas caminaban principalmente durante la noche para que no las descubrieran. Su hermano resid\u00eda en Gaziantep, por eso termin\u00f3 aqu\u00ed. Pero ahora es la \u00fanica que queda de la familia en la ciudad desde que los dem\u00e1s regresaron a Siria. Por otro lado, a Farah le gusta Turqu\u00eda, donde conoci\u00f3 a su marido, Halit Firat. Llevan un a\u00f1o y medio casados y acaban de tener un hijo llamado Mohamed.<\/span>[\/vc_column_text][vc_empty_space height=&#8221;80px&#8221;][\/vc_column][vc_column width=&#8221;1\/3&#8243;][vc_single_image image=&#8221;381&#8243; img_size=&#8221;full&#8221; alignment=&#8221;center&#8221; onclick=&#8221;link_image&#8221; qode_css_animation=&#8221;&#8221; css=&#8221;.vc_custom_1542101141390{padding-right: 0px !important;padding-bottom: 20px !important;padding-left: 0px !important;}&#8221;][vc_column_text]<\/p>\n<h3>Motociclista<\/h3>\n<h3>Nombre: Ahmed<\/h3>\n<h3>Edad: 73<\/h3>\n<h3>Nacionalidad: Turco<\/h3>\n<p>[\/vc_column_text][vc_empty_space height=&#8221;20px&#8221;][vc_column_text]<span style=\"font-weight: 400;\">Propietario de los campos de pistachos de las afueras de Gaziantep. Armado con un rifle y una linterna, permanece las 24 horas del d\u00eda en el campo en verano para proteger los cultivos de los ladrones. Tiene 6 hijas y un hijo.<\/span>[\/vc_column_text][vc_empty_space height=&#8221;80px&#8221;][\/vc_column][vc_column width=&#8221;1\/3&#8243;][vc_single_image image=&#8221;378&#8243; img_size=&#8221;full&#8221; alignment=&#8221;center&#8221; onclick=&#8221;link_image&#8221; qode_css_animation=&#8221;&#8221; css=&#8221;.vc_custom_1542100782167{padding-right: 0px !important;padding-bottom: 20px !important;padding-left: 0px !important;}&#8221;][vc_column_text]<\/p>\n<h3><span data-sheets-value=\"{&quot;1&quot;:2,&quot;2&quot;:&quot;Int\u00e9rprete de la\u00fad&quot;}\" data-sheets-userformat=\"{&quot;2&quot;:33555249,&quot;3&quot;:{&quot;1&quot;:0},&quot;7&quot;:{&quot;1&quot;:[{&quot;1&quot;:2,&quot;2&quot;:0,&quot;5&quot;:[null,2,12040119]},{&quot;1&quot;:0,&quot;2&quot;:0,&quot;3&quot;:3},{&quot;1&quot;:1,&quot;2&quot;:0,&quot;4&quot;:1}]},&quot;8&quot;:{&quot;1&quot;:[{&quot;1&quot;:2,&quot;2&quot;:0,&quot;5&quot;:[null,2,12040119]},{&quot;1&quot;:0,&quot;2&quot;:0,&quot;3&quot;:3},{&quot;1&quot;:1,&quot;2&quot;:0,&quot;4&quot;:1}]},&quot;11&quot;:4,&quot;12&quot;:0,&quot;28&quot;:1}\" data-sheets-formula=\"=VLOOKUP(R[0]C2,IMPORTRANGE(&quot;1EXCrbC9wjDuqob4uF-kdQN4ZtTWkok2VQCOp5e6f_WU&quot;,R1C1&amp;&quot;!$b$3:$i$100&quot;),8,false)\">Int\u00e9rprete de la\u00fad<\/span><\/h3>\n<h3>Nombre: Nuri<\/h3>\n<h3>Edad: 17<\/h3>\n<h3>Nacionalidad: Sirio<\/h3>\n<p>[\/vc_column_text][vc_empty_space height=&#8221;20px&#8221;][vc_column_text]<span style=\"font-weight: 400;\">Abandon\u00f3 la zona de Siria conocida como Afran hace 5 a\u00f1os. Su hermano mayor se fue antes a Turqu\u00eda, donde se qued\u00f3 en Gaziantep, y m\u00e1s tarde fue a Esmirna. La familia est\u00e1 ahora unida en Esmirna, donde Nuri estudia turco en el centro local de la Cruz Roja con su hermano mayor y su hermana menor. Nuri lleva un par de a\u00f1os tocando el la\u00fad y ahora hace peque\u00f1os trabajos como m\u00fasico y espera ganarse la vida con ello alg\u00fan d\u00eda. Parte de la m\u00fasica de la pel\u00edcula la interpreta \u00e9l.<\/span>[\/vc_column_text][vc_empty_space height=&#8221;80px&#8221;][\/vc_column][\/vc_row][vc_row css_animation=&#8221;&#8221; row_type=&#8221;row&#8221; use_row_as_full_screen_section=&#8221;no&#8221; type=&#8221;full_width&#8221; angled_section=&#8221;no&#8221; text_align=&#8221;left&#8221; background_image_as_pattern=&#8221;without_pattern&#8221;][vc_column width=&#8221;1\/3&#8243;][vc_single_image image=&#8221;376&#8243; img_size=&#8221;full&#8221; alignment=&#8221;center&#8221; onclick=&#8221;link_image&#8221; qode_css_animation=&#8221;&#8221; css=&#8221;.vc_custom_1542100559764{padding-right: 0px !important;padding-bottom: 20px !important;padding-left: 0px !important;}&#8221;][vc_column_text]<\/p>\n<h3><span data-sheets-value=\"{&quot;1&quot;:2,&quot;2&quot;:&quot;Vendedor de pistachos&quot;}\" data-sheets-userformat=\"{&quot;2&quot;:33555249,&quot;3&quot;:{&quot;1&quot;:0},&quot;7&quot;:{&quot;1&quot;:[{&quot;1&quot;:2,&quot;2&quot;:0,&quot;5&quot;:[null,2,12040119]},{&quot;1&quot;:0,&quot;2&quot;:0,&quot;3&quot;:3},{&quot;1&quot;:1,&quot;2&quot;:0,&quot;4&quot;:1}]},&quot;8&quot;:{&quot;1&quot;:[{&quot;1&quot;:2,&quot;2&quot;:0,&quot;5&quot;:[null,2,12040119]},{&quot;1&quot;:0,&quot;2&quot;:0,&quot;3&quot;:3},{&quot;1&quot;:1,&quot;2&quot;:0,&quot;4&quot;:1}]},&quot;11&quot;:4,&quot;12&quot;:0,&quot;28&quot;:1}\" data-sheets-formula=\"=VLOOKUP(R[0]C2,IMPORTRANGE(&quot;1EXCrbC9wjDuqob4uF-kdQN4ZtTWkok2VQCOp5e6f_WU&quot;,R1C1&amp;&quot;!$b$3:$i$100&quot;),8,false)\">Vendedor de pistachos<\/span><\/h3>\n<h3>Nombre: Ahmet<\/h3>\n<h3>Edad: 19<\/h3>\n<h3>Nacionalidad: Sirio<\/h3>\n<p>[\/vc_column_text][vc_empty_space height=&#8221;20px&#8221;][vc_column_text]<span style=\"font-weight: 400;\">Abandon\u00f3 Siria hace 5 a\u00f1os por causa de la guerra civil. Trabaja como vendedor ambulante de varios tipos de frutas y frutos secos, seg\u00fan la temporada. Suele quedarse un mes en cada lugar antes de trasladarse a otro lugar de la ciudad.<\/span>[\/vc_column_text][vc_empty_space height=&#8221;80px&#8221;][\/vc_column][vc_column width=&#8221;1\/3&#8243;][vc_single_image image=&#8221;374&#8243; img_size=&#8221;full&#8221; alignment=&#8221;center&#8221; onclick=&#8221;link_image&#8221; qode_css_animation=&#8221;&#8221; css=&#8221;.vc_custom_1542100081906{padding-right: 0px !important;padding-bottom: 20px !important;padding-left: 0px !important;}&#8221;][vc_column_text]<\/p>\n<h3><span data-sheets-value=\"{&quot;1&quot;:2,&quot;2&quot;:&quot;Im\u00e1n&quot;}\" data-sheets-userformat=\"{&quot;2&quot;:33555249,&quot;3&quot;:{&quot;1&quot;:0},&quot;7&quot;:{&quot;1&quot;:[{&quot;1&quot;:2,&quot;2&quot;:0,&quot;5&quot;:[null,2,12040119]},{&quot;1&quot;:0,&quot;2&quot;:0,&quot;3&quot;:3},{&quot;1&quot;:1,&quot;2&quot;:0,&quot;4&quot;:1}]},&quot;8&quot;:{&quot;1&quot;:[{&quot;1&quot;:2,&quot;2&quot;:0,&quot;5&quot;:[null,2,12040119]},{&quot;1&quot;:0,&quot;2&quot;:0,&quot;3&quot;:3},{&quot;1&quot;:1,&quot;2&quot;:0,&quot;4&quot;:1}]},&quot;11&quot;:4,&quot;12&quot;:0,&quot;28&quot;:1}\" data-sheets-formula=\"=VLOOKUP(R[0]C2,IMPORTRANGE(&quot;1EXCrbC9wjDuqob4uF-kdQN4ZtTWkok2VQCOp5e6f_WU&quot;,R1C1&amp;&quot;!$b$3:$i$100&quot;),8,false)\">Im\u00e1n<\/span><\/h3>\n<h3>Nombre: Atif Deniz<\/h3>\n<h3>Edad: 38<\/h3>\n<h3>Nacionalidad: Turco<\/h3>\n<p>[\/vc_column_text][vc_empty_space height=&#8221;20px&#8221;][vc_column_text]<span style=\"font-weight: 400;\">Atif es im\u00e1n desde 2002 y ha trabajado en esta mezquita concreta durante aproximadamente un a\u00f1o. Est\u00e1 all\u00ed todos los d\u00edas para participar en las cinco oraciones diarias. Adem\u00e1s de las oraciones, tambi\u00e9n ayuda a la gente que viene a la mezquita a pedir consejo. Muchos refugiados sirios vienen a la mezquita.<\/span>[\/vc_column_text][vc_empty_space height=&#8221;80px&#8221;][\/vc_column][vc_column width=&#8221;1\/3&#8243;][vc_single_image image=&#8221;399&#8243; img_size=&#8221;full&#8221; alignment=&#8221;center&#8221; onclick=&#8221;link_image&#8221; qode_css_animation=&#8221;&#8221; css=&#8221;.vc_custom_1542124955248{padding-right: 0px !important;padding-bottom: 20px !important;padding-left: 0px !important;}&#8221;][vc_column_text]<\/p>\n<h3>Granjero<\/h3>\n<h3>Nombre: Abdul Aziz Muhammad<\/h3>\n<h3>Edad: 36<\/h3>\n<h3>Nacionalidad: Sirio<\/h3>\n<p>[\/vc_column_text][vc_empty_space height=&#8221;20px&#8221;][vc_column_text]<span style=\"font-weight: 400;\">Abdul es un agricultor que abandon\u00f3 Haseka, al norte de Siria, en 2013. Cuando estaba en Siria, era agricultor del algod\u00f3n, pero en Torbali, Turqu\u00eda, trabaja en el campo cultivando puerros. Tiene 7 hijos, el mayor de 14 a\u00f1os y el menor de apenas 6 meses.<\/span>[\/vc_column_text][vc_empty_space height=&#8221;80px&#8221;][\/vc_column][\/vc_row][vc_row css_animation=&#8221;&#8221; row_type=&#8221;row&#8221; use_row_as_full_screen_section=&#8221;no&#8221; type=&#8221;full_width&#8221; angled_section=&#8221;no&#8221; text_align=&#8221;left&#8221; background_image_as_pattern=&#8221;without_pattern&#8221;][vc_column][vc_empty_space height=&#8221;80px&#8221;][\/vc_column][\/vc_row]<\/p>\n","protected":false},"excerpt":{"rendered":"<p>[vc_row css_animation=&#8221;&#8221; row_type=&#8221;row&#8221; use_row_as_full_screen_section=&#8221;no&#8221; type=&#8221;full_width&#8221; angled_section=&#8221;no&#8221; text_align=&#8221;left&#8221; background_image_as_pattern=&#8221;without_pattern&#8221;][vc_column][vc_empty_space height=&#8221;70&#8243;][\/vc_column][\/vc_row][vc_row css_animation=&#8221;&#8221; row_type=&#8221;row&#8221; use_row_as_full_screen_section=&#8221;no&#8221; type=&#8221;full_width&#8221; angled_section=&#8221;no&#8221; text_align=&#8221;left&#8221; background_image_as_pattern=&#8221;without_pattern&#8221;][vc_column][vc_single_image image=&#8221;624&#8243; img_size=&#8221;full&#8221; alignment=&#8221;center&#8221; qode_css_animation=&#8221;&#8221; css=&#8221;.vc_custom_1545302887107{padding-right: 40px !important;padding-left: 40px !important;}&#8221;][\/vc_column][\/vc_row][vc_row css_animation=&#8221;&#8221; row_type=&#8221;row&#8221; use_row_as_full_screen_section=&#8221;no&#8221; type=&#8221;full_width&#8221; angled_section=&#8221;no&#8221; text_align=&#8221;left&#8221; background_image_as_pattern=&#8221;without_pattern&#8221;][vc_column][vc_empty_space height=&#8221;40px&#8221;][\/vc_column][\/vc_row][vc_row css_animation=&#8221;&#8221; row_type=&#8221;row&#8221; use_row_as_full_screen_section=&#8221;no&#8221; type=&#8221;full_width&#8221; angled_section=&#8221;no&#8221; text_align=&#8221;left&#8221; background_image_as_pattern=&#8221;without_pattern&#8221;][vc_column width=&#8221;1\/2&#8243;][vc_single_image image=&#8221;509&#8243; img_size=&#8221;full&#8221; alignment=&#8221;center&#8221; qode_css_animation=&#8221;&#8221;&#8230;<\/p>\n","protected":false},"author":1,"featured_media":0,"parent":0,"menu_order":0,"comment_status":"closed","ping_status":"closed","template":"","meta":[],"_links":{"self":[{"href":"https:\/\/brothersacrossborders.com\/es\/wp-json\/wp\/v2\/pages\/186"}],"collection":[{"href":"https:\/\/brothersacrossborders.com\/es\/wp-json\/wp\/v2\/pages"}],"about":[{"href":"https:\/\/brothersacrossborders.com\/es\/wp-json\/wp\/v2\/types\/page"}],"author":[{"embeddable":true,"href":"https:\/\/brothersacrossborders.com\/es\/wp-json\/wp\/v2\/users\/1"}],"replies":[{"embeddable":true,"href":"https:\/\/brothersacrossborders.com\/es\/wp-json\/wp\/v2\/comments?post=186"}],"version-history":[{"count":56,"href":"https:\/\/brothersacrossborders.com\/es\/wp-json\/wp\/v2\/pages\/186\/revisions"}],"predecessor-version":[{"id":635,"href":"https:\/\/brothersacrossborders.com\/es\/wp-json\/wp\/v2\/pages\/186\/revisions\/635"}],"wp:attachment":[{"href":"https:\/\/brothersacrossborders.com\/es\/wp-json\/wp\/v2\/media?parent=186"}],"curies":[{"name":"wp","href":"https:\/\/api.w.org\/{rel}","templated":true}]}}