{"id":186,"date":"2018-10-22T13:35:26","date_gmt":"2018-10-22T13:35:26","guid":{"rendered":"https:\/\/brothersacrossborders.com\/eng\/?page_id=186"},"modified":"2018-12-18T10:12:55","modified_gmt":"2018-12-18T10:12:55","slug":"credits","status":"publish","type":"page","link":"https:\/\/brothersacrossborders.com\/en\/credits\/","title":{"rendered":"The Cast"},"content":{"rendered":"<p>[vc_row css_animation=&#8221;&#8221; row_type=&#8221;row&#8221; use_row_as_full_screen_section=&#8221;no&#8221; type=&#8221;full_width&#8221; angled_section=&#8221;no&#8221; text_align=&#8221;left&#8221; background_image_as_pattern=&#8221;without_pattern&#8221;][vc_column][vc_empty_space height=&#8221;70&#8243;][\/vc_column][\/vc_row][vc_row css_animation=&#8221;&#8221; row_type=&#8221;row&#8221; use_row_as_full_screen_section=&#8221;no&#8221; type=&#8221;full_width&#8221; angled_section=&#8221;no&#8221; text_align=&#8221;left&#8221; background_image_as_pattern=&#8221;without_pattern&#8221;][vc_column][vc_single_image image=&#8221;542&#8243; img_size=&#8221;full&#8221; alignment=&#8221;center&#8221; qode_css_animation=&#8221;&#8221; css=&#8221;.vc_custom_1543568087639{padding-right: 40px !important;padding-left: 40px !important;}&#8221;][\/vc_column][\/vc_row][vc_row css_animation=&#8221;&#8221; row_type=&#8221;row&#8221; use_row_as_full_screen_section=&#8221;no&#8221; type=&#8221;full_width&#8221; angled_section=&#8221;no&#8221; text_align=&#8221;left&#8221; background_image_as_pattern=&#8221;without_pattern&#8221;][vc_column][vc_empty_space height=&#8221;40px&#8221;][\/vc_column][\/vc_row][vc_row css_animation=&#8221;&#8221; row_type=&#8221;row&#8221; use_row_as_full_screen_section=&#8221;no&#8221; type=&#8221;full_width&#8221; angled_section=&#8221;no&#8221; text_align=&#8221;left&#8221; background_image_as_pattern=&#8221;without_pattern&#8221;][vc_column width=&#8221;1\/2&#8243;][vc_single_image image=&#8221;509&#8243; img_size=&#8221;full&#8221; alignment=&#8221;center&#8221; qode_css_animation=&#8221;&#8221; css=&#8221;.vc_custom_1543414853813{padding-bottom: 20px !important;}&#8221;][vc_column_text]<\/p>\n<h3>Muhammed<\/h3>\n<h3>Name: Mehmet<\/h3>\n<h3>Age: 22<\/h3>\n<h3>Nationality: Turkish<\/h3>\n<p>[\/vc_column_text][vc_empty_space height=&#8221;20px&#8221;][vc_column_text]<span style=\"font-weight: 400;\">Mehmet plays the role of both Ismael (P.O.V.) and the brother Muhammed. He is from a small city close to Aleppo where he grew up with his mother, father and two younger brothers. In 2015 his father left Syria to find a safe place for the family in Europe. He took the boat from the Turkish coast towards Greece and then walked all the way to Denmark in Northern Europe. About a year later Mehmet\u2019s mother and two brothers joined his father in Denmark, but Mehmet didn\u2019t want to go. He chose to go to university in Adana, Turkey and today studies engineering. He hopes to reunite with them when he is done with his studies.<\/span>[\/vc_column_text][vc_empty_space height=&#8221;80px&#8221;][\/vc_column][vc_column width=&#8221;1\/2&#8243;][vc_single_image image=&#8221;510&#8243; img_size=&#8221;full&#8221; alignment=&#8221;center&#8221; qode_css_animation=&#8221;&#8221; css=&#8221;.vc_custom_1543414871314{padding-bottom: 20px !important;}&#8221;][vc_column_text]<\/p>\n<h3>Ismael<\/h3>\n<h3>Name: \u0130brahim \u00c7a\u011fatay<\/h3>\n<h3>Age: 21<\/h3>\n<h3>Nationality: Turkish<\/h3>\n<p>[\/vc_column_text][vc_empty_space height=&#8221;20px&#8221;][vc_column_text]<span style=\"font-weight: 400;\">Ibrahim plays the part of Ismael (P.O.V.) is Archeology student from the Harran University. He has volunteered as a youth branch president of Turkish Red Crescent in his university for the last 3 years.<\/span>[\/vc_column_text][vc_empty_space height=&#8221;80px&#8221;][\/vc_column][\/vc_row][vc_row css_animation=&#8221;&#8221; row_type=&#8221;row&#8221; use_row_as_full_screen_section=&#8221;no&#8221; type=&#8221;full_width&#8221; angled_section=&#8221;no&#8221; text_align=&#8221;left&#8221; background_image_as_pattern=&#8221;without_pattern&#8221;][vc_column css=&#8221;.vc_custom_1543413895368{padding-right: 50px !important;padding-left: 50px !important;}&#8221;][vc_empty_space height=&#8221;50px&#8221;][\/vc_column][\/vc_row][vc_row css_animation=&#8221;&#8221; row_type=&#8221;row&#8221; use_row_as_full_screen_section=&#8221;no&#8221; type=&#8221;full_width&#8221; angled_section=&#8221;no&#8221; text_align=&#8221;left&#8221; background_image_as_pattern=&#8221;without_pattern&#8221;][vc_column width=&#8221;1\/3&#8243;][vc_single_image image=&#8221;379&#8243; img_size=&#8221;full&#8221; alignment=&#8221;center&#8221; onclick=&#8221;link_image&#8221; qode_css_animation=&#8221;&#8221; css=&#8221;.vc_custom_1542100765967{padding-right: 0px !important;padding-bottom: 20px !important;padding-left: 0px !important;}&#8221;][vc_column_text]<\/p>\n<h3>Ismael&#8217;s mother<\/h3>\n<h3>Name: Farah Firat<\/h3>\n<h3>Age: 24<\/h3>\n<h3>Nationality: Syrian<\/h3>\n<p>[\/vc_column_text][vc_empty_space height=&#8221;20px&#8221;][vc_column_text]<span style=\"font-weight: 400;\">Farah left Syria 3 years ago with her two younger sisters. They arrived in Gaziantep by foot since they didn\u2019t have any car. The 3 siblings mainly walked in the nighttime to not get caught. Her brother was staying in Gaziantep so that\u2019s why she ended up here. But now she is the only one from the family left in the city since the others returned to Syria. Farah on the other hand likes Turkey where she found her husband Halit Firat. They have been married for 1,5 years and have just got a little son named Mohammad.<\/span>[\/vc_column_text][vc_empty_space height=&#8221;80px&#8221;][\/vc_column][vc_column width=&#8221;1\/3&#8243;][vc_single_image image=&#8221;381&#8243; img_size=&#8221;full&#8221; alignment=&#8221;center&#8221; onclick=&#8221;link_image&#8221; qode_css_animation=&#8221;&#8221; css=&#8221;.vc_custom_1542101141390{padding-right: 0px !important;padding-bottom: 20px !important;padding-left: 0px !important;}&#8221;][vc_column_text]<\/p>\n<h3>Motorcycle man<\/h3>\n<h3>Name: Ahmed<\/h3>\n<h3>Age: 73<\/h3>\n<h3>Nationality: Turkish<\/h3>\n<p>[\/vc_column_text][vc_empty_space height=&#8221;20px&#8221;][vc_column_text]<span style=\"font-weight: 400;\">Owner of the pistachio fields on the outskirts of Gaziantep city. Armed with a rifle and a flashlight he stays in the fields 24 hours a day in the summer to protect the crops from thieves. Has 6 daughters and a son.<\/span>[\/vc_column_text][vc_empty_space height=&#8221;80px&#8221;][\/vc_column][vc_column width=&#8221;1\/3&#8243;][vc_single_image image=&#8221;378&#8243; img_size=&#8221;full&#8221; alignment=&#8221;center&#8221; onclick=&#8221;link_image&#8221; qode_css_animation=&#8221;&#8221; css=&#8221;.vc_custom_1542100782167{padding-right: 0px !important;padding-bottom: 20px !important;padding-left: 0px !important;}&#8221;][vc_column_text]<\/p>\n<h3>Lute player<\/h3>\n<h3>Name: Nuri<\/h3>\n<h3>Age: 17<\/h3>\n<h3>Nationality: Syrian<\/h3>\n<p>[\/vc_column_text][vc_empty_space height=&#8221;20px&#8221;][vc_column_text]<span style=\"font-weight: 400;\">Left Syria 5 years ago from the area called Afran. His older brother went to Turkey before where he stayed in Gaziantep and later went to Izmir. The family is now united i Izmir where he studies Turkish in the local Red Cross Centre with his older brother and little sister. He has been playing the lute for a couple of years and is now doing small jobs as a musician and hope to make a living of it someday. Some of the music in the film is played by him.<\/span>[\/vc_column_text][vc_empty_space height=&#8221;80px&#8221;][\/vc_column][\/vc_row][vc_row css_animation=&#8221;&#8221; row_type=&#8221;row&#8221; use_row_as_full_screen_section=&#8221;no&#8221; type=&#8221;full_width&#8221; angled_section=&#8221;no&#8221; text_align=&#8221;left&#8221; background_image_as_pattern=&#8221;without_pattern&#8221;][vc_column width=&#8221;1\/3&#8243;][vc_single_image image=&#8221;376&#8243; img_size=&#8221;full&#8221; alignment=&#8221;center&#8221; onclick=&#8221;link_image&#8221; qode_css_animation=&#8221;&#8221; css=&#8221;.vc_custom_1542100559764{padding-right: 0px !important;padding-bottom: 20px !important;padding-left: 0px !important;}&#8221;][vc_column_text]<\/p>\n<h3>Pistachio guy<\/h3>\n<h3>Name: Ahmet<\/h3>\n<h3>Age: 19<\/h3>\n<h3>Nationality: Syrian<\/h3>\n<p>[\/vc_column_text][vc_empty_space height=&#8221;20px&#8221;][vc_column_text]<span style=\"font-weight: 400;\">Left Syria 5 years ago because of the civil war. Works as a street salesman selling various types of fruits and nuts depending on the season. He usually stays one month at each location before moving to another spot in the city.<\/span>[\/vc_column_text][vc_empty_space height=&#8221;80px&#8221;][\/vc_column][vc_column width=&#8221;1\/3&#8243;][vc_single_image image=&#8221;374&#8243; img_size=&#8221;full&#8221; alignment=&#8221;center&#8221; onclick=&#8221;link_image&#8221; qode_css_animation=&#8221;&#8221; css=&#8221;.vc_custom_1542100081906{padding-right: 0px !important;padding-bottom: 20px !important;padding-left: 0px !important;}&#8221;][vc_column_text]<\/p>\n<h3>Imam<\/h3>\n<h3>Name: Atif Deniz<\/h3>\n<h3>Age: 38<\/h3>\n<h3>Nationality: Turkish<\/h3>\n<p>[\/vc_column_text][vc_empty_space height=&#8221;20px&#8221;][vc_column_text]<span style=\"font-weight: 400;\">Atif has been an imam since 2002 and worked in this specific mosque for about a year. He is there every day to participate in the 5 daily prayers. Besides from the prayers he also help the people coming in the mosque for advice. A lot of Syrian refugees come in the mosque.<\/span>[\/vc_column_text][vc_empty_space height=&#8221;80px&#8221;][\/vc_column][vc_column width=&#8221;1\/3&#8243;][vc_single_image image=&#8221;399&#8243; img_size=&#8221;full&#8221; alignment=&#8221;center&#8221; onclick=&#8221;link_image&#8221; qode_css_animation=&#8221;&#8221; css=&#8221;.vc_custom_1542124955248{padding-right: 0px !important;padding-bottom: 20px !important;padding-left: 0px !important;}&#8221;][vc_column_text]<\/p>\n<h3>Farmer<\/h3>\n<h3>Name: Abdul Aziz Muhammad<\/h3>\n<h3>Age: 36<\/h3>\n<h3>Nationality: Syrian<\/h3>\n<p>[\/vc_column_text][vc_empty_space height=&#8221;20px&#8221;][vc_column_text]<span style=\"font-weight: 400;\">Abdul is a farmer that left Haseka in Northern Syria in 2013. Back in Syria he was a cotton farmer but her in Torbali, Turkey he works in the fields growing leek. He has 7 children the oldest being 14 years old and the youngest one is only 6 months.<\/span>[\/vc_column_text][vc_empty_space height=&#8221;80px&#8221;][\/vc_column][\/vc_row][vc_row css_animation=&#8221;&#8221; row_type=&#8221;row&#8221; use_row_as_full_screen_section=&#8221;no&#8221; type=&#8221;full_width&#8221; angled_section=&#8221;no&#8221; text_align=&#8221;left&#8221; background_image_as_pattern=&#8221;without_pattern&#8221;][vc_column][vc_empty_space height=&#8221;80px&#8221;][\/vc_column][\/vc_row]<\/p>\n","protected":false},"excerpt":{"rendered":"<p>[vc_row css_animation=&#8221;&#8221; row_type=&#8221;row&#8221; use_row_as_full_screen_section=&#8221;no&#8221; type=&#8221;full_width&#8221; angled_section=&#8221;no&#8221; text_align=&#8221;left&#8221; background_image_as_pattern=&#8221;without_pattern&#8221;][vc_column][vc_empty_space height=&#8221;70&#8243;][\/vc_column][\/vc_row][vc_row css_animation=&#8221;&#8221; row_type=&#8221;row&#8221; use_row_as_full_screen_section=&#8221;no&#8221; type=&#8221;full_width&#8221; angled_section=&#8221;no&#8221; text_align=&#8221;left&#8221; background_image_as_pattern=&#8221;without_pattern&#8221;][vc_column][vc_single_image image=&#8221;542&#8243; img_size=&#8221;full&#8221; alignment=&#8221;center&#8221; qode_css_animation=&#8221;&#8221; css=&#8221;.vc_custom_1543568087639{padding-right: 40px !important;padding-left: 40px !important;}&#8221;][\/vc_column][\/vc_row][vc_row css_animation=&#8221;&#8221; row_type=&#8221;row&#8221; use_row_as_full_screen_section=&#8221;no&#8221; type=&#8221;full_width&#8221; angled_section=&#8221;no&#8221; text_align=&#8221;left&#8221; background_image_as_pattern=&#8221;without_pattern&#8221;][vc_column][vc_empty_space height=&#8221;40px&#8221;][\/vc_column][\/vc_row][vc_row css_animation=&#8221;&#8221; row_type=&#8221;row&#8221; use_row_as_full_screen_section=&#8221;no&#8221; type=&#8221;full_width&#8221; angled_section=&#8221;no&#8221; text_align=&#8221;left&#8221; background_image_as_pattern=&#8221;without_pattern&#8221;][vc_column width=&#8221;1\/2&#8243;][vc_single_image image=&#8221;509&#8243; img_size=&#8221;full&#8221; alignment=&#8221;center&#8221; qode_css_animation=&#8221;&#8221;&#8230;<\/p>\n","protected":false},"author":1,"featured_media":0,"parent":0,"menu_order":0,"comment_status":"closed","ping_status":"closed","template":"","meta":[],"_links":{"self":[{"href":"https:\/\/brothersacrossborders.com\/en\/wp-json\/wp\/v2\/pages\/186"}],"collection":[{"href":"https:\/\/brothersacrossborders.com\/en\/wp-json\/wp\/v2\/pages"}],"about":[{"href":"https:\/\/brothersacrossborders.com\/en\/wp-json\/wp\/v2\/types\/page"}],"author":[{"embeddable":true,"href":"https:\/\/brothersacrossborders.com\/en\/wp-json\/wp\/v2\/users\/1"}],"replies":[{"embeddable":true,"href":"https:\/\/brothersacrossborders.com\/en\/wp-json\/wp\/v2\/comments?post=186"}],"version-history":[{"count":51,"href":"https:\/\/brothersacrossborders.com\/en\/wp-json\/wp\/v2\/pages\/186\/revisions"}],"predecessor-version":[{"id":498,"href":"https:\/\/brothersacrossborders.com\/en\/wp-json\/wp\/v2\/pages\/186\/revisions\/498"}],"wp:attachment":[{"href":"https:\/\/brothersacrossborders.com\/en\/wp-json\/wp\/v2\/media?parent=186"}],"curies":[{"name":"wp","href":"https:\/\/api.w.org\/{rel}","templated":true}]}}