{"id":652,"date":"2019-09-30T09:25:47","date_gmt":"2019-09-30T09:25:47","guid":{"rendered":"https:\/\/brothersacrossborders.com\/de\/?page_id=652"},"modified":"2019-11-01T09:11:31","modified_gmt":"2019-11-01T09:11:31","slug":"about","status":"publish","type":"page","link":"https:\/\/brothersacrossborders.com\/de\/about\/","title":{"rendered":"\u00dcber"},"content":{"rendered":"<p>[vc_row css_animation=&#8221;&#8221; row_type=&#8221;row&#8221; use_row_as_full_screen_section=&#8221;no&#8221; type=&#8221;full_width&#8221; angled_section=&#8221;no&#8221; text_align=&#8221;left&#8221; background_image_as_pattern=&#8221;without_pattern&#8221;][vc_column][vc_empty_space height=&#8221;70px&#8221;][\/vc_column][\/vc_row][vc_row css_animation=&#8221;&#8221; row_type=&#8221;row&#8221; use_row_as_full_screen_section=&#8221;no&#8221; type=&#8221;full_width&#8221; angled_section=&#8221;no&#8221; text_align=&#8221;left&#8221; background_image_as_pattern=&#8221;without_pattern&#8221;][vc_column][vc_single_image image=&#8221;625&#8243; img_size=&#8221;full&#8221; alignment=&#8221;center&#8221; qode_css_animation=&#8221;&#8221; css=&#8221;.vc_custom_1545332660732{padding-right: 40px !important;padding-left: 40px !important;}&#8221;][vc_empty_space height=&#8221;40px&#8221;][\/vc_column][\/vc_row][vc_row css_animation=&#8221;&#8221; row_type=&#8221;row&#8221; use_row_as_full_screen_section=&#8221;no&#8221; type=&#8221;full_width&#8221; angled_section=&#8221;no&#8221; text_align=&#8221;left&#8221; background_image_as_pattern=&#8221;without_pattern&#8221;][vc_column width=&#8221;1\/2&#8243;][vc_single_image image=&#8221;537&#8243; img_size=&#8221;large&#8221; alignment=&#8221;center&#8221; qode_css_animation=&#8221;&#8221;][\/vc_column][vc_column width=&#8221;1\/2&#8243;][vc_empty_space height=&#8221;30px&#8221;][vc_column_text]<\/p>\n<p style=\"text-align: left;\"><span style=\"font-weight: 400;\">Der Film \u201eBrothers Across Borders\u201c ist interaktiv aufgebaut und spielt und Syrien und der T\u00fcrkei. Er erz\u00e4hlt auf beeindruckende Weise von den Lebensbedingungen der Menschen in diesen Regionen und von den Entscheidungen, die sie treffen m\u00fcssen. Der Film wurde von Laban Stories f\u00fcr das Rote Kreuz im Rahmen des Madad-Projekts produziert.<\/span><\/p>\n<p>&nbsp;<\/p>\n<p style=\"text-align: left;\"><span style=\"font-weight: 400;\">\u201eBrothers Across Borders\u201c richtet sich an Sch\u00fcler zwischen 12 und 17 Jahren und verbindet bildliches Erz\u00e4hlen mit einer spielerischen Einbeziehung in Form von Multiple Choice und dem Treffen von Entscheidungen. Die Sch\u00fcler folgen dem Leben eines syrischen Fl\u00fcchtlings. Es wurde an realen Schaupl\u00e4tzen in Syrien und der T\u00fcrkei gedreht. Auf diese Weise erleben sie Problemstellungen hautnah, anstatt sie \u00fcber Nachrichten oder aus zweiter Hand zu erfahren.<\/span><\/p>\n<p>&nbsp;<\/p>\n<p style=\"text-align: left;\"><span style=\"font-weight: 400;\">Mit diesem Material m\u00f6chten wir die Neugier der Sch\u00fcler wecken und sie anregen, Fragen zu stellen und sich ihre eigenen Gedanken zu machen. Wir hoffen, dass dieses Material dazu beitr\u00e4gt, Verst\u00e4ndnis f\u00fcr Menschen zu wecken, die \u00e4hnliche Situationen durchleben, und wir m\u00f6chten sie anregen, ihren Mitmenschen zu helfen und sie zu unterst\u00fctzen.<br \/>\n<\/span><\/p>\n<p>[\/vc_column_text][\/vc_column][\/vc_row][vc_row css_animation=&#8221;&#8221; row_type=&#8221;row&#8221; use_row_as_full_screen_section=&#8221;no&#8221; type=&#8221;full_width&#8221; angled_section=&#8221;no&#8221; text_align=&#8221;left&#8221; background_image_as_pattern=&#8221;without_pattern&#8221;][vc_column][vc_empty_space height=&#8221;80px&#8221;][\/vc_column][vc_column][vc_column_text]<\/p>\n<p style=\"text-align: left;\"><span style=\"font-weight: 800;\">\u00dcber Regionaler Treuhandfonds der Europ\u00e4ischen Union als Reaktion auf die Syrienkrise:<\/span><\/p>\n<p>[\/vc_column_text][vc_empty_space height=&#8221;30px&#8221;][\/vc_column][\/vc_row][vc_row css_animation=&#8221;&#8221; row_type=&#8221;row&#8221; use_row_as_full_screen_section=&#8221;no&#8221; type=&#8221;full_width&#8221; angled_section=&#8221;no&#8221; text_align=&#8221;left&#8221; background_image_as_pattern=&#8221;without_pattern&#8221;][vc_column width=&#8221;1\/3&#8243;][vc_column_text]<\/p>\n<div style=\"width: 360px;\" class=\"wp-video\"><!--[if lt IE 9]><script>document.createElement('video');<\/script><![endif]-->\n<video class=\"wp-video-shortcode\" id=\"video-652-1\" width=\"360\" height=\"360\" poster=\"https:\/\/brothersacrossborders.com\/de\/wp-content\/uploads\/sites\/13\/2019\/09\/preview1.png\" preload=\"metadata\" controls=\"controls\"><source type=\"video\/mp4\" src=\"https:\/\/brothersacrossborders.com\/de\/wp-content\/uploads\/sites\/13\/2019\/09\/VIDEO_01_GERMAN.mp4?_=1\" \/><a href=\"https:\/\/brothersacrossborders.com\/de\/wp-content\/uploads\/sites\/13\/2019\/09\/VIDEO_01_GERMAN.mp4\">https:\/\/brothersacrossborders.com\/de\/wp-content\/uploads\/sites\/13\/2019\/09\/VIDEO_01_GERMAN.mp4<\/a><\/video><\/div>\n<p>[\/vc_column_text][\/vc_column][vc_column width=&#8221;1\/3&#8243;][vc_column_text]<\/p>\n<div style=\"width: 360px;\" class=\"wp-video\"><video class=\"wp-video-shortcode\" id=\"video-652-2\" width=\"360\" height=\"360\" poster=\"https:\/\/brothersacrossborders.com\/de\/wp-content\/uploads\/sites\/13\/2019\/09\/preview2.png\" preload=\"metadata\" controls=\"controls\"><source type=\"video\/mp4\" src=\"https:\/\/brothersacrossborders.com\/de\/wp-content\/uploads\/sites\/13\/2019\/09\/VIDEO_02_GERMAN.mp4?_=2\" \/><a href=\"https:\/\/brothersacrossborders.com\/de\/wp-content\/uploads\/sites\/13\/2019\/09\/VIDEO_02_GERMAN.mp4\">https:\/\/brothersacrossborders.com\/de\/wp-content\/uploads\/sites\/13\/2019\/09\/VIDEO_02_GERMAN.mp4<\/a><\/video><\/div>\n<p>[\/vc_column_text][\/vc_column][vc_column width=&#8221;1\/3&#8243;][vc_column_text]<\/p>\n<div style=\"width: 360px;\" class=\"wp-video\"><video class=\"wp-video-shortcode\" id=\"video-652-3\" width=\"360\" height=\"360\" poster=\"https:\/\/brothersacrossborders.com\/de\/wp-content\/uploads\/sites\/13\/2019\/09\/preview2.png\" preload=\"metadata\" controls=\"controls\"><source type=\"video\/mp4\" src=\"https:\/\/brothersacrossborders.com\/de\/wp-content\/uploads\/sites\/13\/2019\/09\/VIDEO_03_GERMAN.mp4?_=3\" \/><a href=\"https:\/\/brothersacrossborders.com\/de\/wp-content\/uploads\/sites\/13\/2019\/09\/VIDEO_03_GERMAN.mp4\">https:\/\/brothersacrossborders.com\/de\/wp-content\/uploads\/sites\/13\/2019\/09\/VIDEO_03_GERMAN.mp4<\/a><\/video><\/div>\n<p>[\/vc_column_text][\/vc_column][\/vc_row][vc_row css_animation=&#8221;&#8221; row_type=&#8221;row&#8221; use_row_as_full_screen_section=&#8221;no&#8221; type=&#8221;full_width&#8221; angled_section=&#8221;no&#8221; text_align=&#8221;left&#8221; background_image_as_pattern=&#8221;without_pattern&#8221;][vc_column][vc_empty_space height=&#8221;30px&#8221;][\/vc_column][\/vc_row][vc_row css_animation=&#8221;&#8221; row_type=&#8221;row&#8221; use_row_as_full_screen_section=&#8221;no&#8221; type=&#8221;full_width&#8221; angled_section=&#8221;no&#8221; text_align=&#8221;left&#8221; background_image_as_pattern=&#8221;without_pattern&#8221;][vc_column][vc_column_text]<\/p>\n<p style=\"text-align: left;\"><span style=\"font-weight: 400;\">Das Projekt wird von der Regionaler Treuhandfonds der Europ\u00e4ischen Union als Reaktion auf die Syrienkrise finanziert (EU Madad fund). \u201eMadad\u201c ist ein arabisches Wort, das \u201ezusammen helfen\u201c bedeutet.<\/span><\/p>\n<p>&nbsp;<\/p>\n<p style=\"text-align: left;\"><span style=\"font-weight: 400;\">Das Projekt ist eine Zusammenarbeit zwischen 15 Gesellschaften des Roten Kreuzes und des Roten Halbmonds: IFRC, \u00c4gyptischer Roter Halbmond, Franz\u00f6sisches Rotes Kreuz, Deutsches Rotes Kreuz, Irakischer Roter Halbmond, Jordanischer Roter Halbmond, Libanesisches Rotes Kreuz, Niederl\u00e4ndisches Rotes Kreuz, Norwegisches Rotes Kreuz, Pal\u00e4stinensischer Roter Halbmond, Spanisches Rotes Kreuz, Schwedisches Rotes Kreuz, Schweizer Rotes Kreuz, T\u00fcrkischer Roter Halbmond und wird vom D\u00e4nischen Roten Kreuz koordiniert.<\/span><\/p>\n<p>&nbsp;<\/p>\n<p style=\"text-align: left;\"><span style=\"font-weight: 400;\">Seit seiner Gr\u00fcndung im Dezember 2014 wird ein erheblicher Teil der Unterst\u00fctzung der EU f\u00fcr syrische Fl\u00fcchtlinge und die Unterst\u00fctzung der syrischen Nachbarl\u00e4nder bei der Bew\u00e4ltigung der Fl\u00fcchtlingskrise \u00fcber den EU-Treuhandfonds bereitgestellt. Der Treuhandfonds erh\u00e4lt sein Budget aus dem EU-Haushalt und aus Beitr\u00e4gen der 22 EU-Mitgliedstaaten und der T\u00fcrkei.<br \/>\n<\/span><\/p>\n<p>&nbsp;<\/p>\n<p style=\"text-align: left;\"><span style=\"font-weight: 400;\">Er st\u00e4rkt die integrierte Reaktion der EU auf die Krise, befasst sich in erster Linie mit der l\u00e4ngerfristigen Resilienz und den l\u00e4ngerfristigen Bed\u00fcrfnissen, um die Eigenst\u00e4ndigkeit syrischer Fl\u00fcchtlinge zu st\u00e4rken, und um gleichzeitig den Druck auf die Aufnahmegemeinschaften und ihre Verwaltungen in Nachbarl\u00e4ndern wie dem Irak, Jordanien, dem Libanon und der T\u00fcrkei zu verringern.<br \/>\n<\/span><\/p>\n<p>&nbsp;<\/p>\n<p style=\"text-align: left;\"><span style=\"font-weight: 400;\">Die Programme des Treuhandfonds unterst\u00fctzen Grundbildung und Kinderschutz, Berufsbildung und Hochschulbildung, wirtschaftliche Chancen und soziale Stabilit\u00e4t, einen besseren Zugang zur Gesundheitsversorgung, eine verbesserte Wasser- und Abwasserinfrastruktur sowie die Unterst\u00fctzung von Resilienz, die St\u00e4rkung von Frauen und die Bek\u00e4mpfung geschlechtsspezifischer Gewalt.<br \/>\n<\/span><\/p>\n<p>&nbsp;<\/p>\n<p>&nbsp;<\/p>\n<p style=\"text-align: left;\"><span style=\"font-weight: 800;\">\u00dcber der Internationale Rote Kreuz und die Rote Halbmondbewegung<\/span><\/p>\n<p>&nbsp;<\/p>\n<p style=\"text-align: left;\"><span style=\"font-weight: 400;\">Das Internationale Rote Kreuz und die Rote Halbmondbewegung ist das weltweit gr\u00f6\u00dfte humanit\u00e4re Netzwerk. Die Bewegung ist neutral und unparteiisch und bieten Menschen Schutz und Unterst\u00fctzung, die von Katastrophen und Konflikten betroffen sind.<\/span><\/p>\n<p>&nbsp;<\/p>\n<p style=\"text-align: left;\"><span style=\"font-weight: 400;\">Diese Bewegung hat nahezu 100 Millionen Mitglieder, Freiwillige und Unterst\u00fctzer in 190 nationalen Gesellschaften. Sie besteht aus drei Hauptkomponenten:<br \/>\n&#8211; Das Internationale Komitee des Roten Kreuzes (IKRK)<br \/>\n&#8211; Die Internationale Liga der Rotkreuz- und Rothalbmondgesellschaften (IFRC)<br \/>\n&#8211; 190 Mitgliedsgesellschaften des Roten Kreuzes und Roten Halbmonds<\/span><\/p>\n<p>&nbsp;<\/p>\n<p style=\"text-align: left;\"><span style=\"font-weight: 400;\">Als Partner unterst\u00fctzen die verschiedenen Mitglieder der Bewegung Gemeinschaften dabei, durch unterschiedliche Entwicklungsprojekte und humanit\u00e4re Aktivit\u00e4ten st\u00e4rker und sicherer zu werden. Die Bewegung arbeitet dar\u00fcber hinaus mit Regierungen, Spendern und anderen Hilfsorganisationen zusammen, um schutzbed\u00fcrftigen Menschen weltweit zu helfen. Das IKRK, die F\u00f6deration und die nationalen Gesellschaften sind unabh\u00e4ngige Organe. Jedes hat seinen individuellen Status und \u00fcbt keine Autorit\u00e4t \u00fcber die anderen aus.<\/span><\/p>\n<p>[\/vc_column_text][\/vc_column][\/vc_row][vc_row css_animation=&#8221;&#8221; row_type=&#8221;row&#8221; use_row_as_full_screen_section=&#8221;no&#8221; type=&#8221;full_width&#8221; angled_section=&#8221;no&#8221; text_align=&#8221;left&#8221; background_image_as_pattern=&#8221;without_pattern&#8221;][vc_column][vc_empty_space height=&#8221;30px&#8221;][vc_column_text]<\/p>\n<p style=\"text-align: left;\"><em><span style=\"font-weight: 400;\">\u201eBrothers Across Borders\u201c ist ein interaktiver Film, bei dem der Betrachter die Handlung selbst bestimmen kann. Um eine anregende Lernerfahrung zu schaffen, entspricht die Handlung an einigen Schaupl\u00e4tzen nicht vollkommen der Realit\u00e4t. So verfolgt der T\u00fcrkische Rote Halbmond beispielsweise immer F\u00e4lle, in denen ein Fl\u00fcchtling keinen Kontakt zu vermissten Familienmitgliedern aufnehmen kann.<\/span><\/em><\/p>\n<p>[\/vc_column_text][\/vc_column][\/vc_row][vc_row css_animation=&#8221;&#8221; row_type=&#8221;row&#8221; use_row_as_full_screen_section=&#8221;no&#8221; type=&#8221;full_width&#8221; angled_section=&#8221;no&#8221; text_align=&#8221;left&#8221; background_image_as_pattern=&#8221;without_pattern&#8221;][vc_column][vc_empty_space height=&#8221;80px&#8221;][\/vc_column][\/vc_row]<\/p>\n","protected":false},"excerpt":{"rendered":"<p>[vc_row css_animation=&#8221;&#8221; row_type=&#8221;row&#8221; use_row_as_full_screen_section=&#8221;no&#8221; type=&#8221;full_width&#8221; angled_section=&#8221;no&#8221; text_align=&#8221;left&#8221; background_image_as_pattern=&#8221;without_pattern&#8221;][vc_column][vc_empty_space height=&#8221;70px&#8221;][\/vc_column][\/vc_row][vc_row css_animation=&#8221;&#8221; row_type=&#8221;row&#8221; use_row_as_full_screen_section=&#8221;no&#8221; type=&#8221;full_width&#8221; angled_section=&#8221;no&#8221; text_align=&#8221;left&#8221; background_image_as_pattern=&#8221;without_pattern&#8221;][vc_column][vc_single_image image=&#8221;625&#8243; img_size=&#8221;full&#8221; alignment=&#8221;center&#8221; qode_css_animation=&#8221;&#8221; css=&#8221;.vc_custom_1545332660732{padding-right: 40px !important;padding-left: 40px !important;}&#8221;][vc_empty_space height=&#8221;40px&#8221;][\/vc_column][\/vc_row][vc_row css_animation=&#8221;&#8221; row_type=&#8221;row&#8221; use_row_as_full_screen_section=&#8221;no&#8221; type=&#8221;full_width&#8221; angled_section=&#8221;no&#8221; text_align=&#8221;left&#8221; background_image_as_pattern=&#8221;without_pattern&#8221;][vc_column width=&#8221;1\/2&#8243;][vc_single_image image=&#8221;537&#8243; img_size=&#8221;large&#8221; alignment=&#8221;center&#8221; qode_css_animation=&#8221;&#8221;][\/vc_column][vc_column width=&#8221;1\/2&#8243;][vc_empty_space height=&#8221;30px&#8221;][vc_column_text] Der Film \u201eBrothers Across Borders\u201c&#8230;<\/p>\n","protected":false},"author":1,"featured_media":0,"parent":0,"menu_order":0,"comment_status":"closed","ping_status":"closed","template":"","meta":[],"_links":{"self":[{"href":"https:\/\/brothersacrossborders.com\/de\/wp-json\/wp\/v2\/pages\/652"}],"collection":[{"href":"https:\/\/brothersacrossborders.com\/de\/wp-json\/wp\/v2\/pages"}],"about":[{"href":"https:\/\/brothersacrossborders.com\/de\/wp-json\/wp\/v2\/types\/page"}],"author":[{"embeddable":true,"href":"https:\/\/brothersacrossborders.com\/de\/wp-json\/wp\/v2\/users\/1"}],"replies":[{"embeddable":true,"href":"https:\/\/brothersacrossborders.com\/de\/wp-json\/wp\/v2\/comments?post=652"}],"version-history":[{"count":4,"href":"https:\/\/brothersacrossborders.com\/de\/wp-json\/wp\/v2\/pages\/652\/revisions"}],"predecessor-version":[{"id":661,"href":"https:\/\/brothersacrossborders.com\/de\/wp-json\/wp\/v2\/pages\/652\/revisions\/661"}],"wp:attachment":[{"href":"https:\/\/brothersacrossborders.com\/de\/wp-json\/wp\/v2\/media?parent=652"}],"curies":[{"name":"wp","href":"https:\/\/api.w.org\/{rel}","templated":true}]}}