{"id":186,"date":"2018-10-22T13:35:26","date_gmt":"2018-10-22T13:35:26","guid":{"rendered":"http:\/\/brothersacrossborders.com\/eng\/?page_id=186"},"modified":"2018-12-20T18:33:32","modified_gmt":"2018-12-20T18:33:32","slug":"credits","status":"publish","type":"page","link":"https:\/\/brothersacrossborders.com\/de\/credits\/","title":{"rendered":"Biographien Der Personen"},"content":{"rendered":"<p>[vc_row css_animation=&#8221;&#8221; row_type=&#8221;row&#8221; use_row_as_full_screen_section=&#8221;no&#8221; type=&#8221;full_width&#8221; angled_section=&#8221;no&#8221; text_align=&#8221;left&#8221; background_image_as_pattern=&#8221;without_pattern&#8221;][vc_column][vc_empty_space height=&#8221;70&#8243;][\/vc_column][\/vc_row][vc_row css_animation=&#8221;&#8221; row_type=&#8221;row&#8221; use_row_as_full_screen_section=&#8221;no&#8221; type=&#8221;full_width&#8221; angled_section=&#8221;no&#8221; text_align=&#8221;left&#8221; background_image_as_pattern=&#8221;without_pattern&#8221;][vc_column][vc_single_image image=&#8221;614&#8243; img_size=&#8221;full&#8221; alignment=&#8221;center&#8221; qode_css_animation=&#8221;&#8221; css=&#8221;.vc_custom_1545330350025{padding-right: 40px !important;padding-left: 40px !important;}&#8221;][\/vc_column][\/vc_row][vc_row css_animation=&#8221;&#8221; row_type=&#8221;row&#8221; use_row_as_full_screen_section=&#8221;no&#8221; type=&#8221;full_width&#8221; angled_section=&#8221;no&#8221; text_align=&#8221;left&#8221; background_image_as_pattern=&#8221;without_pattern&#8221;][vc_column][vc_empty_space height=&#8221;40px&#8221;][\/vc_column][\/vc_row][vc_row css_animation=&#8221;&#8221; row_type=&#8221;row&#8221; use_row_as_full_screen_section=&#8221;no&#8221; type=&#8221;full_width&#8221; angled_section=&#8221;no&#8221; text_align=&#8221;left&#8221; background_image_as_pattern=&#8221;without_pattern&#8221;][vc_column width=&#8221;1\/2&#8243;][vc_single_image image=&#8221;509&#8243; img_size=&#8221;full&#8221; alignment=&#8221;center&#8221; qode_css_animation=&#8221;&#8221; css=&#8221;.vc_custom_1543414853813{padding-bottom: 20px !important;}&#8221;][vc_column_text]<\/p>\n<h3>Muhammed<\/h3>\n<h3>Name: Mehmet<\/h3>\n<h3>Alter: 22<\/h3>\n<h3>Nationalit\u00e4t: T\u00fcrkisch<\/h3>\n<p>[\/vc_column_text][vc_empty_space height=&#8221;20px&#8221;][vc_column_text]<span style=\"font-weight: 400;\">Mehmet spielt die Rolle sowohl von Ismael (P.O.V.) als auch von dessen Bruder Muhammed. Er stammt aus einer kleinen Stadt in der N\u00e4he von Aleppo, wo er mit seiner Mutter, seinem Vater und zwei j\u00fcngeren Br\u00fcdern aufgewachsen ist. 2015 verlie\u00df sein Vater Syrien, um f\u00fcr die Familie einen sicheren Ort in Europa zu finden. Er brachte sie mit dem Boot von der t\u00fcrkischen K\u00fcste nach Griechenland und legte dann zu Fu\u00df den weiten Weg nach D\u00e4nemark in Nordeuropa zur\u00fcck. Etwa ein Jahr sp\u00e4ter kamen Mehmets Mutter und zwei Br\u00fcder zum Vater nach D\u00e4nemark, doch Mehmet wollte nicht mitgehen. Er beschloss, in Adana in der T\u00fcrkei an die Universit\u00e4t zu gehen und studiert heute Technik. Er hofft, wieder mit ihnen zusammen zu sein, wenn er sein Studium beendet hat.<\/span>[\/vc_column_text][vc_empty_space height=&#8221;80px&#8221;][\/vc_column][vc_column width=&#8221;1\/2&#8243;][vc_single_image image=&#8221;510&#8243; img_size=&#8221;full&#8221; alignment=&#8221;center&#8221; qode_css_animation=&#8221;&#8221; css=&#8221;.vc_custom_1543414871314{padding-bottom: 20px !important;}&#8221;][vc_column_text]<\/p>\n<h3>Ismael<\/h3>\n<h3>Name: \u0130brahim \u00c7a\u011fatay<\/h3>\n<h3>Alter: 21<\/h3>\n<h3>Nationalit\u00e4t: T\u00fcrkisch<\/h3>\n<p>[\/vc_column_text][vc_empty_space height=&#8221;20px&#8221;][vc_column_text]<span style=\"font-weight: 400;\">Ibrahim spielt die Rolle von Ismael (P.O.V.). Er studiert Arch\u00e4ologie an der Universit\u00e4t Harran. Er war an seiner drei Jahre ehrenamtlich als Vorsitzender der Jugendsparte des T\u00fcrkischen Roten Halbmonds t\u00e4tig.<\/span>[\/vc_column_text][vc_empty_space height=&#8221;80px&#8221;][\/vc_column][\/vc_row][vc_row css_animation=&#8221;&#8221; row_type=&#8221;row&#8221; use_row_as_full_screen_section=&#8221;no&#8221; type=&#8221;full_width&#8221; angled_section=&#8221;no&#8221; text_align=&#8221;left&#8221; background_image_as_pattern=&#8221;without_pattern&#8221;][vc_column css=&#8221;.vc_custom_1543413895368{padding-right: 50px !important;padding-left: 50px !important;}&#8221;][vc_empty_space height=&#8221;50px&#8221;][\/vc_column][\/vc_row][vc_row css_animation=&#8221;&#8221; row_type=&#8221;row&#8221; use_row_as_full_screen_section=&#8221;no&#8221; type=&#8221;full_width&#8221; angled_section=&#8221;no&#8221; text_align=&#8221;left&#8221; background_image_as_pattern=&#8221;without_pattern&#8221;][vc_column width=&#8221;1\/3&#8243;][vc_single_image image=&#8221;379&#8243; img_size=&#8221;full&#8221; alignment=&#8221;center&#8221; onclick=&#8221;link_image&#8221; qode_css_animation=&#8221;&#8221; css=&#8221;.vc_custom_1542100765967{padding-right: 0px !important;padding-bottom: 20px !important;padding-left: 0px !important;}&#8221;][vc_column_text]<\/p>\n<h3>Ismaels Mutter<\/h3>\n<h3>Name: Farah Firat<\/h3>\n<h3>Alter: 24<\/h3>\n<h3>Nationalit\u00e4t: Syrisch<\/h3>\n<p>[\/vc_column_text][vc_empty_space height=&#8221;20px&#8221;][vc_column_text]<span style=\"font-weight: 400;\">Farah verlie\u00df Syrien vor drei Jahren mit ihren zwei j\u00fcngeren Schwestern. Sie kamen zu Fu\u00df nach Gaziantep, da sie kein Auto hatten. Die drei Geschwister gingen meist nachts, um nicht entdeckt zu werden. Ihr Bruder lebte in Gaziantep, deshalb kam sie hierher. Doch jetzt ist sie die einzige aus der Familie, die noch in der Stadt lebt, weil die anderen nach Syrien zur\u00fcckgekehrt sind. Farah gef\u00e4llt es jedoch in der T\u00fcrkei. Sie hat hier ihren Mann Halit Firat kennengelernt. Sie sind seit anderthalb Jahren verheiratet und haben gerade einen Sohn bekommen, der Mohammad hei\u00dft.<\/span>[\/vc_column_text][vc_empty_space height=&#8221;80px&#8221;][\/vc_column][vc_column width=&#8221;1\/3&#8243;][vc_single_image image=&#8221;381&#8243; img_size=&#8221;full&#8221; alignment=&#8221;center&#8221; onclick=&#8221;link_image&#8221; qode_css_animation=&#8221;&#8221; css=&#8221;.vc_custom_1542101141390{padding-right: 0px !important;padding-bottom: 20px !important;padding-left: 0px !important;}&#8221;][vc_column_text]<\/p>\n<h3><span data-sheets-value=\"{&quot;1&quot;:2,&quot;2&quot;:&quot;Mann mit Motorrad\\n&quot;}\" data-sheets-userformat=\"{&quot;2&quot;:33555249,&quot;3&quot;:{&quot;1&quot;:0},&quot;7&quot;:{&quot;1&quot;:[{&quot;1&quot;:2,&quot;2&quot;:0,&quot;5&quot;:[null,2,12040119]},{&quot;1&quot;:0,&quot;2&quot;:0,&quot;3&quot;:3},{&quot;1&quot;:1,&quot;2&quot;:0,&quot;4&quot;:1}]},&quot;8&quot;:{&quot;1&quot;:[{&quot;1&quot;:2,&quot;2&quot;:0,&quot;5&quot;:[null,2,12040119]},{&quot;1&quot;:0,&quot;2&quot;:0,&quot;3&quot;:3},{&quot;1&quot;:1,&quot;2&quot;:0,&quot;4&quot;:1}]},&quot;11&quot;:4,&quot;12&quot;:0,&quot;28&quot;:1}\" data-sheets-formula=\"=VLOOKUP(R[0]C2,IMPORTRANGE(&quot;1EXCrbC9wjDuqob4uF-kdQN4ZtTWkok2VQCOp5e6f_WU&quot;,R1C1&amp;&quot;!$b$3:$i$100&quot;),5,false)\">Mann mit Motorrad<br \/>\n<\/span><\/h3>\n<h3>Name: Ahmed<\/h3>\n<h3>Alter: 73<\/h3>\n<h3>Nationalit\u00e4t: T\u00fcrkisch<\/h3>\n<p>[\/vc_column_text][vc_empty_space height=&#8221;20px&#8221;][vc_column_text]<span style=\"font-weight: 400;\">Besitzer eines Pistazienfeldes am Rand der Stadt Gaziantep . Mit einem Gewehr und einer Taschenlampe bewaffnet, verbringt er im Sommer 24 Stunden am Tag auf dem Feld, um die Pistazien vor Dieben zu sch\u00fctzen. Er hat sechs T\u00f6chter und einen Sohn.<\/span>[\/vc_column_text][vc_empty_space height=&#8221;80px&#8221;][\/vc_column][vc_column width=&#8221;1\/3&#8243;][vc_single_image image=&#8221;378&#8243; img_size=&#8221;full&#8221; alignment=&#8221;center&#8221; onclick=&#8221;link_image&#8221; qode_css_animation=&#8221;&#8221; css=&#8221;.vc_custom_1542100782167{padding-right: 0px !important;padding-bottom: 20px !important;padding-left: 0px !important;}&#8221;][vc_column_text]<\/p>\n<h3><span data-sheets-value=\"{&quot;1&quot;:2,&quot;2&quot;:&quot;Lautenspieler&quot;}\" data-sheets-userformat=\"{&quot;2&quot;:33555249,&quot;3&quot;:{&quot;1&quot;:0},&quot;7&quot;:{&quot;1&quot;:[{&quot;1&quot;:2,&quot;2&quot;:0,&quot;5&quot;:[null,2,12040119]},{&quot;1&quot;:0,&quot;2&quot;:0,&quot;3&quot;:3},{&quot;1&quot;:1,&quot;2&quot;:0,&quot;4&quot;:1}]},&quot;8&quot;:{&quot;1&quot;:[{&quot;1&quot;:2,&quot;2&quot;:0,&quot;5&quot;:[null,2,12040119]},{&quot;1&quot;:0,&quot;2&quot;:0,&quot;3&quot;:3},{&quot;1&quot;:1,&quot;2&quot;:0,&quot;4&quot;:1}]},&quot;11&quot;:4,&quot;12&quot;:0,&quot;28&quot;:1}\" data-sheets-formula=\"=VLOOKUP(R[0]C2,IMPORTRANGE(&quot;1EXCrbC9wjDuqob4uF-kdQN4ZtTWkok2VQCOp5e6f_WU&quot;,R1C1&amp;&quot;!$b$3:$i$100&quot;),5,false)\">Lautenspieler<\/span><\/h3>\n<h3>Name: Nuri<\/h3>\n<h3>Alter: 17<\/h3>\n<h3>Nationalit\u00e4t: Syrisch<\/h3>\n<p>[\/vc_column_text][vc_empty_space height=&#8221;20px&#8221;][vc_column_text]<span style=\"font-weight: 400;\">Hat Syrien vor f\u00fcnf Jahren verlassen. Stammt aus einem Gebiet namens Afran. Sein \u00e4lterer Bruder ging zuvor in die T\u00fcrkei. Dort lebte er in Gaziantep und sp\u00e4ter in Izmir. Die Familie ist jetzt in Izmir vereint, wo er mit seinem \u00e4lteren Bruder und seiner kleinen Schwester im lokalen Rotkreuzzentrum T\u00fcrkisch studiert. Er spielt seit zwei Jahren Laute und nimmt jetzt kleine Auftr\u00e4ge als Musiker an. Er hofft, in Zukunft davon leben zu k\u00f6nnen. Ein Teil der Musik dieses Films wird von ihm gespielt.<\/span>[\/vc_column_text][vc_empty_space height=&#8221;80px&#8221;][\/vc_column][\/vc_row][vc_row css_animation=&#8221;&#8221; row_type=&#8221;row&#8221; use_row_as_full_screen_section=&#8221;no&#8221; type=&#8221;full_width&#8221; angled_section=&#8221;no&#8221; text_align=&#8221;left&#8221; background_image_as_pattern=&#8221;without_pattern&#8221;][vc_column width=&#8221;1\/3&#8243;][vc_single_image image=&#8221;376&#8243; img_size=&#8221;full&#8221; alignment=&#8221;center&#8221; onclick=&#8221;link_image&#8221; qode_css_animation=&#8221;&#8221; css=&#8221;.vc_custom_1542100559764{padding-right: 0px !important;padding-bottom: 20px !important;padding-left: 0px !important;}&#8221;][vc_column_text]<\/p>\n<h3><span data-sheets-value=\"{&quot;1&quot;:2,&quot;2&quot;:&quot;Pistazienmann\\n&quot;}\" data-sheets-userformat=\"{&quot;2&quot;:33555249,&quot;3&quot;:{&quot;1&quot;:0},&quot;7&quot;:{&quot;1&quot;:[{&quot;1&quot;:2,&quot;2&quot;:0,&quot;5&quot;:[null,2,12040119]},{&quot;1&quot;:0,&quot;2&quot;:0,&quot;3&quot;:3},{&quot;1&quot;:1,&quot;2&quot;:0,&quot;4&quot;:1}]},&quot;8&quot;:{&quot;1&quot;:[{&quot;1&quot;:2,&quot;2&quot;:0,&quot;5&quot;:[null,2,12040119]},{&quot;1&quot;:0,&quot;2&quot;:0,&quot;3&quot;:3},{&quot;1&quot;:1,&quot;2&quot;:0,&quot;4&quot;:1}]},&quot;11&quot;:4,&quot;12&quot;:0,&quot;28&quot;:1}\" data-sheets-formula=\"=VLOOKUP(R[0]C2,IMPORTRANGE(&quot;1EXCrbC9wjDuqob4uF-kdQN4ZtTWkok2VQCOp5e6f_WU&quot;,R1C1&amp;&quot;!$b$3:$i$100&quot;),5,false)\">Pistazienmann<br \/>\n<\/span><\/h3>\n<h3>Name: Ahmet<\/h3>\n<h3>Alter: 19<\/h3>\n<h3>Nationalit\u00e4t: Syrisch<\/h3>\n<p>[\/vc_column_text][vc_empty_space height=&#8221;20px&#8221;][vc_column_text]<span style=\"font-weight: 400;\">Hat Syrien vor f\u00fcnf Jahren wegen des B\u00fcrgerkriegs verlassen. Er arbeitet gew\u00f6hnlich als Stra\u00dfenverk\u00e4ufer, der je nach der Saison verschiedene Sorten von Obst und N\u00fcssen verkauft. Er bleibt meist einen Monat lang an einem Ort, bevor er an eine andere Stelle in der Stadt wechselt.<\/span>[\/vc_column_text][vc_empty_space height=&#8221;80px&#8221;][\/vc_column][vc_column width=&#8221;1\/3&#8243;][vc_single_image image=&#8221;374&#8243; img_size=&#8221;full&#8221; alignment=&#8221;center&#8221; onclick=&#8221;link_image&#8221; qode_css_animation=&#8221;&#8221; css=&#8221;.vc_custom_1542100081906{padding-right: 0px !important;padding-bottom: 20px !important;padding-left: 0px !important;}&#8221;][vc_column_text]<\/p>\n<h3>Imam<\/h3>\n<h3>Name: Atif Deniz<\/h3>\n<h3>Alter: 38<\/h3>\n<h3>Nationalit\u00e4t: T\u00fcrkisch<\/h3>\n<p>[\/vc_column_text][vc_empty_space height=&#8221;20px&#8221;][vc_column_text]<span style=\"font-weight: 400;\">Atif ist seit 2002 Imam und arbeitet seit rund einem Jahr in dieser Moschee. Er ist jeden Tag hier, um t\u00e4glich an f\u00fcnf Gebeten teilzunehmen. Neben dem Beten hilft und ber\u00e4t er auch die Menschen, die in die Moschee kommen. Es kommen viele syrische Fl\u00fcchtlinge in die Moschee.<\/span>[\/vc_column_text][vc_empty_space height=&#8221;80px&#8221;][\/vc_column][vc_column width=&#8221;1\/3&#8243;][vc_single_image image=&#8221;399&#8243; img_size=&#8221;full&#8221; alignment=&#8221;center&#8221; onclick=&#8221;link_image&#8221; qode_css_animation=&#8221;&#8221; css=&#8221;.vc_custom_1542124955248{padding-right: 0px !important;padding-bottom: 20px !important;padding-left: 0px !important;}&#8221;][vc_column_text]<\/p>\n<h3><span data-sheets-value=\"{&quot;1&quot;:2,&quot;2&quot;:&quot;Bauer&quot;}\" data-sheets-userformat=\"{&quot;2&quot;:33555249,&quot;3&quot;:{&quot;1&quot;:0},&quot;7&quot;:{&quot;1&quot;:[{&quot;1&quot;:2,&quot;2&quot;:0,&quot;5&quot;:[null,2,12040119]},{&quot;1&quot;:0,&quot;2&quot;:0,&quot;3&quot;:3},{&quot;1&quot;:1,&quot;2&quot;:0,&quot;4&quot;:1}]},&quot;8&quot;:{&quot;1&quot;:[{&quot;1&quot;:2,&quot;2&quot;:0,&quot;5&quot;:[null,2,12040119]},{&quot;1&quot;:0,&quot;2&quot;:0,&quot;3&quot;:3},{&quot;1&quot;:1,&quot;2&quot;:0,&quot;4&quot;:1}]},&quot;11&quot;:4,&quot;12&quot;:0,&quot;28&quot;:1}\" data-sheets-formula=\"=VLOOKUP(R[0]C2,IMPORTRANGE(&quot;1EXCrbC9wjDuqob4uF-kdQN4ZtTWkok2VQCOp5e6f_WU&quot;,R1C1&amp;&quot;!$b$3:$i$100&quot;),5,false)\">Bauer<\/span><\/h3>\n<h3>Name: Abdul Aziz Muhammad<\/h3>\n<h3>Alter: 36<\/h3>\n<h3>Nationalit\u00e4t: Syrisch<\/h3>\n<p>[\/vc_column_text][vc_empty_space height=&#8221;20px&#8221;][vc_column_text]<span style=\"font-weight: 400;\">Abdul ist Bauer und hat Haseka in Nordsyrien 2013 verlassen. In Syrien baute er Baumwolle an, doch hier in Torbali in der T\u00fcrkei arbeitet er auf Porreefeldern, auf denen Porree angebaut wird. Er hat sieben Kinder. Das \u00e4lteste ist vierzehn Jahre alt und das j\u00fcngste sechs Monate.<\/span>[\/vc_column_text][vc_empty_space height=&#8221;80px&#8221;][\/vc_column][\/vc_row][vc_row css_animation=&#8221;&#8221; row_type=&#8221;row&#8221; use_row_as_full_screen_section=&#8221;no&#8221; type=&#8221;full_width&#8221; angled_section=&#8221;no&#8221; text_align=&#8221;left&#8221; background_image_as_pattern=&#8221;without_pattern&#8221;][vc_column][vc_empty_space height=&#8221;80px&#8221;][\/vc_column][\/vc_row]<\/p>\n","protected":false},"excerpt":{"rendered":"<p>[vc_row css_animation=&#8221;&#8221; row_type=&#8221;row&#8221; use_row_as_full_screen_section=&#8221;no&#8221; type=&#8221;full_width&#8221; angled_section=&#8221;no&#8221; text_align=&#8221;left&#8221; background_image_as_pattern=&#8221;without_pattern&#8221;][vc_column][vc_empty_space height=&#8221;70&#8243;][\/vc_column][\/vc_row][vc_row css_animation=&#8221;&#8221; row_type=&#8221;row&#8221; use_row_as_full_screen_section=&#8221;no&#8221; type=&#8221;full_width&#8221; angled_section=&#8221;no&#8221; text_align=&#8221;left&#8221; background_image_as_pattern=&#8221;without_pattern&#8221;][vc_column][vc_single_image image=&#8221;614&#8243; img_size=&#8221;full&#8221; alignment=&#8221;center&#8221; qode_css_animation=&#8221;&#8221; css=&#8221;.vc_custom_1545330350025{padding-right: 40px !important;padding-left: 40px !important;}&#8221;][\/vc_column][\/vc_row][vc_row css_animation=&#8221;&#8221; row_type=&#8221;row&#8221; use_row_as_full_screen_section=&#8221;no&#8221; type=&#8221;full_width&#8221; angled_section=&#8221;no&#8221; text_align=&#8221;left&#8221; background_image_as_pattern=&#8221;without_pattern&#8221;][vc_column][vc_empty_space height=&#8221;40px&#8221;][\/vc_column][\/vc_row][vc_row css_animation=&#8221;&#8221; row_type=&#8221;row&#8221; use_row_as_full_screen_section=&#8221;no&#8221; type=&#8221;full_width&#8221; angled_section=&#8221;no&#8221; text_align=&#8221;left&#8221; background_image_as_pattern=&#8221;without_pattern&#8221;][vc_column width=&#8221;1\/2&#8243;][vc_single_image image=&#8221;509&#8243; img_size=&#8221;full&#8221; alignment=&#8221;center&#8221; qode_css_animation=&#8221;&#8221;&#8230;<\/p>\n","protected":false},"author":1,"featured_media":0,"parent":0,"menu_order":0,"comment_status":"closed","ping_status":"closed","template":"","meta":[],"_links":{"self":[{"href":"https:\/\/brothersacrossborders.com\/de\/wp-json\/wp\/v2\/pages\/186"}],"collection":[{"href":"https:\/\/brothersacrossborders.com\/de\/wp-json\/wp\/v2\/pages"}],"about":[{"href":"https:\/\/brothersacrossborders.com\/de\/wp-json\/wp\/v2\/types\/page"}],"author":[{"embeddable":true,"href":"https:\/\/brothersacrossborders.com\/de\/wp-json\/wp\/v2\/users\/1"}],"replies":[{"embeddable":true,"href":"https:\/\/brothersacrossborders.com\/de\/wp-json\/wp\/v2\/comments?post=186"}],"version-history":[{"count":53,"href":"https:\/\/brothersacrossborders.com\/de\/wp-json\/wp\/v2\/pages\/186\/revisions"}],"predecessor-version":[{"id":616,"href":"https:\/\/brothersacrossborders.com\/de\/wp-json\/wp\/v2\/pages\/186\/revisions\/616"}],"wp:attachment":[{"href":"https:\/\/brothersacrossborders.com\/de\/wp-json\/wp\/v2\/media?parent=186"}],"curies":[{"name":"wp","href":"https:\/\/api.w.org\/{rel}","templated":true}]}}