{"id":681,"date":"2019-09-30T08:19:50","date_gmt":"2019-09-30T08:19:50","guid":{"rendered":"https:\/\/brothersacrossborders.com\/da\/?page_id=681"},"modified":"2019-11-01T09:09:34","modified_gmt":"2019-11-01T09:09:34","slug":"about","status":"publish","type":"page","link":"https:\/\/brothersacrossborders.com\/da\/about\/","title":{"rendered":"Om"},"content":{"rendered":"<p>[vc_row css_animation=&#8221;&#8221; row_type=&#8221;row&#8221; use_row_as_full_screen_section=&#8221;no&#8221; type=&#8221;full_width&#8221; angled_section=&#8221;no&#8221; text_align=&#8221;left&#8221; background_image_as_pattern=&#8221;without_pattern&#8221;][vc_column][vc_empty_space height=&#8221;70px&#8221;][\/vc_column][\/vc_row][vc_row css_animation=&#8221;&#8221; row_type=&#8221;row&#8221; use_row_as_full_screen_section=&#8221;no&#8221; type=&#8221;full_width&#8221; angled_section=&#8221;no&#8221; text_align=&#8221;left&#8221; background_image_as_pattern=&#8221;without_pattern&#8221;][vc_column][vc_single_image image=&#8221;624&#8243; img_size=&#8221;full&#8221; alignment=&#8221;center&#8221; qode_css_animation=&#8221;&#8221; css=&#8221;.vc_custom_1545331643743{padding-right: 40px !important;padding-left: 40px !important;}&#8221;][vc_empty_space height=&#8221;40px&#8221;][\/vc_column][\/vc_row][vc_row css_animation=&#8221;&#8221; row_type=&#8221;row&#8221; use_row_as_full_screen_section=&#8221;no&#8221; type=&#8221;full_width&#8221; angled_section=&#8221;no&#8221; text_align=&#8221;left&#8221; background_image_as_pattern=&#8221;without_pattern&#8221;][vc_column width=&#8221;1\/2&#8243;][vc_single_image image=&#8221;537&#8243; img_size=&#8221;large&#8221; alignment=&#8221;center&#8221; qode_css_animation=&#8221;&#8221;][\/vc_column][vc_column width=&#8221;1\/2&#8243;][vc_empty_space height=&#8221;30px&#8221;][vc_column_text]<\/p>\n<p style=\"text-align: left;\"><span style=\"font-weight: 400;\">Filmen &#8220;Brothers Across Borders&#8221; er en interaktiv film, der foreg\u00e5r i Syrien og Tyrkiet. Det er en engagerende og f\u00e6ngslende fort\u00e6lling om leveforholdene for de mennesker, der lever i disse omr\u00e5der, og om de valg, de er n\u00f8dt til at tr\u00e6ffe. Filmen er produceret af Laban Stories for R\u00f8de Kors som et led i Madad-projektet.<\/span><\/p>\n<p>&nbsp;<\/p>\n<p style=\"text-align: left;\"><span style=\"font-weight: 400;\">Brothers Across Borders er udarbejdet til elever og studerende i alderen 12-17 \u00e5r og kombinerer visuel fort\u00e6lling med spil best\u00e5ende af opgaver med flere svarmuligheder, og hvor eleverne og de studerende skal tr\u00e6ffe nogle valg. De studerende vil opleve, hvordan livet er for en syrisk flygtning, da filmen tager dem med til rigtige lokationer i Syrien og Tyrkiet. Dette giver dem mulighed for at opleve virkelige situationer i stedet for blot at h\u00f8re om dem gennem nyhederne og sekund\u00e6re kilder.<\/span><\/p>\n<p>&nbsp;<\/p>\n<p style=\"text-align: left;\"><span style=\"font-weight: 400;\">Med dette materiale \u00f8nsker vi at udfordre de studerende til at v\u00e6re nysgerrige, stille sp\u00f8rgsm\u00e5l og reflektere. Det er vores h\u00e5b, at materialet vil v\u00e6re med til at \u00f8ge deres forst\u00e5else for mennesker, der lever under s\u00e5danne forhold, og samtidig inspirere de studerende til at hj\u00e6lpe og st\u00f8tte deres medmennesker.<br \/>\n<\/span><\/p>\n<p>[\/vc_column_text][\/vc_column][\/vc_row][vc_row css_animation=&#8221;&#8221; row_type=&#8221;row&#8221; use_row_as_full_screen_section=&#8221;no&#8221; type=&#8221;full_width&#8221; angled_section=&#8221;no&#8221; text_align=&#8221;left&#8221; background_image_as_pattern=&#8221;without_pattern&#8221;][vc_column][vc_empty_space height=&#8221;80px&#8221;][\/vc_column][vc_column][vc_column_text]<\/p>\n<p style=\"text-align: left;\"><span style=\"font-weight: 800;\">Om Den Europ\u00e6iske Unions regionale hj\u00e6lpefond som reaktion p\u00e5 den syriske krise:<\/span><\/p>\n<p>[\/vc_column_text][vc_empty_space height=&#8221;30px&#8221;][\/vc_column][\/vc_row][vc_row css_animation=&#8221;&#8221; row_type=&#8221;row&#8221; use_row_as_full_screen_section=&#8221;no&#8221; type=&#8221;full_width&#8221; angled_section=&#8221;no&#8221; text_align=&#8221;left&#8221; background_image_as_pattern=&#8221;without_pattern&#8221;][vc_column width=&#8221;1\/3&#8243;][vc_column_text]<\/p>\n<div style=\"width: 360px;\" class=\"wp-video\"><!--[if lt IE 9]><script>document.createElement('video');<\/script><![endif]-->\n<video class=\"wp-video-shortcode\" id=\"video-681-1\" width=\"360\" height=\"360\" poster=\"https:\/\/brothersacrossborders.com\/da\/wp-content\/uploads\/sites\/12\/2019\/09\/preview1.png\" preload=\"metadata\" controls=\"controls\"><source type=\"video\/mp4\" src=\"https:\/\/brothersacrossborders.com\/da\/wp-content\/uploads\/sites\/12\/2019\/09\/VIDEO_01_DKa_converted.mp4?_=1\" \/><a href=\"https:\/\/brothersacrossborders.com\/da\/wp-content\/uploads\/sites\/12\/2019\/09\/VIDEO_01_DKa_converted.mp4\">https:\/\/brothersacrossborders.com\/da\/wp-content\/uploads\/sites\/12\/2019\/09\/VIDEO_01_DKa_converted.mp4<\/a><\/video><\/div>\n<p>[\/vc_column_text][\/vc_column][vc_column width=&#8221;1\/3&#8243;][vc_column_text]<\/p>\n<div style=\"width: 360px;\" class=\"wp-video\"><video class=\"wp-video-shortcode\" id=\"video-681-2\" width=\"360\" height=\"360\" poster=\"https:\/\/brothersacrossborders.com\/da\/wp-content\/uploads\/sites\/12\/2019\/09\/preview2.png\" preload=\"metadata\" controls=\"controls\"><source type=\"video\/mp4\" src=\"https:\/\/brothersacrossborders.com\/da\/wp-content\/uploads\/sites\/12\/2019\/09\/VIDEO_02_DKa_converted.mp4?_=2\" \/><a href=\"https:\/\/brothersacrossborders.com\/da\/wp-content\/uploads\/sites\/12\/2019\/09\/VIDEO_02_DKa_converted.mp4\">https:\/\/brothersacrossborders.com\/da\/wp-content\/uploads\/sites\/12\/2019\/09\/VIDEO_02_DKa_converted.mp4<\/a><\/video><\/div>\n<p>[\/vc_column_text][\/vc_column][vc_column width=&#8221;1\/3&#8243;][vc_column_text]<\/p>\n<div style=\"width: 360px;\" class=\"wp-video\"><video class=\"wp-video-shortcode\" id=\"video-681-3\" width=\"360\" height=\"360\" poster=\"https:\/\/brothersacrossborders.com\/da\/wp-content\/uploads\/sites\/12\/2019\/09\/preview2.png\" preload=\"metadata\" controls=\"controls\"><source type=\"video\/mp4\" src=\"https:\/\/brothersacrossborders.com\/da\/wp-content\/uploads\/sites\/12\/2019\/09\/VIDEO_03_DKa_converted.mp4?_=3\" \/><a href=\"https:\/\/brothersacrossborders.com\/da\/wp-content\/uploads\/sites\/12\/2019\/09\/VIDEO_03_DKa_converted.mp4\">https:\/\/brothersacrossborders.com\/da\/wp-content\/uploads\/sites\/12\/2019\/09\/VIDEO_03_DKa_converted.mp4<\/a><\/video><\/div>\n<p>[\/vc_column_text][\/vc_column][\/vc_row][vc_row css_animation=&#8221;&#8221; row_type=&#8221;row&#8221; use_row_as_full_screen_section=&#8221;no&#8221; type=&#8221;full_width&#8221; angled_section=&#8221;no&#8221; text_align=&#8221;left&#8221; background_image_as_pattern=&#8221;without_pattern&#8221;][vc_column][vc_empty_space height=&#8221;30px&#8221;][\/vc_column][\/vc_row][vc_row css_animation=&#8221;&#8221; row_type=&#8221;row&#8221; use_row_as_full_screen_section=&#8221;no&#8221; type=&#8221;full_width&#8221; angled_section=&#8221;no&#8221; text_align=&#8221;left&#8221; background_image_as_pattern=&#8221;without_pattern&#8221;][vc_column][vc_column_text]<\/p>\n<p style=\"text-align: left;\"><span style=\"font-weight: 400;\"> Projektet er finansieret af Den Europ\u00e6iske Unions regionale hj\u00e6lpefond som reaktion p\u00e5 den syriske krise (EU Madad fund). &#8220;Madad&#8221; er arabisk og betyder &#8220;at hj\u00e6lpe sammen&#8221;. <\/span><\/p>\n<p>&nbsp;<\/p>\n<p style=\"text-align: left;\"><span style=\"font-weight: 400;\">Projektet er et samarbejde mellem 15 R\u00f8de Kors-organisationer og R\u00f8de Halvm\u00e5ne-selskaber: IFRC (det internationale R\u00f8de Kors-forbund), Egyptisk R\u00f8de Halvm\u00e5ne, Fransk R\u00f8de Kors, Tysk R\u00f8de Kors, Irakisk R\u00f8de Halvm\u00e5ne, Jordansk R\u00f8de Halvm\u00e5ne, Libanesisk R\u00f8de Kors, Hollandsk R\u00f8de Kors, Norsk R\u00f8de Kors, Pal\u00e6stinensisk R\u00f8de Halvm\u00e5ne, Spansk R\u00f8de Kors, Svensk R\u00f8de Kors, Schweizisk R\u00f8de Kors samt Tyrkisk R\u00f8de Halvm\u00e5ne og er koordineret af Dansk R\u00f8de Kors.<\/span><\/p>\n<p>&nbsp;<\/p>\n<p style=\"text-align: left;\"><span style=\"font-weight: 400;\">Siden Madad-fonden blev oprettet i december 2014, kommer en v\u00e6sentlig andel af EUs st\u00f8tte fra EUs hj\u00e6lpefond for at yde hj\u00e6lp til syriske flygtninge og Syriens nabolande, s\u00e5 de kan h\u00e5ndtere flygtningekrisen. Hj\u00e6lpefonden mobiliserer sit budget fra EU-budgettet og bidrag fra 22 EU-lande og Tyrkiet.<\/span><\/p>\n<p>&nbsp;<\/p>\n<p style=\"text-align: left;\"><span style=\"font-weight: 400;\">Fonden sikrer en integreret humanit\u00e6r bistand fra EUs side og koncentrerer sig prim\u00e6rt om at skabe en langtidsholdbar styrkelse samt om behovet for at skabe selvst\u00e6ndighed blandt syriske flygtninge. Samtidig er form\u00e5let at lette presset p\u00e5 v\u00e6rtssamfundene og deres administrationer i nabolande som Irak, Jordan, Libanon og Tyrkiet.<\/span><\/p>\n<p>&nbsp;<\/p>\n<p style=\"text-align: left;\"><span style=\"font-weight: 400;\">Hj\u00e6lpefondens programmer st\u00f8tter grundl\u00e6ggende uddannelse og beskyttelse af b\u00f8rn, erhvervsuddannelse samt videreg\u00e5ende uddannelse, \u00f8konomiske muligheder og social stabilitet, bedre adgang til sundhedsv\u00e6senet, bedre infrastruktur for vand og spildevand samt underst\u00f8ttelse af overlevelsesevne, selvst\u00e6ndighed for kvinder og bek\u00e6mpelse af k\u00f8nsbaseret vold.<\/span><\/p>\n<p>&nbsp;<\/p>\n<p>&nbsp;<\/p>\n<p style=\"text-align: left;\"><span style=\"font-weight: 800;\">Om R\u00f8de Kors og R\u00f8de Halvm\u00e5ne-bev\u00e6gelsen<\/span><\/p>\n<p>&nbsp;<\/p>\n<p style=\"text-align: left;\"><span style=\"font-weight: 400;\">Den Internationale R\u00f8de Kors- og R\u00f8de Halvm\u00e5ne-bev\u00e6gelse er det st\u00f8rste humanit\u00e6re netv\u00e6rk i verden. Bev\u00e6gelsen er neutral og apolitisk og yder beskyttelse og hj\u00e6lp til mennesker, der er ber\u00f8rt af katastrofer og konflikter.<\/span><\/p>\n<p>&nbsp;<\/p>\n<p style=\"text-align: left;\"><span style=\"font-weight: 400;\">Bev\u00e6gelsen best\u00e5r af t\u00e6t p\u00e5 100 millioner medlemmer, frivillige og st\u00f8tter i 190 nationale selskaber. Bev\u00e6gelsen best\u00e5r af tre prim\u00e6re enheder:<br \/>\n&#8211; Den Internationale R\u00f8de Kors Komit\u00e9 (ICRC)<br \/>\n&#8211; Det internationale Forbund af R\u00f8de Kors- og R\u00f8de Halvm\u00e5ne-selskaber (IFRC)<br \/>\n&#8211; 190 R\u00f8de Kors- og R\u00f8de Halvm\u00e5ne-selskaber<\/span><\/p>\n<p>&nbsp;<\/p>\n<p style=\"text-align: left;\"><span style=\"font-weight: 400;\">Som partnere st\u00f8tter de forskellige medlemmer af bev\u00e6gelsen lokalsamfundene gennem forskellige udviklingsprojekter og humanit\u00e6re aktiviteter, s\u00e5 de kan blive st\u00e6rkere og mere sikre. Bev\u00e6gelsen samarbejder desuden med regeringer, donorer og andre hj\u00e6lpeorganisationer om at hj\u00e6lpe s\u00e5rbare mennesker rundt om i verden. ICRC, forbundet og de nationale selskaber er uafh\u00e6ngige organisationer. Hver har sin egen status og har ingen myndighed over de andre.<\/span><\/p>\n<p>[\/vc_column_text][\/vc_column][\/vc_row][vc_row css_animation=&#8221;&#8221; row_type=&#8221;row&#8221; use_row_as_full_screen_section=&#8221;no&#8221; type=&#8221;full_width&#8221; angled_section=&#8221;no&#8221; text_align=&#8221;left&#8221; background_image_as_pattern=&#8221;without_pattern&#8221;][vc_column][vc_empty_space height=&#8221;30px&#8221;][vc_column_text]<\/p>\n<p style=\"text-align: left;\"><em><span style=\"font-weight: 400;\">&#8220;Brothers Across Borders&#8221; er en interaktiv fiktionsfilm, hvor brugeren har indflydelse p\u00e5 handlingen. For at skabe en sp\u00e6ndende, l\u00e6rerig oplevelse stemmer handlingen ikke alle steder helt overens med virkeligheden. Tyrkisk R\u00f8de Halvm\u00e5ne vil eksempelvis altid f\u00f8lge op p\u00e5 en sag, hvis en flygtning ikke kan komme i kontakt med forsvundne familiemedlemmer.<\/span><\/em><\/p>\n<p>[\/vc_column_text][\/vc_column][\/vc_row][vc_row css_animation=&#8221;&#8221; row_type=&#8221;row&#8221; use_row_as_full_screen_section=&#8221;no&#8221; type=&#8221;full_width&#8221; angled_section=&#8221;no&#8221; text_align=&#8221;left&#8221; background_image_as_pattern=&#8221;without_pattern&#8221;][vc_column][vc_empty_space height=&#8221;80px&#8221;][\/vc_column][\/vc_row]<\/p>\n","protected":false},"excerpt":{"rendered":"<p>[vc_row css_animation=&#8221;&#8221; row_type=&#8221;row&#8221; use_row_as_full_screen_section=&#8221;no&#8221; type=&#8221;full_width&#8221; angled_section=&#8221;no&#8221; text_align=&#8221;left&#8221; background_image_as_pattern=&#8221;without_pattern&#8221;][vc_column][vc_empty_space height=&#8221;70px&#8221;][\/vc_column][\/vc_row][vc_row css_animation=&#8221;&#8221; row_type=&#8221;row&#8221; use_row_as_full_screen_section=&#8221;no&#8221; type=&#8221;full_width&#8221; angled_section=&#8221;no&#8221; text_align=&#8221;left&#8221; background_image_as_pattern=&#8221;without_pattern&#8221;][vc_column][vc_single_image image=&#8221;624&#8243; img_size=&#8221;full&#8221; alignment=&#8221;center&#8221; qode_css_animation=&#8221;&#8221; css=&#8221;.vc_custom_1545331643743{padding-right: 40px !important;padding-left: 40px !important;}&#8221;][vc_empty_space height=&#8221;40px&#8221;][\/vc_column][\/vc_row][vc_row css_animation=&#8221;&#8221; row_type=&#8221;row&#8221; use_row_as_full_screen_section=&#8221;no&#8221; type=&#8221;full_width&#8221; angled_section=&#8221;no&#8221; text_align=&#8221;left&#8221; background_image_as_pattern=&#8221;without_pattern&#8221;][vc_column width=&#8221;1\/2&#8243;][vc_single_image image=&#8221;537&#8243; img_size=&#8221;large&#8221; alignment=&#8221;center&#8221; qode_css_animation=&#8221;&#8221;][\/vc_column][vc_column width=&#8221;1\/2&#8243;][vc_empty_space height=&#8221;30px&#8221;][vc_column_text] Filmen &#8220;Brothers Across Borders&#8221; er&#8230;<\/p>\n","protected":false},"author":1,"featured_media":0,"parent":0,"menu_order":0,"comment_status":"closed","ping_status":"closed","template":"","meta":[],"_links":{"self":[{"href":"https:\/\/brothersacrossborders.com\/da\/wp-json\/wp\/v2\/pages\/681"}],"collection":[{"href":"https:\/\/brothersacrossborders.com\/da\/wp-json\/wp\/v2\/pages"}],"about":[{"href":"https:\/\/brothersacrossborders.com\/da\/wp-json\/wp\/v2\/types\/page"}],"author":[{"embeddable":true,"href":"https:\/\/brothersacrossborders.com\/da\/wp-json\/wp\/v2\/users\/1"}],"replies":[{"embeddable":true,"href":"https:\/\/brothersacrossborders.com\/da\/wp-json\/wp\/v2\/comments?post=681"}],"version-history":[{"count":9,"href":"https:\/\/brothersacrossborders.com\/da\/wp-json\/wp\/v2\/pages\/681\/revisions"}],"predecessor-version":[{"id":699,"href":"https:\/\/brothersacrossborders.com\/da\/wp-json\/wp\/v2\/pages\/681\/revisions\/699"}],"wp:attachment":[{"href":"https:\/\/brothersacrossborders.com\/da\/wp-json\/wp\/v2\/media?parent=681"}],"curies":[{"name":"wp","href":"https:\/\/api.w.org\/{rel}","templated":true}]}}