{"id":423,"date":"2018-11-28T10:55:09","date_gmt":"2018-11-28T10:55:09","guid":{"rendered":"https:\/\/brothersacrossborders.com\/da\/?page_id=423"},"modified":"2019-02-21T12:14:58","modified_gmt":"2019-02-21T12:14:58","slug":"home-5","status":"publish","type":"page","link":"https:\/\/brothersacrossborders.com\/da\/","title":{"rendered":"Brothers Across Borders"},"content":{"rendered":"<p>[vc_row css_animation=&#8221;&#8221; row_type=&#8221;row&#8221; use_row_as_full_screen_section=&#8221;no&#8221; type=&#8221;full_width&#8221; angled_section=&#8221;no&#8221; text_align=&#8221;left&#8221; background_image_as_pattern=&#8221;without_pattern&#8221;][vc_column][rev_slider_vc alias=&#8221;home&#8221;][\/vc_column][\/vc_row][vc_row css_animation=&#8221;&#8221; row_type=&#8221;row&#8221; use_row_as_full_screen_section=&#8221;no&#8221; type=&#8221;grid&#8221; anchor=&#8221;about-us&#8221; angled_section=&#8221;no&#8221; text_align=&#8221;center&#8221; background_image_as_pattern=&#8221;without_pattern&#8221; z_index=&#8221;&#8221; css=&#8221;.vc_custom_1543407875567{padding-top: 104px !important;padding-bottom: 72px !important;}&#8221;][vc_column width=&#8221;1\/2&#8243;][vc_single_image image=&#8221;661&#8243; img_size=&#8221;large&#8221; alignment=&#8221;center&#8221; qode_css_animation=&#8221;element_from_fade&#8221;][\/vc_column][vc_column width=&#8221;1\/2&#8243;][vc_empty_space height=&#8221;50px&#8221;][vc_single_image image=&#8221;617&#8243; img_size=&#8221;medium&#8221; qode_css_animation=&#8221;&#8221; css=&#8221;.vc_custom_1545331465418{padding-right: 80px !important;}&#8221;][vc_empty_space height=&#8221;30px&#8221;][vc_column_text]<\/p>\n<p style=\"text-align: left;\"><span style=\"font-weight: 400;\">\u201cBrothers Across Borders\u201d er en interaktiv film baseret p\u00e5 virkelige historier fra syriske flygtninge i Tyrkiet. Du er Ismael. En 21-\u00e5rig syrisk flygtning med en mission. Han skal finde sin bror, Muhammed. Muhammed rejste, som den \u00e6ldste bror i familien, over gr\u00e6nsen til Tyrkiet for at finde et nyt og sikkert hjem til familien, men vendte aldrig tilbage. Familien mistede telefonisk kontakt med ham umiddelbart efter hans afrejse. Nu er det op til dig. Hele familiens fremtid er i dine h\u00e6nder.<\/span><\/p>\n<p>&nbsp;<\/p>\n<p style=\"text-align: left;\"><span style=\"font-weight: 400;\">S\u00e5 m\u00e5ske du bare skulle komme afsted. Du har en lang rejse foran dig. I rygs\u00e6kken har du det mest n\u00f8dvendige t\u00f8j, en flaske vand, dit pas, nogle f\u00e5 m\u00f8nter og din telefon.<\/span><\/p>\n<p>&nbsp;<\/p>\n<p style=\"text-align: left;\"><span style=\"font-weight: 400;\">Pas p\u00e5 dig selv. Og husk at opdatere familien undervejs p\u00e5 din rejse.<\/span><\/p>\n<p>[\/vc_column_text][vc_empty_space height=&#8221;20px&#8221;][\/vc_column][\/vc_row][vc_row css_animation=&#8221;&#8221; row_type=&#8221;row&#8221; use_row_as_full_screen_section=&#8221;no&#8221; type=&#8221;full_width&#8221; angled_section=&#8221;no&#8221; text_align=&#8221;left&#8221; background_image_as_pattern=&#8221;without_pattern&#8221;][vc_column css_animation=&#8221;none&#8221; css=&#8221;.vc_custom_1543407492705{padding-right: 55px !important;padding-left: 55px !important;}&#8221;][\/vc_column][\/vc_row][vc_row css_animation=&#8221;&#8221; row_type=&#8221;row&#8221; use_row_as_full_screen_section=&#8221;no&#8221; type=&#8221;full_width&#8221; angled_section=&#8221;no&#8221; text_align=&#8221;left&#8221; background_image_as_pattern=&#8221;without_pattern&#8221;][vc_column][vc_empty_space height=&#8221;20px&#8221;][\/vc_column][\/vc_row][vc_row css_animation=&#8221;&#8221; row_type=&#8221;row&#8221; use_row_as_full_screen_section=&#8221;no&#8221; type=&#8221;full_width&#8221; angled_section=&#8221;no&#8221; text_align=&#8221;left&#8221; background_image_as_pattern=&#8221;without_pattern&#8221;][vc_column css=&#8221;.vc_custom_1543407499912{padding-right: 55px !important;padding-left: 55px !important;}&#8221;][vc_single_image image=&#8221;618&#8243; img_size=&#8221;medium&#8221; alignment=&#8221;center&#8221; qode_css_animation=&#8221;&#8221; css=&#8221;.vc_custom_1545331482001{padding-right: 80px !important;}&#8221;][vc_empty_space height=&#8221;30px&#8221;][vc_single_image image=&#8221;662&#8243; img_size=&#8221;large&#8221; alignment=&#8221;center&#8221; onclick=&#8221;custom_link&#8221; img_link_target=&#8221;_blank&#8221; qode_css_animation=&#8221;&#8221; link=&#8221;http:\/\/interactive.brothersacrossborders.com\/da\/&#8221;][\/vc_column][\/vc_row][vc_row css_animation=&#8221;&#8221; row_type=&#8221;row&#8221; use_row_as_full_screen_section=&#8221;no&#8221; type=&#8221;full_width&#8221; angled_section=&#8221;no&#8221; text_align=&#8221;left&#8221; background_image_as_pattern=&#8221;without_pattern&#8221;][vc_column][vc_empty_space height=&#8221;200px&#8221;][\/vc_column][\/vc_row]<\/p>\n","protected":false},"excerpt":{"rendered":"<p>[vc_row css_animation=&#8221;&#8221; row_type=&#8221;row&#8221; use_row_as_full_screen_section=&#8221;no&#8221; type=&#8221;full_width&#8221; angled_section=&#8221;no&#8221; text_align=&#8221;left&#8221; background_image_as_pattern=&#8221;without_pattern&#8221;][vc_column][rev_slider_vc alias=&#8221;home&#8221;][\/vc_column][\/vc_row][vc_row css_animation=&#8221;&#8221; row_type=&#8221;row&#8221; use_row_as_full_screen_section=&#8221;no&#8221; type=&#8221;grid&#8221; anchor=&#8221;about-us&#8221; angled_section=&#8221;no&#8221; text_align=&#8221;center&#8221; background_image_as_pattern=&#8221;without_pattern&#8221; z_index=&#8221;&#8221; css=&#8221;.vc_custom_1543407875567{padding-top: 104px !important;padding-bottom: 72px !important;}&#8221;][vc_column width=&#8221;1\/2&#8243;][vc_single_image image=&#8221;661&#8243; img_size=&#8221;large&#8221; alignment=&#8221;center&#8221; qode_css_animation=&#8221;element_from_fade&#8221;][\/vc_column][vc_column width=&#8221;1\/2&#8243;][vc_empty_space height=&#8221;50px&#8221;][vc_single_image image=&#8221;617&#8243; img_size=&#8221;medium&#8221; qode_css_animation=&#8221;&#8221; css=&#8221;.vc_custom_1545331465418{padding-right: 80px !important;}&#8221;][vc_empty_space height=&#8221;30px&#8221;][vc_column_text] \u201cBrothers Across Borders\u201d er en interaktiv film baseret&#8230;<\/p>\n","protected":false},"author":1,"featured_media":0,"parent":0,"menu_order":0,"comment_status":"closed","ping_status":"closed","template":"full_width.php","meta":[],"_links":{"self":[{"href":"https:\/\/brothersacrossborders.com\/da\/wp-json\/wp\/v2\/pages\/423"}],"collection":[{"href":"https:\/\/brothersacrossborders.com\/da\/wp-json\/wp\/v2\/pages"}],"about":[{"href":"https:\/\/brothersacrossborders.com\/da\/wp-json\/wp\/v2\/types\/page"}],"author":[{"embeddable":true,"href":"https:\/\/brothersacrossborders.com\/da\/wp-json\/wp\/v2\/users\/1"}],"replies":[{"embeddable":true,"href":"https:\/\/brothersacrossborders.com\/da\/wp-json\/wp\/v2\/comments?post=423"}],"version-history":[{"count":77,"href":"https:\/\/brothersacrossborders.com\/da\/wp-json\/wp\/v2\/pages\/423\/revisions"}],"predecessor-version":[{"id":663,"href":"https:\/\/brothersacrossborders.com\/da\/wp-json\/wp\/v2\/pages\/423\/revisions\/663"}],"wp:attachment":[{"href":"https:\/\/brothersacrossborders.com\/da\/wp-json\/wp\/v2\/media?parent=423"}],"curies":[{"name":"wp","href":"https:\/\/api.w.org\/{rel}","templated":true}]}}