{"id":351,"date":"2018-11-12T15:02:13","date_gmt":"2018-11-12T15:02:13","guid":{"rendered":"http:\/\/brothersacrossborders.com\/eng\/?page_id=351"},"modified":"2018-12-21T13:44:56","modified_gmt":"2018-12-21T13:44:56","slug":"bts","status":"publish","type":"page","link":"https:\/\/brothersacrossborders.com\/da\/bts\/","title":{"rendered":"Behind The Scenes"},"content":{"rendered":"<p>[vc_row css_animation=&#8221;&#8221; row_type=&#8221;row&#8221; use_row_as_full_screen_section=&#8221;no&#8221; type=&#8221;full_width&#8221; angled_section=&#8221;no&#8221; text_align=&#8221;left&#8221; background_image_as_pattern=&#8221;without_pattern&#8221;][vc_column][vc_empty_space height=&#8221;70px&#8221;][\/vc_column][\/vc_row][vc_row css_animation=&#8221;&#8221; row_type=&#8221;row&#8221; use_row_as_full_screen_section=&#8221;no&#8221; type=&#8221;full_width&#8221; angled_section=&#8221;no&#8221; text_align=&#8221;left&#8221; background_image_as_pattern=&#8221;without_pattern&#8221;][vc_column][vc_single_image image=&#8221;544&#8243; img_size=&#8221;full&#8221; alignment=&#8221;center&#8221; qode_css_animation=&#8221;&#8221; css=&#8221;.vc_custom_1543570245950{padding-right: 40px !important;padding-left: 40px !important;}&#8221;][vc_empty_space height=&#8221;40px&#8221;][\/vc_column][\/vc_row][vc_row css_animation=&#8221;&#8221; row_type=&#8221;row&#8221; use_row_as_full_screen_section=&#8221;no&#8221; type=&#8221;full_width&#8221; angled_section=&#8221;no&#8221; text_align=&#8221;left&#8221; background_image_as_pattern=&#8221;without_pattern&#8221;][vc_column][vc_column_text]<\/p>\n<p style=\"text-align: left;\"><span style=\"font-weight: 400;\">\u201cBrothers Across Borders\u201d blev fortrinsvis optaget i de tyrkiske byer Gaziantep og Izmir. Enkelte dele er optaget t\u00e6t ved den syriske gr\u00e6nse.<br \/>\n\u201cBrothers Across Borders\u201d er ikke en helt almindelig film, da det meste af filmen opleves igennem hovedpersonens \u00f8jne. S\u00e5 man kan egentlig sige, at hovedpersonen ogs\u00e5 er kameramand. Forud for optagelserne designede vi en s\u00e6rlig kamera-hjelm, som muliggjorde, at skuespillerne, Ibrahim og Mehmet, kunne bev\u00e6ge sig frit &#8211; samtidig med at de optog alt fra deres \u201cpoint of view\u201d. Nedenfor kan du se en r\u00e6kke billeder fra optagelserne.<\/span><\/p>\n<p>[\/vc_column_text][\/vc_column][\/vc_row][vc_row css_animation=&#8221;&#8221; row_type=&#8221;row&#8221; use_row_as_full_screen_section=&#8221;no&#8221; type=&#8221;full_width&#8221; angled_section=&#8221;no&#8221; text_align=&#8221;left&#8221; background_image_as_pattern=&#8221;without_pattern&#8221;][vc_column][vc_empty_space height=&#8221;80px&#8221;][\/vc_column][\/vc_row][vc_row css_animation=&#8221;&#8221; row_type=&#8221;row&#8221; use_row_as_full_screen_section=&#8221;no&#8221; type=&#8221;full_width&#8221; angled_section=&#8221;no&#8221; text_align=&#8221;left&#8221; background_image_as_pattern=&#8221;without_pattern&#8221;][vc_column]<div class=\"qode-advanced-image-gallery  qode-aig-grid-type qode-small-space  qode-image-behavior-lightbox \">\n\t<div class=\"qode-aig-inner qode-outer-space qode-aig-grid qode-aig-two-columns\">\n\t\t\t\t\t<div class=\"qode-aig-image qode-item-space\">\n\t\t\t\t<div class=\"qode-aig-image-inner\">\n\t\t\t\t\t\t\t\t\t\t\t<a itemprop=\"image\" class=\"qode-aig-lightbox\" href=\"https:\/\/brothersacrossborders.com\/da\/wp-content\/uploads\/sites\/12\/2018\/11\/A49A4239.jpg\" data-rel=\"prettyPhoto[image_gallery_pretty_photo-254]\" title=\"A49A4239\">\n\t\t\t\t\t\t\t\t\t\t\t<img width=\"1024\" height=\"683\" src=\"https:\/\/brothersacrossborders.com\/da\/wp-content\/uploads\/sites\/12\/2018\/11\/A49A4239-1024x683.jpg\" class=\"attachment-large size-large\" alt=\"\" loading=\"lazy\" srcset=\"https:\/\/brothersacrossborders.com\/da\/wp-content\/uploads\/sites\/12\/2018\/11\/A49A4239-1024x683.jpg 1024w, https:\/\/brothersacrossborders.com\/da\/wp-content\/uploads\/sites\/12\/2018\/11\/A49A4239-300x200.jpg 300w, https:\/\/brothersacrossborders.com\/da\/wp-content\/uploads\/sites\/12\/2018\/11\/A49A4239-768x512.jpg 768w, https:\/\/brothersacrossborders.com\/da\/wp-content\/uploads\/sites\/12\/2018\/11\/A49A4239-700x467.jpg 700w\" sizes=\"(max-width: 1024px) 100vw, 1024px\" \/>\t\t\t\t\t\t<span class=\"aig-gallery-hover\">\n\t\t\t\t\t\t\t\t\t\t\t\t\t\t\t<span class=\"icon-arrows-plus\"><\/span> \n\t\t\t\t\t\t\t\t\t\t\t\t\t<\/span>\n\t\t\t\t\t\t\t\t\t\t\t<\/a>\n\t\t\t\t\t\t\t\t\t<\/div>\n\t\t\t<\/div>\n\t\t\t\t\t<div class=\"qode-aig-image qode-item-space\">\n\t\t\t\t<div class=\"qode-aig-image-inner\">\n\t\t\t\t\t\t\t\t\t\t\t<a itemprop=\"image\" class=\"qode-aig-lightbox\" href=\"https:\/\/brothersacrossborders.com\/da\/wp-content\/uploads\/sites\/12\/2018\/11\/A49A1493.jpg\" data-rel=\"prettyPhoto[image_gallery_pretty_photo-254]\" title=\"A49A1493\">\n\t\t\t\t\t\t\t\t\t\t\t<img width=\"1024\" height=\"683\" src=\"https:\/\/brothersacrossborders.com\/da\/wp-content\/uploads\/sites\/12\/2018\/11\/A49A1493-1024x683.jpg\" class=\"attachment-large size-large\" alt=\"\" loading=\"lazy\" srcset=\"https:\/\/brothersacrossborders.com\/da\/wp-content\/uploads\/sites\/12\/2018\/11\/A49A1493-1024x683.jpg 1024w, https:\/\/brothersacrossborders.com\/da\/wp-content\/uploads\/sites\/12\/2018\/11\/A49A1493-300x200.jpg 300w, https:\/\/brothersacrossborders.com\/da\/wp-content\/uploads\/sites\/12\/2018\/11\/A49A1493-768x512.jpg 768w, https:\/\/brothersacrossborders.com\/da\/wp-content\/uploads\/sites\/12\/2018\/11\/A49A1493-700x467.jpg 700w\" sizes=\"(max-width: 1024px) 100vw, 1024px\" \/>\t\t\t\t\t\t<span class=\"aig-gallery-hover\">\n\t\t\t\t\t\t\t\t\t\t\t\t\t\t\t<span class=\"icon-arrows-plus\"><\/span> \n\t\t\t\t\t\t\t\t\t\t\t\t\t<\/span>\n\t\t\t\t\t\t\t\t\t\t\t<\/a>\n\t\t\t\t\t\t\t\t\t<\/div>\n\t\t\t<\/div>\n\t\t\t\t\t<div class=\"qode-aig-image qode-item-space\">\n\t\t\t\t<div class=\"qode-aig-image-inner\">\n\t\t\t\t\t\t\t\t\t\t\t<a itemprop=\"image\" class=\"qode-aig-lightbox\" href=\"https:\/\/brothersacrossborders.com\/da\/wp-content\/uploads\/sites\/12\/2018\/11\/A49A1620.jpg\" data-rel=\"prettyPhoto[image_gallery_pretty_photo-254]\" title=\"A49A1620\">\n\t\t\t\t\t\t\t\t\t\t\t<img width=\"1024\" height=\"683\" src=\"https:\/\/brothersacrossborders.com\/da\/wp-content\/uploads\/sites\/12\/2018\/11\/A49A1620-1024x683.jpg\" class=\"attachment-large size-large\" alt=\"\" loading=\"lazy\" srcset=\"https:\/\/brothersacrossborders.com\/da\/wp-content\/uploads\/sites\/12\/2018\/11\/A49A1620-1024x683.jpg 1024w, https:\/\/brothersacrossborders.com\/da\/wp-content\/uploads\/sites\/12\/2018\/11\/A49A1620-300x200.jpg 300w, https:\/\/brothersacrossborders.com\/da\/wp-content\/uploads\/sites\/12\/2018\/11\/A49A1620-768x512.jpg 768w, https:\/\/brothersacrossborders.com\/da\/wp-content\/uploads\/sites\/12\/2018\/11\/A49A1620-700x467.jpg 700w\" sizes=\"(max-width: 1024px) 100vw, 1024px\" \/>\t\t\t\t\t\t<span class=\"aig-gallery-hover\">\n\t\t\t\t\t\t\t\t\t\t\t\t\t\t\t<span class=\"icon-arrows-plus\"><\/span> \n\t\t\t\t\t\t\t\t\t\t\t\t\t<\/span>\n\t\t\t\t\t\t\t\t\t\t\t<\/a>\n\t\t\t\t\t\t\t\t\t<\/div>\n\t\t\t<\/div>\n\t\t\t\t\t<div class=\"qode-aig-image qode-item-space\">\n\t\t\t\t<div class=\"qode-aig-image-inner\">\n\t\t\t\t\t\t\t\t\t\t\t<a itemprop=\"image\" class=\"qode-aig-lightbox\" href=\"https:\/\/brothersacrossborders.com\/da\/wp-content\/uploads\/sites\/12\/2018\/11\/A49A1624.jpg\" data-rel=\"prettyPhoto[image_gallery_pretty_photo-254]\" title=\"A49A1624\">\n\t\t\t\t\t\t\t\t\t\t\t<img width=\"1024\" height=\"683\" src=\"https:\/\/brothersacrossborders.com\/da\/wp-content\/uploads\/sites\/12\/2018\/11\/A49A1624-1024x683.jpg\" class=\"attachment-large size-large\" alt=\"\" loading=\"lazy\" srcset=\"https:\/\/brothersacrossborders.com\/da\/wp-content\/uploads\/sites\/12\/2018\/11\/A49A1624-1024x683.jpg 1024w, https:\/\/brothersacrossborders.com\/da\/wp-content\/uploads\/sites\/12\/2018\/11\/A49A1624-300x200.jpg 300w, https:\/\/brothersacrossborders.com\/da\/wp-content\/uploads\/sites\/12\/2018\/11\/A49A1624-768x512.jpg 768w, https:\/\/brothersacrossborders.com\/da\/wp-content\/uploads\/sites\/12\/2018\/11\/A49A1624-700x467.jpg 700w\" sizes=\"(max-width: 1024px) 100vw, 1024px\" \/>\t\t\t\t\t\t<span class=\"aig-gallery-hover\">\n\t\t\t\t\t\t\t\t\t\t\t\t\t\t\t<span class=\"icon-arrows-plus\"><\/span> \n\t\t\t\t\t\t\t\t\t\t\t\t\t<\/span>\n\t\t\t\t\t\t\t\t\t\t\t<\/a>\n\t\t\t\t\t\t\t\t\t<\/div>\n\t\t\t<\/div>\n\t\t\t\t\t<div class=\"qode-aig-image qode-item-space\">\n\t\t\t\t<div class=\"qode-aig-image-inner\">\n\t\t\t\t\t\t\t\t\t\t\t<a itemprop=\"image\" class=\"qode-aig-lightbox\" href=\"https:\/\/brothersacrossborders.com\/da\/wp-content\/uploads\/sites\/12\/2018\/11\/A49A1705.jpg\" data-rel=\"prettyPhoto[image_gallery_pretty_photo-254]\" title=\"A49A1705\">\n\t\t\t\t\t\t\t\t\t\t\t<img width=\"1024\" height=\"683\" src=\"https:\/\/brothersacrossborders.com\/da\/wp-content\/uploads\/sites\/12\/2018\/11\/A49A1705-1024x683.jpg\" class=\"attachment-large size-large\" alt=\"\" loading=\"lazy\" srcset=\"https:\/\/brothersacrossborders.com\/da\/wp-content\/uploads\/sites\/12\/2018\/11\/A49A1705-1024x683.jpg 1024w, https:\/\/brothersacrossborders.com\/da\/wp-content\/uploads\/sites\/12\/2018\/11\/A49A1705-300x200.jpg 300w, https:\/\/brothersacrossborders.com\/da\/wp-content\/uploads\/sites\/12\/2018\/11\/A49A1705-768x512.jpg 768w, https:\/\/brothersacrossborders.com\/da\/wp-content\/uploads\/sites\/12\/2018\/11\/A49A1705-700x467.jpg 700w\" sizes=\"(max-width: 1024px) 100vw, 1024px\" \/>\t\t\t\t\t\t<span class=\"aig-gallery-hover\">\n\t\t\t\t\t\t\t\t\t\t\t\t\t\t\t<span class=\"icon-arrows-plus\"><\/span> \n\t\t\t\t\t\t\t\t\t\t\t\t\t<\/span>\n\t\t\t\t\t\t\t\t\t\t\t<\/a>\n\t\t\t\t\t\t\t\t\t<\/div>\n\t\t\t<\/div>\n\t\t\t\t\t<div class=\"qode-aig-image qode-item-space\">\n\t\t\t\t<div class=\"qode-aig-image-inner\">\n\t\t\t\t\t\t\t\t\t\t\t<a itemprop=\"image\" class=\"qode-aig-lightbox\" href=\"https:\/\/brothersacrossborders.com\/da\/wp-content\/uploads\/sites\/12\/2018\/11\/A49A2947.jpg\" data-rel=\"prettyPhoto[image_gallery_pretty_photo-254]\" title=\"A49A2947\">\n\t\t\t\t\t\t\t\t\t\t\t<img width=\"1024\" height=\"683\" src=\"https:\/\/brothersacrossborders.com\/da\/wp-content\/uploads\/sites\/12\/2018\/11\/A49A2947-1024x683.jpg\" class=\"attachment-large size-large\" alt=\"\" loading=\"lazy\" srcset=\"https:\/\/brothersacrossborders.com\/da\/wp-content\/uploads\/sites\/12\/2018\/11\/A49A2947-1024x683.jpg 1024w, https:\/\/brothersacrossborders.com\/da\/wp-content\/uploads\/sites\/12\/2018\/11\/A49A2947-300x200.jpg 300w, https:\/\/brothersacrossborders.com\/da\/wp-content\/uploads\/sites\/12\/2018\/11\/A49A2947-768x512.jpg 768w, https:\/\/brothersacrossborders.com\/da\/wp-content\/uploads\/sites\/12\/2018\/11\/A49A2947-700x467.jpg 700w\" sizes=\"(max-width: 1024px) 100vw, 1024px\" \/>\t\t\t\t\t\t<span class=\"aig-gallery-hover\">\n\t\t\t\t\t\t\t\t\t\t\t\t\t\t\t<span class=\"icon-arrows-plus\"><\/span> \n\t\t\t\t\t\t\t\t\t\t\t\t\t<\/span>\n\t\t\t\t\t\t\t\t\t\t\t<\/a>\n\t\t\t\t\t\t\t\t\t<\/div>\n\t\t\t<\/div>\n\t\t\t\t\t<div class=\"qode-aig-image qode-item-space\">\n\t\t\t\t<div class=\"qode-aig-image-inner\">\n\t\t\t\t\t\t\t\t\t\t\t<a itemprop=\"image\" class=\"qode-aig-lightbox\" href=\"https:\/\/brothersacrossborders.com\/da\/wp-content\/uploads\/sites\/12\/2018\/11\/A49A2900.jpg\" data-rel=\"prettyPhoto[image_gallery_pretty_photo-254]\" title=\"A49A2900\">\n\t\t\t\t\t\t\t\t\t\t\t<img width=\"1024\" height=\"683\" src=\"https:\/\/brothersacrossborders.com\/da\/wp-content\/uploads\/sites\/12\/2018\/11\/A49A2900-1024x683.jpg\" class=\"attachment-large size-large\" alt=\"\" loading=\"lazy\" srcset=\"https:\/\/brothersacrossborders.com\/da\/wp-content\/uploads\/sites\/12\/2018\/11\/A49A2900-1024x683.jpg 1024w, https:\/\/brothersacrossborders.com\/da\/wp-content\/uploads\/sites\/12\/2018\/11\/A49A2900-300x200.jpg 300w, https:\/\/brothersacrossborders.com\/da\/wp-content\/uploads\/sites\/12\/2018\/11\/A49A2900-768x512.jpg 768w, https:\/\/brothersacrossborders.com\/da\/wp-content\/uploads\/sites\/12\/2018\/11\/A49A2900-700x467.jpg 700w\" sizes=\"(max-width: 1024px) 100vw, 1024px\" \/>\t\t\t\t\t\t<span class=\"aig-gallery-hover\">\n\t\t\t\t\t\t\t\t\t\t\t\t\t\t\t<span class=\"icon-arrows-plus\"><\/span> \n\t\t\t\t\t\t\t\t\t\t\t\t\t<\/span>\n\t\t\t\t\t\t\t\t\t\t\t<\/a>\n\t\t\t\t\t\t\t\t\t<\/div>\n\t\t\t<\/div>\n\t\t\t\t\t<div class=\"qode-aig-image qode-item-space\">\n\t\t\t\t<div class=\"qode-aig-image-inner\">\n\t\t\t\t\t\t\t\t\t\t\t<a itemprop=\"image\" class=\"qode-aig-lightbox\" href=\"https:\/\/brothersacrossborders.com\/da\/wp-content\/uploads\/sites\/12\/2018\/11\/A49A2871.jpg\" data-rel=\"prettyPhoto[image_gallery_pretty_photo-254]\" title=\"A49A2871\">\n\t\t\t\t\t\t\t\t\t\t\t<img width=\"1024\" height=\"683\" src=\"https:\/\/brothersacrossborders.com\/da\/wp-content\/uploads\/sites\/12\/2018\/11\/A49A2871-1024x683.jpg\" class=\"attachment-large size-large\" alt=\"\" loading=\"lazy\" srcset=\"https:\/\/brothersacrossborders.com\/da\/wp-content\/uploads\/sites\/12\/2018\/11\/A49A2871-1024x683.jpg 1024w, https:\/\/brothersacrossborders.com\/da\/wp-content\/uploads\/sites\/12\/2018\/11\/A49A2871-300x200.jpg 300w, https:\/\/brothersacrossborders.com\/da\/wp-content\/uploads\/sites\/12\/2018\/11\/A49A2871-768x512.jpg 768w, https:\/\/brothersacrossborders.com\/da\/wp-content\/uploads\/sites\/12\/2018\/11\/A49A2871-700x467.jpg 700w\" sizes=\"(max-width: 1024px) 100vw, 1024px\" \/>\t\t\t\t\t\t<span class=\"aig-gallery-hover\">\n\t\t\t\t\t\t\t\t\t\t\t\t\t\t\t<span class=\"icon-arrows-plus\"><\/span> \n\t\t\t\t\t\t\t\t\t\t\t\t\t<\/span>\n\t\t\t\t\t\t\t\t\t\t\t<\/a>\n\t\t\t\t\t\t\t\t\t<\/div>\n\t\t\t<\/div>\n\t\t\t\t\t<div class=\"qode-aig-image qode-item-space\">\n\t\t\t\t<div class=\"qode-aig-image-inner\">\n\t\t\t\t\t\t\t\t\t\t\t<a itemprop=\"image\" class=\"qode-aig-lightbox\" href=\"https:\/\/brothersacrossborders.com\/da\/wp-content\/uploads\/sites\/12\/2018\/11\/A49A2843.jpg\" data-rel=\"prettyPhoto[image_gallery_pretty_photo-254]\" title=\"A49A2843\">\n\t\t\t\t\t\t\t\t\t\t\t<img width=\"1024\" height=\"683\" src=\"https:\/\/brothersacrossborders.com\/da\/wp-content\/uploads\/sites\/12\/2018\/11\/A49A2843-1024x683.jpg\" class=\"attachment-large size-large\" alt=\"\" loading=\"lazy\" srcset=\"https:\/\/brothersacrossborders.com\/da\/wp-content\/uploads\/sites\/12\/2018\/11\/A49A2843-1024x683.jpg 1024w, https:\/\/brothersacrossborders.com\/da\/wp-content\/uploads\/sites\/12\/2018\/11\/A49A2843-300x200.jpg 300w, https:\/\/brothersacrossborders.com\/da\/wp-content\/uploads\/sites\/12\/2018\/11\/A49A2843-768x512.jpg 768w, https:\/\/brothersacrossborders.com\/da\/wp-content\/uploads\/sites\/12\/2018\/11\/A49A2843-700x467.jpg 700w\" sizes=\"(max-width: 1024px) 100vw, 1024px\" \/>\t\t\t\t\t\t<span class=\"aig-gallery-hover\">\n\t\t\t\t\t\t\t\t\t\t\t\t\t\t\t<span class=\"icon-arrows-plus\"><\/span> \n\t\t\t\t\t\t\t\t\t\t\t\t\t<\/span>\n\t\t\t\t\t\t\t\t\t\t\t<\/a>\n\t\t\t\t\t\t\t\t\t<\/div>\n\t\t\t<\/div>\n\t\t\t\t\t<div class=\"qode-aig-image qode-item-space\">\n\t\t\t\t<div class=\"qode-aig-image-inner\">\n\t\t\t\t\t\t\t\t\t\t\t<a itemprop=\"image\" class=\"qode-aig-lightbox\" href=\"https:\/\/brothersacrossborders.com\/da\/wp-content\/uploads\/sites\/12\/2018\/11\/A49A4247.jpg\" data-rel=\"prettyPhoto[image_gallery_pretty_photo-254]\" title=\"A49A4247\">\n\t\t\t\t\t\t\t\t\t\t\t<img width=\"1024\" height=\"683\" src=\"https:\/\/brothersacrossborders.com\/da\/wp-content\/uploads\/sites\/12\/2018\/11\/A49A4247-1024x683.jpg\" class=\"attachment-large size-large\" alt=\"\" loading=\"lazy\" srcset=\"https:\/\/brothersacrossborders.com\/da\/wp-content\/uploads\/sites\/12\/2018\/11\/A49A4247-1024x683.jpg 1024w, https:\/\/brothersacrossborders.com\/da\/wp-content\/uploads\/sites\/12\/2018\/11\/A49A4247-300x200.jpg 300w, https:\/\/brothersacrossborders.com\/da\/wp-content\/uploads\/sites\/12\/2018\/11\/A49A4247-768x512.jpg 768w, https:\/\/brothersacrossborders.com\/da\/wp-content\/uploads\/sites\/12\/2018\/11\/A49A4247-700x467.jpg 700w\" sizes=\"(max-width: 1024px) 100vw, 1024px\" \/>\t\t\t\t\t\t<span class=\"aig-gallery-hover\">\n\t\t\t\t\t\t\t\t\t\t\t\t\t\t\t<span class=\"icon-arrows-plus\"><\/span> \n\t\t\t\t\t\t\t\t\t\t\t\t\t<\/span>\n\t\t\t\t\t\t\t\t\t\t\t<\/a>\n\t\t\t\t\t\t\t\t\t<\/div>\n\t\t\t<\/div>\n\t\t\t\t\t<div class=\"qode-aig-image qode-item-space\">\n\t\t\t\t<div class=\"qode-aig-image-inner\">\n\t\t\t\t\t\t\t\t\t\t\t<a itemprop=\"image\" class=\"qode-aig-lightbox\" href=\"https:\/\/brothersacrossborders.com\/da\/wp-content\/uploads\/sites\/12\/2018\/11\/A49A4277.jpg\" data-rel=\"prettyPhoto[image_gallery_pretty_photo-254]\" title=\"A49A4277\">\n\t\t\t\t\t\t\t\t\t\t\t<img width=\"1024\" height=\"683\" src=\"https:\/\/brothersacrossborders.com\/da\/wp-content\/uploads\/sites\/12\/2018\/11\/A49A4277-1024x683.jpg\" class=\"attachment-large size-large\" alt=\"\" loading=\"lazy\" srcset=\"https:\/\/brothersacrossborders.com\/da\/wp-content\/uploads\/sites\/12\/2018\/11\/A49A4277-1024x683.jpg 1024w, https:\/\/brothersacrossborders.com\/da\/wp-content\/uploads\/sites\/12\/2018\/11\/A49A4277-300x200.jpg 300w, https:\/\/brothersacrossborders.com\/da\/wp-content\/uploads\/sites\/12\/2018\/11\/A49A4277-768x512.jpg 768w, https:\/\/brothersacrossborders.com\/da\/wp-content\/uploads\/sites\/12\/2018\/11\/A49A4277-700x467.jpg 700w\" sizes=\"(max-width: 1024px) 100vw, 1024px\" \/>\t\t\t\t\t\t<span class=\"aig-gallery-hover\">\n\t\t\t\t\t\t\t\t\t\t\t\t\t\t\t<span class=\"icon-arrows-plus\"><\/span> \n\t\t\t\t\t\t\t\t\t\t\t\t\t<\/span>\n\t\t\t\t\t\t\t\t\t\t\t<\/a>\n\t\t\t\t\t\t\t\t\t<\/div>\n\t\t\t<\/div>\n\t\t\t\t\t<div class=\"qode-aig-image qode-item-space\">\n\t\t\t\t<div class=\"qode-aig-image-inner\">\n\t\t\t\t\t\t\t\t\t\t\t<a itemprop=\"image\" class=\"qode-aig-lightbox\" href=\"https:\/\/brothersacrossborders.com\/da\/wp-content\/uploads\/sites\/12\/2018\/11\/A49A1753.jpg\" data-rel=\"prettyPhoto[image_gallery_pretty_photo-254]\" title=\"A49A1753\">\n\t\t\t\t\t\t\t\t\t\t\t<img width=\"1024\" height=\"683\" src=\"https:\/\/brothersacrossborders.com\/da\/wp-content\/uploads\/sites\/12\/2018\/11\/A49A1753-1024x683.jpg\" class=\"attachment-large size-large\" alt=\"\" loading=\"lazy\" srcset=\"https:\/\/brothersacrossborders.com\/da\/wp-content\/uploads\/sites\/12\/2018\/11\/A49A1753-1024x683.jpg 1024w, https:\/\/brothersacrossborders.com\/da\/wp-content\/uploads\/sites\/12\/2018\/11\/A49A1753-300x200.jpg 300w, https:\/\/brothersacrossborders.com\/da\/wp-content\/uploads\/sites\/12\/2018\/11\/A49A1753-768x512.jpg 768w, https:\/\/brothersacrossborders.com\/da\/wp-content\/uploads\/sites\/12\/2018\/11\/A49A1753-700x467.jpg 700w\" sizes=\"(max-width: 1024px) 100vw, 1024px\" \/>\t\t\t\t\t\t<span class=\"aig-gallery-hover\">\n\t\t\t\t\t\t\t\t\t\t\t\t\t\t\t<span class=\"icon-arrows-plus\"><\/span> \n\t\t\t\t\t\t\t\t\t\t\t\t\t<\/span>\n\t\t\t\t\t\t\t\t\t\t\t<\/a>\n\t\t\t\t\t\t\t\t\t<\/div>\n\t\t\t<\/div>\n\t\t\t\t\t<div class=\"qode-aig-image qode-item-space\">\n\t\t\t\t<div class=\"qode-aig-image-inner\">\n\t\t\t\t\t\t\t\t\t\t\t<a itemprop=\"image\" class=\"qode-aig-lightbox\" href=\"https:\/\/brothersacrossborders.com\/da\/wp-content\/uploads\/sites\/12\/2018\/11\/A49A1393.jpg\" data-rel=\"prettyPhoto[image_gallery_pretty_photo-254]\" title=\"A49A1393\">\n\t\t\t\t\t\t\t\t\t\t\t<img width=\"1024\" height=\"683\" src=\"https:\/\/brothersacrossborders.com\/da\/wp-content\/uploads\/sites\/12\/2018\/11\/A49A1393-1024x683.jpg\" class=\"attachment-large size-large\" alt=\"\" loading=\"lazy\" srcset=\"https:\/\/brothersacrossborders.com\/da\/wp-content\/uploads\/sites\/12\/2018\/11\/A49A1393-1024x683.jpg 1024w, https:\/\/brothersacrossborders.com\/da\/wp-content\/uploads\/sites\/12\/2018\/11\/A49A1393-300x200.jpg 300w, https:\/\/brothersacrossborders.com\/da\/wp-content\/uploads\/sites\/12\/2018\/11\/A49A1393-768x512.jpg 768w, https:\/\/brothersacrossborders.com\/da\/wp-content\/uploads\/sites\/12\/2018\/11\/A49A1393-700x467.jpg 700w\" sizes=\"(max-width: 1024px) 100vw, 1024px\" \/>\t\t\t\t\t\t<span class=\"aig-gallery-hover\">\n\t\t\t\t\t\t\t\t\t\t\t\t\t\t\t<span class=\"icon-arrows-plus\"><\/span> \n\t\t\t\t\t\t\t\t\t\t\t\t\t<\/span>\n\t\t\t\t\t\t\t\t\t\t\t<\/a>\n\t\t\t\t\t\t\t\t\t<\/div>\n\t\t\t<\/div>\n\t\t\t\t\t<div class=\"qode-aig-image qode-item-space\">\n\t\t\t\t<div class=\"qode-aig-image-inner\">\n\t\t\t\t\t\t\t\t\t\t\t<a itemprop=\"image\" class=\"qode-aig-lightbox\" href=\"https:\/\/brothersacrossborders.com\/da\/wp-content\/uploads\/sites\/12\/2018\/11\/A49A4467.jpg\" data-rel=\"prettyPhoto[image_gallery_pretty_photo-254]\" title=\"A49A4467\">\n\t\t\t\t\t\t\t\t\t\t\t<img width=\"1024\" height=\"658\" src=\"https:\/\/brothersacrossborders.com\/da\/wp-content\/uploads\/sites\/12\/2018\/11\/A49A4467-1024x658.jpg\" class=\"attachment-large size-large\" alt=\"\" loading=\"lazy\" srcset=\"https:\/\/brothersacrossborders.com\/da\/wp-content\/uploads\/sites\/12\/2018\/11\/A49A4467-1024x658.jpg 1024w, https:\/\/brothersacrossborders.com\/da\/wp-content\/uploads\/sites\/12\/2018\/11\/A49A4467-300x193.jpg 300w, https:\/\/brothersacrossborders.com\/da\/wp-content\/uploads\/sites\/12\/2018\/11\/A49A4467-768x493.jpg 768w, https:\/\/brothersacrossborders.com\/da\/wp-content\/uploads\/sites\/12\/2018\/11\/A49A4467-700x450.jpg 700w\" sizes=\"(max-width: 1024px) 100vw, 1024px\" \/>\t\t\t\t\t\t<span class=\"aig-gallery-hover\">\n\t\t\t\t\t\t\t\t\t\t\t\t\t\t\t<span class=\"icon-arrows-plus\"><\/span> \n\t\t\t\t\t\t\t\t\t\t\t\t\t<\/span>\n\t\t\t\t\t\t\t\t\t\t\t<\/a>\n\t\t\t\t\t\t\t\t\t<\/div>\n\t\t\t<\/div>\n\t\t\t<\/div>\n<\/div>[\/vc_column][\/vc_row][vc_row css_animation=&#8221;&#8221; row_type=&#8221;row&#8221; use_row_as_full_screen_section=&#8221;no&#8221; type=&#8221;full_width&#8221; angled_section=&#8221;no&#8221; text_align=&#8221;left&#8221; background_image_as_pattern=&#8221;without_pattern&#8221;][vc_column][vc_empty_space height=&#8221;120px&#8221;][\/vc_column][\/vc_row]<\/p>\n","protected":false},"excerpt":{"rendered":"<p>[vc_row css_animation=&#8221;&#8221; row_type=&#8221;row&#8221; use_row_as_full_screen_section=&#8221;no&#8221; type=&#8221;full_width&#8221; angled_section=&#8221;no&#8221; text_align=&#8221;left&#8221; background_image_as_pattern=&#8221;without_pattern&#8221;][vc_column][vc_empty_space height=&#8221;70px&#8221;][\/vc_column][\/vc_row][vc_row css_animation=&#8221;&#8221; row_type=&#8221;row&#8221; use_row_as_full_screen_section=&#8221;no&#8221; type=&#8221;full_width&#8221; angled_section=&#8221;no&#8221; text_align=&#8221;left&#8221; background_image_as_pattern=&#8221;without_pattern&#8221;][vc_column][vc_single_image image=&#8221;544&#8243; img_size=&#8221;full&#8221; alignment=&#8221;center&#8221; qode_css_animation=&#8221;&#8221; css=&#8221;.vc_custom_1543570245950{padding-right: 40px !important;padding-left: 40px !important;}&#8221;][vc_empty_space height=&#8221;40px&#8221;][\/vc_column][\/vc_row][vc_row css_animation=&#8221;&#8221; row_type=&#8221;row&#8221; use_row_as_full_screen_section=&#8221;no&#8221; type=&#8221;full_width&#8221; angled_section=&#8221;no&#8221; text_align=&#8221;left&#8221; background_image_as_pattern=&#8221;without_pattern&#8221;][vc_column][vc_column_text] \u201cBrothers Across Borders\u201d blev fortrinsvis optaget i de tyrkiske byer Gaziantep og&#8230;<\/p>\n","protected":false},"author":1,"featured_media":0,"parent":0,"menu_order":0,"comment_status":"closed","ping_status":"closed","template":"","meta":[],"_links":{"self":[{"href":"https:\/\/brothersacrossborders.com\/da\/wp-json\/wp\/v2\/pages\/351"}],"collection":[{"href":"https:\/\/brothersacrossborders.com\/da\/wp-json\/wp\/v2\/pages"}],"about":[{"href":"https:\/\/brothersacrossborders.com\/da\/wp-json\/wp\/v2\/types\/page"}],"author":[{"embeddable":true,"href":"https:\/\/brothersacrossborders.com\/da\/wp-json\/wp\/v2\/users\/1"}],"replies":[{"embeddable":true,"href":"https:\/\/brothersacrossborders.com\/da\/wp-json\/wp\/v2\/comments?post=351"}],"version-history":[{"count":25,"href":"https:\/\/brothersacrossborders.com\/da\/wp-json\/wp\/v2\/pages\/351\/revisions"}],"predecessor-version":[{"id":637,"href":"https:\/\/brothersacrossborders.com\/da\/wp-json\/wp\/v2\/pages\/351\/revisions\/637"}],"wp:attachment":[{"href":"https:\/\/brothersacrossborders.com\/da\/wp-json\/wp\/v2\/media?parent=351"}],"curies":[{"name":"wp","href":"https:\/\/api.w.org\/{rel}","templated":true}]}}