{"id":186,"date":"2018-10-22T13:35:26","date_gmt":"2018-10-22T13:35:26","guid":{"rendered":"http:\/\/brothersacrossborders.com\/eng\/?page_id=186"},"modified":"2018-12-20T18:54:56","modified_gmt":"2018-12-20T18:54:56","slug":"credits","status":"publish","type":"page","link":"https:\/\/brothersacrossborders.com\/da\/credits\/","title":{"rendered":"Karaktererne"},"content":{"rendered":"<p>[vc_row css_animation=&#8221;&#8221; row_type=&#8221;row&#8221; use_row_as_full_screen_section=&#8221;no&#8221; type=&#8221;full_width&#8221; angled_section=&#8221;no&#8221; text_align=&#8221;left&#8221; background_image_as_pattern=&#8221;without_pattern&#8221;][vc_column][vc_empty_space height=&#8221;70&#8243;][\/vc_column][\/vc_row][vc_row css_animation=&#8221;&#8221; row_type=&#8221;row&#8221; use_row_as_full_screen_section=&#8221;no&#8221; type=&#8221;full_width&#8221; angled_section=&#8221;no&#8221; text_align=&#8221;left&#8221; background_image_as_pattern=&#8221;without_pattern&#8221;][vc_column][vc_single_image image=&#8221;614&#8243; img_size=&#8221;full&#8221; alignment=&#8221;center&#8221; qode_css_animation=&#8221;&#8221; css=&#8221;.vc_custom_1545329775632{padding-right: 40px !important;padding-left: 40px !important;}&#8221;][\/vc_column][\/vc_row][vc_row css_animation=&#8221;&#8221; row_type=&#8221;row&#8221; use_row_as_full_screen_section=&#8221;no&#8221; type=&#8221;full_width&#8221; angled_section=&#8221;no&#8221; text_align=&#8221;left&#8221; background_image_as_pattern=&#8221;without_pattern&#8221;][vc_column][vc_empty_space height=&#8221;40px&#8221;][\/vc_column][\/vc_row][vc_row css_animation=&#8221;&#8221; row_type=&#8221;row&#8221; use_row_as_full_screen_section=&#8221;no&#8221; type=&#8221;full_width&#8221; angled_section=&#8221;no&#8221; text_align=&#8221;left&#8221; background_image_as_pattern=&#8221;without_pattern&#8221;][vc_column width=&#8221;1\/2&#8243;][vc_single_image image=&#8221;509&#8243; img_size=&#8221;full&#8221; alignment=&#8221;center&#8221; qode_css_animation=&#8221;&#8221; css=&#8221;.vc_custom_1543414853813{padding-bottom: 20px !important;}&#8221;][vc_column_text]<\/p>\n<h3>Muhammed<\/h3>\n<h3>Navn: Mehmet<\/h3>\n<h3>Alder: 22<\/h3>\n<h3>Nationalitet: Tyrkisk<\/h3>\n<p>[\/vc_column_text][vc_empty_space height=&#8221;20px&#8221;][vc_column_text]<span style=\"font-weight: 400;\">Mehmet spiller b\u00e5de rollen som Ismael (P.O.V) og broren Muhammed. Han kommer fra en lille by i n\u00e6rheden af Aleppo, hvor han voksede op sammen med sin mor, sin far og to yngre br\u00f8dre. I 2015 forlod hans far Syrien for at finde et sikkert sted til familien i Europa. Han sejlede med en b\u00e5d fra den tyrkiske kyst mod Gr\u00e6kenland og gik derefter hele vejen til Danmark. Omkring et \u00e5r senere sluttede Mehmets mor og to br\u00f8dre sig til faren i Danmark, men Mehmet ville ikke med. Han valgte at g\u00e5 p\u00e5 universitetet i Adana i Tyrkiet og l\u00e6ser i dag til ingeni\u00f8r. Han h\u00e5ber at blive forenet med dem igen, n\u00e5r han er f\u00e6rdig med sine studier.<\/span>[\/vc_column_text][vc_empty_space height=&#8221;80px&#8221;][\/vc_column][vc_column width=&#8221;1\/2&#8243;][vc_single_image image=&#8221;510&#8243; img_size=&#8221;full&#8221; alignment=&#8221;center&#8221; qode_css_animation=&#8221;&#8221; css=&#8221;.vc_custom_1543414871314{padding-bottom: 20px !important;}&#8221;][vc_column_text]<\/p>\n<h3>Ismael<\/h3>\n<h3>Navn: \u0130brahim \u00c7a\u011fatay<\/h3>\n<h3>Alder: 21<\/h3>\n<h3>Nationalitet: Tyrkisk<\/h3>\n<p>[\/vc_column_text][vc_empty_space height=&#8221;20px&#8221;][vc_column_text]<span style=\"font-weight: 400;\">Ibrahim spiller rollen som Ismael (P.O.V) og er ark\u00e6ologistuderende fra Harran Universitet. Han har v\u00e6ret frivillig pr\u00e6sident for ungdomsafdelingen af R\u00f8de Halvm\u00e5ne i Tyrkiet p\u00e5 sit universitet de sidste tre \u00e5r.<\/span>[\/vc_column_text][vc_empty_space height=&#8221;80px&#8221;][\/vc_column][\/vc_row][vc_row css_animation=&#8221;&#8221; row_type=&#8221;row&#8221; use_row_as_full_screen_section=&#8221;no&#8221; type=&#8221;full_width&#8221; angled_section=&#8221;no&#8221; text_align=&#8221;left&#8221; background_image_as_pattern=&#8221;without_pattern&#8221;][vc_column css=&#8221;.vc_custom_1543413895368{padding-right: 50px !important;padding-left: 50px !important;}&#8221;][vc_empty_space height=&#8221;50px&#8221;][\/vc_column][\/vc_row][vc_row css_animation=&#8221;&#8221; row_type=&#8221;row&#8221; use_row_as_full_screen_section=&#8221;no&#8221; type=&#8221;full_width&#8221; angled_section=&#8221;no&#8221; text_align=&#8221;left&#8221; background_image_as_pattern=&#8221;without_pattern&#8221;][vc_column width=&#8221;1\/3&#8243;][vc_single_image image=&#8221;379&#8243; img_size=&#8221;full&#8221; alignment=&#8221;center&#8221; onclick=&#8221;link_image&#8221; qode_css_animation=&#8221;&#8221; css=&#8221;.vc_custom_1542100765967{padding-right: 0px !important;padding-bottom: 20px !important;padding-left: 0px !important;}&#8221;][vc_column_text]<\/p>\n<h3>Ismaels mor<\/h3>\n<h3>Navn: Farah Firat<\/h3>\n<h3>Alder: 24<\/h3>\n<h3>Nationalitet: Syrisk<\/h3>\n<p>[\/vc_column_text][vc_empty_space height=&#8221;20px&#8221;][vc_column_text]<span style=\"font-weight: 400;\">Farah forlod Syrien for tre \u00e5r siden sammen med sine to yngre s\u00f8stre. De kom til Gaziantep til fods, da de ikke havde nogen bil. De tre s\u00f8skende gik hovedsageligt om natten for ikke at blive p\u00e5grebet. Hendes bror var i Gaziantep, s\u00e5 det var derfor, hun endte her. Men nu er hun den eneste, der er tilbage fra familien, idet de andre er taget tilbage til Syrien. Farah kan derimod godt lide Tyrkiet, hvor hun har fundet sin mand, Halit Firat. De har v\u00e6ret gift i halvandet \u00e5r og har lige f\u00e5et en lille s\u00f8n, der hedder Mohammad.<\/span>[\/vc_column_text][vc_empty_space height=&#8221;80px&#8221;][\/vc_column][vc_column width=&#8221;1\/3&#8243;][vc_single_image image=&#8221;381&#8243; img_size=&#8221;full&#8221; alignment=&#8221;center&#8221; onclick=&#8221;link_image&#8221; qode_css_animation=&#8221;&#8221; css=&#8221;.vc_custom_1542101141390{padding-right: 0px !important;padding-bottom: 20px !important;padding-left: 0px !important;}&#8221;][vc_column_text]<\/p>\n<h3>Motorcykelmand<\/h3>\n<h3>Navn: Ahmed<\/h3>\n<h3>Alder: 73<\/h3>\n<h3>Nationalitet: Tyrkisk<\/h3>\n<p>[\/vc_column_text][vc_empty_space height=&#8221;20px&#8221;][vc_column_text]<span style=\"font-weight: 400;\">Ejer af pistaciemarkerne i udkanten af Gaziantep. Ahmed med en riffel og en lommelygte. Han er i markerne 24 timer i d\u00f8gnet om sommeren for at beskytte afgr\u00f8derne mod tyve. Har 6 d\u00f8tre og en s\u00f8n.<\/span>[\/vc_column_text][vc_empty_space height=&#8221;80px&#8221;][\/vc_column][vc_column width=&#8221;1\/3&#8243;][vc_single_image image=&#8221;378&#8243; img_size=&#8221;full&#8221; alignment=&#8221;center&#8221; onclick=&#8221;link_image&#8221; qode_css_animation=&#8221;&#8221; css=&#8221;.vc_custom_1542100782167{padding-right: 0px !important;padding-bottom: 20px !important;padding-left: 0px !important;}&#8221;][vc_column_text]<\/p>\n<h3>Lutspiller<\/h3>\n<h3>Navn: Nuri<\/h3>\n<h3>Alder: 17<\/h3>\n<h3>Nationalitet: Syrisk<\/h3>\n<p>[\/vc_column_text][vc_empty_space height=&#8221;20px&#8221;][vc_column_text]<span style=\"font-weight: 400;\">Forlod Afran-omr\u00e5det i Syrien for fem \u00e5r siden. Hans storebror tog til Tyrkiet tidligere, hvor han boede i Gaziantep og senere tog til Izmir. Familien er nu genforenet i Izmir, hvor han studerer tyrkisk i det lokale R\u00f8de Kors-center med sin storebror og lilles\u00f8ster. Han har spillet lut i et par \u00e5r, og han har nu sm\u00e5 musikerjobs og h\u00e5ber at kunne leve af det en dag. Noget af musikken i filmen bliver spillet af ham.<\/span>[\/vc_column_text][vc_empty_space height=&#8221;80px&#8221;][\/vc_column][\/vc_row][vc_row css_animation=&#8221;&#8221; row_type=&#8221;row&#8221; use_row_as_full_screen_section=&#8221;no&#8221; type=&#8221;full_width&#8221; angled_section=&#8221;no&#8221; text_align=&#8221;left&#8221; background_image_as_pattern=&#8221;without_pattern&#8221;][vc_column width=&#8221;1\/3&#8243;][vc_single_image image=&#8221;376&#8243; img_size=&#8221;full&#8221; alignment=&#8221;center&#8221; onclick=&#8221;link_image&#8221; qode_css_animation=&#8221;&#8221; css=&#8221;.vc_custom_1542100559764{padding-right: 0px !important;padding-bottom: 20px !important;padding-left: 0px !important;}&#8221;][vc_column_text]<\/p>\n<h3><span data-sheets-value=\"{&quot;1&quot;:2,&quot;2&quot;:&quot;Pistacien\u00f8ddefyren&quot;}\" data-sheets-userformat=\"{&quot;2&quot;:33555249,&quot;3&quot;:{&quot;1&quot;:0},&quot;7&quot;:{&quot;1&quot;:[{&quot;1&quot;:2,&quot;2&quot;:0,&quot;5&quot;:[null,2,12040119]},{&quot;1&quot;:0,&quot;2&quot;:0,&quot;3&quot;:3},{&quot;1&quot;:1,&quot;2&quot;:0,&quot;4&quot;:1}]},&quot;8&quot;:{&quot;1&quot;:[{&quot;1&quot;:2,&quot;2&quot;:0,&quot;5&quot;:[null,2,12040119]},{&quot;1&quot;:0,&quot;2&quot;:0,&quot;3&quot;:3},{&quot;1&quot;:1,&quot;2&quot;:0,&quot;4&quot;:1}]},&quot;11&quot;:4,&quot;12&quot;:0,&quot;28&quot;:1}\" data-sheets-formula=\"=VLOOKUP(R[0]C2,IMPORTRANGE(&quot;1EXCrbC9wjDuqob4uF-kdQN4ZtTWkok2VQCOp5e6f_WU&quot;,R1C1&amp;&quot;!$b$3:$i$100&quot;),4,false)\">Pistacien\u00f8ddefyren<\/span><\/h3>\n<h3>Navn: Ahmet<\/h3>\n<h3>Alder: 19<\/h3>\n<h3>Nationalitet: Syrisk<\/h3>\n<p>[\/vc_column_text][vc_empty_space height=&#8221;20px&#8221;][vc_column_text]<span style=\"font-weight: 400;\">Forlod Syrien for fem \u00e5r siden pga. borgerkrigen. Arbejder som gades\u00e6lger og s\u00e6lger forskellige slags frugt og n\u00f8dder afh\u00e6ngigt af s\u00e6sonen. Han bliver som regel en m\u00e5ned hvert sted, f\u00f8r han tager videre til et andet sted i byen.<\/span>[\/vc_column_text][vc_empty_space height=&#8221;80px&#8221;][\/vc_column][vc_column width=&#8221;1\/3&#8243;][vc_single_image image=&#8221;374&#8243; img_size=&#8221;full&#8221; alignment=&#8221;center&#8221; onclick=&#8221;link_image&#8221; qode_css_animation=&#8221;&#8221; css=&#8221;.vc_custom_1542100081906{padding-right: 0px !important;padding-bottom: 20px !important;padding-left: 0px !important;}&#8221;][vc_column_text]<\/p>\n<h3>Imam<\/h3>\n<h3>Navn: Atif Deniz<\/h3>\n<h3>Alder: 38<\/h3>\n<h3>Nationalitet: Tyrkisk<\/h3>\n<p>[\/vc_column_text][vc_empty_space height=&#8221;20px&#8221;][vc_column_text]<span style=\"font-weight: 400;\">Atif har v\u00e6ret imam siden 2002 og har arbejdet i denne moske i omkring et \u00e5r. Han er der hver dag for at deltage i de fem daglige b\u00f8nner. Udover b\u00f8nnerne hj\u00e6lper han ogs\u00e5 de mennesker, der kommer i moskeen for at f\u00e5 r\u00e5dgivning. Mange syriske flygtninge kommer i moskeen.<\/span>[\/vc_column_text][vc_empty_space height=&#8221;80px&#8221;][\/vc_column][vc_column width=&#8221;1\/3&#8243;][vc_single_image image=&#8221;399&#8243; img_size=&#8221;full&#8221; alignment=&#8221;center&#8221; onclick=&#8221;link_image&#8221; qode_css_animation=&#8221;&#8221; css=&#8221;.vc_custom_1542124955248{padding-right: 0px !important;padding-bottom: 20px !important;padding-left: 0px !important;}&#8221;][vc_column_text]<\/p>\n<h3>Bonde<\/h3>\n<h3>Navn: Abdul Aziz Muhammad<\/h3>\n<h3>Alder: 36<\/h3>\n<h3>Nationalitet: Syrisk<\/h3>\n<p>[\/vc_column_text][vc_empty_space height=&#8221;20px&#8221;][vc_column_text]<span style=\"font-weight: 400;\">Abdul er bonde, og han forlod Haseka i det nordlige Syrien i 2013. Hjemme i Syrien var han bomuldsbonde, men her i Torbali i Tyrkiet arbejder han i porremarkerne. Han har 7 b\u00f8rn, hvoraf den \u00e6ldste er 14, og den yngste kun 6 m\u00e5neder.<\/span>[\/vc_column_text][vc_empty_space height=&#8221;80px&#8221;][\/vc_column][\/vc_row][vc_row css_animation=&#8221;&#8221; row_type=&#8221;row&#8221; use_row_as_full_screen_section=&#8221;no&#8221; type=&#8221;full_width&#8221; angled_section=&#8221;no&#8221; text_align=&#8221;left&#8221; background_image_as_pattern=&#8221;without_pattern&#8221;][vc_column][vc_empty_space height=&#8221;80px&#8221;][\/vc_column][\/vc_row]<\/p>\n","protected":false},"excerpt":{"rendered":"<p>[vc_row css_animation=&#8221;&#8221; row_type=&#8221;row&#8221; use_row_as_full_screen_section=&#8221;no&#8221; type=&#8221;full_width&#8221; angled_section=&#8221;no&#8221; text_align=&#8221;left&#8221; background_image_as_pattern=&#8221;without_pattern&#8221;][vc_column][vc_empty_space height=&#8221;70&#8243;][\/vc_column][\/vc_row][vc_row css_animation=&#8221;&#8221; row_type=&#8221;row&#8221; use_row_as_full_screen_section=&#8221;no&#8221; type=&#8221;full_width&#8221; angled_section=&#8221;no&#8221; text_align=&#8221;left&#8221; background_image_as_pattern=&#8221;without_pattern&#8221;][vc_column][vc_single_image image=&#8221;614&#8243; img_size=&#8221;full&#8221; alignment=&#8221;center&#8221; qode_css_animation=&#8221;&#8221; css=&#8221;.vc_custom_1545329775632{padding-right: 40px !important;padding-left: 40px !important;}&#8221;][\/vc_column][\/vc_row][vc_row css_animation=&#8221;&#8221; row_type=&#8221;row&#8221; use_row_as_full_screen_section=&#8221;no&#8221; type=&#8221;full_width&#8221; angled_section=&#8221;no&#8221; text_align=&#8221;left&#8221; background_image_as_pattern=&#8221;without_pattern&#8221;][vc_column][vc_empty_space height=&#8221;40px&#8221;][\/vc_column][\/vc_row][vc_row css_animation=&#8221;&#8221; row_type=&#8221;row&#8221; use_row_as_full_screen_section=&#8221;no&#8221; type=&#8221;full_width&#8221; angled_section=&#8221;no&#8221; text_align=&#8221;left&#8221; background_image_as_pattern=&#8221;without_pattern&#8221;][vc_column width=&#8221;1\/2&#8243;][vc_single_image image=&#8221;509&#8243; img_size=&#8221;full&#8221; alignment=&#8221;center&#8221; qode_css_animation=&#8221;&#8221;&#8230;<\/p>\n","protected":false},"author":1,"featured_media":0,"parent":0,"menu_order":0,"comment_status":"closed","ping_status":"closed","template":"","meta":[],"_links":{"self":[{"href":"https:\/\/brothersacrossborders.com\/da\/wp-json\/wp\/v2\/pages\/186"}],"collection":[{"href":"https:\/\/brothersacrossborders.com\/da\/wp-json\/wp\/v2\/pages"}],"about":[{"href":"https:\/\/brothersacrossborders.com\/da\/wp-json\/wp\/v2\/types\/page"}],"author":[{"embeddable":true,"href":"https:\/\/brothersacrossborders.com\/da\/wp-json\/wp\/v2\/users\/1"}],"replies":[{"embeddable":true,"href":"https:\/\/brothersacrossborders.com\/da\/wp-json\/wp\/v2\/comments?post=186"}],"version-history":[{"count":54,"href":"https:\/\/brothersacrossborders.com\/da\/wp-json\/wp\/v2\/pages\/186\/revisions"}],"predecessor-version":[{"id":498,"href":"https:\/\/brothersacrossborders.com\/da\/wp-json\/wp\/v2\/pages\/186\/revisions\/498"}],"wp:attachment":[{"href":"https:\/\/brothersacrossborders.com\/da\/wp-json\/wp\/v2\/media?parent=186"}],"curies":[{"name":"wp","href":"https:\/\/api.w.org\/{rel}","templated":true}]}}